{"id":371973,"date":"2025-06-28T20:42:46","date_gmt":"2025-06-28T18:42:46","guid":{"rendered":"https:\/\/ab-marineservice.com\/product\/suzuki-wartungs-kit-17400-97810\/"},"modified":"2026-02-25T15:51:37","modified_gmt":"2026-02-25T14:51:37","slug":"suzuki-df2-df2-5-2012-wartungssatz-17400-97810","status":"publish","type":"product","link":"https:\/\/ab-marineservice.com\/de\/produkt\/suzuki-df2-df2-5-2012-wartungssatz-17400-97810\/","title":{"rendered":"Suzuki DF2 \/ DF2.5 (2012+) Wartungssatz 17400-97810"},"content":{"rendered":"<h3>Suzuki DF2 \/ DF2.5 (2012+) Wartungskit 17400-97810<\/h3>\n<p>Dieses Wartungskit enth\u00e4lt die wesentlichen Komponenten f\u00fcr die Wartung von Suzuki DF2 und DF2.5 Motoren ab Baujahr 2012.<\/p>\n<h4>Inhalt des Kits:<\/h4>\n<ul>\n<li><strong>Impeller<\/strong>: REC17461-97JM0<\/li>\n<li><strong>Z\u00fcndkerze<\/strong>: NGK CR6HSA<\/li>\n<li><strong>Splint<\/strong>: REC91490-30025<\/li>\n<li><strong>Dichtring \/ O-Ring<\/strong>: REC09168-10022<\/li>\n<li><strong>Dichtring Ablassschraube<\/strong>: REC09178-97J00 \u2013 2 St\u00fcck<\/li>\n<li><strong>Anode<\/strong>: REC55321-87J01AL<\/li>\n<li><strong>O-Ring<\/strong>: PAJAS0F404-19-033<\/li>\n<li><strong>Stift<\/strong>: PABG\/T8791-2.5X14<\/li>\n<li><strong>Platte<\/strong>: REC17471-97JL0<\/li>\n<li><strong>Pumpendeckeldichtung<\/strong>: REC17472-97JL0<\/li>\n<\/ul>\n<h4>\u00d6lmenge pro Modell:<\/h4>\n<ul>\n<li><strong>Suzuki DF2 \/ DF2.5 (2012+)<\/strong>: Motor\u00f6l (einschlie\u00dflich \u00d6lfilter): 0,38 Liter<\/li>\n<\/ul>\n<h4>Empfohlenes Motor\u00f6l:<\/h4>\n<p>Zum Wechseln des Motor\u00f6ls k\u00f6nnen Sie folgende Produkte verwenden:<\/p>\n<ul>\n<li><strong>5 Liter Motor\u00f6l Emperol<\/strong> (Viskosit\u00e4t: 10W-40): <a href=\"https:\/\/ab-marineservice.com\/de\/produkt\/emperol-10w-40-6\/\">Hier klicken, um zu kaufen<\/a><\/li>\n<li><strong>20 Liter Motor\u00f6l Synfleet SHPD<\/strong> (Viskosit\u00e4t: 10W-40): <a href=\"https:\/\/ab-marineservice.com\/de\/produkt\/synfleet-shpd-10w-40-20-liter\/\">Hier klicken, um zu kaufen<\/a><\/li>\n<li><strong>20 Liter Motor\u00f6l Multifleet SHPD<\/strong> (Viskosit\u00e4t: 10W-40): <a href=\"https:\/\/ab-marineservice.com\/de\/produkt\/multifleet-shpd-10w-40-3\/\">Hier klicken, um zu kaufen<\/a><\/li>\n<\/ul>\n<h4>Kompatibilit\u00e4t:<\/h4>\n<p>Dieses Wartungskit ist f\u00fcr Suzuki DF2 und DF2.5 Motoren ab 2012 geeignet. Stellen Sie sicher, dass Ihr Motor dem richtigen Modell entspricht, bevor Sie das Kit erwerben.<\/p>\n<h4>Wartungstipps:<\/h4>\n<p>Es wird empfohlen, das Motor\u00f6l j\u00e4hrlich oder alle 100 Betriebsstunden zu wechseln, abh\u00e4ngig von der Nutzung. Vergessen Sie nicht, die \u00d6lfilter, Kraftstofffilter, den Impeller und die Z\u00fcndkerzen regelm\u00e4\u00dfig zu ersetzen, um eine optimale Motorleistung sicherzustellen.<\/p>\n","protected":false},"excerpt":{"rendered":"<p>Dieses originale <strong>Wartungskit<\/strong> ist f\u00fcr Suzuki DF2 und DF2.5 Motoren ab 2012 geeignet. Mit der Artikelnummer <strong>17400-97810<\/strong> enth\u00e4lt das Kit alle wesentlichen Komponenten f\u00fcr eine vollst\u00e4ndige und zuverl\u00e4ssige Wartung, einschlie\u00dflich \u00d6lfilter, Kraftstofffilter, Z\u00fcndkerzen, Anoden, Impeller und Dichtringe. Alles, was Sie f\u00fcr eine optimale Motorwartung ben\u00f6tigen, in einem kompletten Kit.<\/p>\n","protected":false},"featured_media":370248,"comment_status":"open","ping_status":"closed","template":"","meta":[],"location":[],"product_brand":[],"product_cat":[1436,27546],"product_tag":[],"class_list":{"0":"post-371973","1":"product","2":"type-product","3":"status-publish","4":"has-post-thumbnail","6":"product_cat-wartung","7":"product_cat-suzuki-service-kit","8":"product_shipping_class-paket-0-10-kg","10":"first","11":"instock","12":"sale","13":"taxable","14":"shipping-taxable","15":"purchasable","16":"product-type-simple"},"group_of_quantity":0,"min_quantity":0,"max_quantity":"","exclude_order_quantity_value_rules":"no","exclude_category_quantity_rules":"no","combine_variations":"no","locations":[{"id":4275,"name":"AES Emmeloord","slug":"aes-emmeloord","quantity":""},{"id":4276,"name":"AES Lemmer","slug":"aes-lemmer","quantity":""}],"_links":{"self":[{"href":"https:\/\/ab-marineservice.com\/de\/wp-json\/wp\/v2\/product\/371973","targetHints":{"allow":["GET"]}}],"collection":[{"href":"https:\/\/ab-marineservice.com\/de\/wp-json\/wp\/v2\/product"}],"about":[{"href":"https:\/\/ab-marineservice.com\/de\/wp-json\/wp\/v2\/types\/product"}],"replies":[{"embeddable":true,"href":"https:\/\/ab-marineservice.com\/de\/wp-json\/wp\/v2\/comments?post=371973"}],"wp:featuredmedia":[{"embeddable":true,"href":"https:\/\/ab-marineservice.com\/de\/wp-json\/wp\/v2\/media\/370248"}],"wp:attachment":[{"href":"https:\/\/ab-marineservice.com\/de\/wp-json\/wp\/v2\/media?parent=371973"}],"wp:term":[{"taxonomy":"location","embeddable":true,"href":"https:\/\/ab-marineservice.com\/de\/wp-json\/wp\/v2\/location?post=371973"},{"taxonomy":"product_brand","embeddable":true,"href":"https:\/\/ab-marineservice.com\/de\/wp-json\/wp\/v2\/product_brand?post=371973"},{"taxonomy":"product_cat","embeddable":true,"href":"https:\/\/ab-marineservice.com\/de\/wp-json\/wp\/v2\/product_cat?post=371973"},{"taxonomy":"product_tag","embeddable":true,"href":"https:\/\/ab-marineservice.com\/de\/wp-json\/wp\/v2\/product_tag?post=371973"}],"curies":[{"name":"wp","href":"https:\/\/api.w.org\/{rel}","templated":true}]}}