{"id":371974,"date":"2025-06-28T20:42:46","date_gmt":"2025-06-28T18:42:46","guid":{"rendered":"https:\/\/ab-marineservice.com\/product\/yamaha-wartungskit-reckitf6a-f6-f8-f9\/"},"modified":"2026-02-24T15:36:59","modified_gmt":"2026-02-24T14:36:59","slug":"yamaha-f6-a-b-f8-c-f8f-f9-9f-f9-9j-wartungskit-reckitf6a","status":"publish","type":"product","link":"https:\/\/ab-marineservice.com\/de\/produkt\/yamaha-f6-a-b-f8-c-f8f-f9-9f-f9-9j-wartungskit-reckitf6a\/","title":{"rendered":"Yamaha F6 A\/B \/ F8 C \/ F8F \/ F9.9F \/ F9.9J Wartungskit RECKITF6A"},"content":{"rendered":"<h3>Yamaha F6 A\/B \/ F8 C \/ F8F \/ F9.9F \/ F9.9J Wartungskit RECKITF6A<\/h3>\n<p>Dieses Wartungskit enth\u00e4lt die wesentlichen Teile f\u00fcr die Wartung der Yamaha F6 A\/B, F8 C, F8F, F9.9F und F9.9J Motoren.<\/p>\n<h4>Inhalt des Kits:<\/h4>\n<ul>\n<li><strong>Z\u00fcndkerze<\/strong>: NGK BR6HS-10 \u2013 2 St\u00fcck<\/li>\n<li><strong>Anode<\/strong>: PAF4-04070003<\/li>\n<li><strong>O-Ring<\/strong>: PAJAS04F0431-025<\/li>\n<li><strong>O-Ring<\/strong>: PABG\/T3452.1-13X2<\/li>\n<li><strong>Kraftstofffilter<\/strong>: REC68T-24251-00<\/li>\n<li><strong>Kraftstoffrohrfeder (Feder)<\/strong>: PAF4-04000030 \u2013 2 St\u00fcck<\/li>\n<li><strong>Dichtungsring (Unterlegscheibe)<\/strong>: REC09168-12017<\/li>\n<li><strong>Anode<\/strong>: REC68T-45251-00AL<\/li>\n<li><strong>Dichtungsring Ablassschraube<\/strong>: REC90430-08020 \u2013 2 St\u00fcck<\/li>\n<li><strong>Anode<\/strong>: REC67F-45371-00AL<\/li>\n<li><strong>Splint<\/strong>: REC91490-30025<\/li>\n<li><strong>Wasserpumpen-Reparaturset<\/strong>: REC68T-W0078-00<\/li>\n<\/ul>\n<h4>\u00d6lmenge pro Modell:<\/h4>\n<ul>\n<li><strong>Yamaha F6 A\/B, F8 C, F8F, F9.9F, F9.9J<\/strong>: Motor\u00f6l (einschlie\u00dflich \u00d6lfilter): 0,8 Liter<\/li>\n<\/ul>\n<h4>Empfohlenes Motor\u00f6l:<\/h4>\n<p>Zum Wechseln des Motor\u00f6ls k\u00f6nnen Sie die folgenden Produkte verwenden:<\/p>\n<ul>\n<li><strong>5 Liter Asyntho Motor\u00f6l<\/strong> (Viskosit\u00e4t: 5W-30): <a href=\"https:\/\/ab-marineservice.com\/de\/produkt\/asyntho-5w-30-6\/\">Hier klicken, um zu kaufen<\/a><\/li>\n<li><strong>5 Liter Emperol Motor\u00f6l<\/strong> (Viskosit\u00e4t: 10W-40): <a href=\"https:\/\/ab-marineservice.com\/de\/produkt\/emperol-10w-40-6\/\">Hier klicken, um zu kaufen<\/a><\/li>\n<li><strong>5 Liter HDX Motor\u00f6l<\/strong> (Viskosit\u00e4t: 10W-40): <a href=\"https:\/\/ab-marineservice.com\/de\/produkt\/hdx-10w-40-4\/\">Hier klicken, um zu kaufen<\/a><\/li>\n<\/ul>\n<h4>Kompatibilit\u00e4t:<\/h4>\n<p>Dieses Wartungskit ist f\u00fcr die Yamaha F6 A\/B, F8 C, F8F, F9.9F und F9.9J Motoren geeignet. Stellen Sie sicher, dass Ihr Motor dem richtigen Modell entspricht, bevor Sie das Kit kaufen.<\/p>\n<h4>Wartungstipps:<\/h4>\n<p>Es wird empfohlen, das Motor\u00f6l j\u00e4hrlich oder alle 100 Betriebsstunden zu wechseln, abh\u00e4ngig von der Nutzung. Vergessen Sie nicht, die \u00d6lfilter, Kraftstofffilter, den Impeller und die Z\u00fcndkerzen regelm\u00e4\u00dfig zu wechseln, um eine optimale Motorleistung zu gew\u00e4hrleisten.<\/p>\n","protected":false},"excerpt":{"rendered":"<p>Dieses originale <strong>Wartungskit<\/strong> ist f\u00fcr die Yamaha F6 A\/B, F8 C, F8F, F9.9F und F9.9J Motoren geeignet. Mit der Artikelnummer <strong>RECKITF6A<\/strong> enth\u00e4lt das Kit alle wesentlichen Teile f\u00fcr eine vollst\u00e4ndige und zuverl\u00e4ssige Wartung, einschlie\u00dflich \u00d6lfilter, Kraftstofffilter, Z\u00fcndkerzen, Anoden, Wasserpumpen-Reparaturset und Dichtungen. Alles, was Sie f\u00fcr eine optimale Motorwartung ben\u00f6tigen, in einem kompletten Kit.<\/p>\n","protected":false},"featured_media":401851,"comment_status":"open","ping_status":"closed","template":"","meta":[],"location":[],"product_brand":[],"product_cat":[1222,1436,27543],"product_tag":[],"class_list":{"0":"post-371974","1":"product","2":"type-product","3":"status-publish","4":"has-post-thumbnail","6":"product_cat-motorteile","7":"product_cat-wartung","8":"product_cat-yamaha-service-kit","9":"product_shipping_class-paket-0-10-kg","11":"first","12":"onbackorder","13":"sale","14":"taxable","15":"shipping-taxable","16":"purchasable","17":"product-type-simple"},"group_of_quantity":0,"min_quantity":0,"max_quantity":"","exclude_order_quantity_value_rules":"no","exclude_category_quantity_rules":"no","combine_variations":"no","locations":[{"id":4275,"name":"AES Emmeloord","slug":"aes-emmeloord","quantity":""},{"id":4276,"name":"AES Lemmer","slug":"aes-lemmer","quantity":""}],"_links":{"self":[{"href":"https:\/\/ab-marineservice.com\/de\/wp-json\/wp\/v2\/product\/371974","targetHints":{"allow":["GET"]}}],"collection":[{"href":"https:\/\/ab-marineservice.com\/de\/wp-json\/wp\/v2\/product"}],"about":[{"href":"https:\/\/ab-marineservice.com\/de\/wp-json\/wp\/v2\/types\/product"}],"replies":[{"embeddable":true,"href":"https:\/\/ab-marineservice.com\/de\/wp-json\/wp\/v2\/comments?post=371974"}],"wp:featuredmedia":[{"embeddable":true,"href":"https:\/\/ab-marineservice.com\/de\/wp-json\/wp\/v2\/media\/401851"}],"wp:attachment":[{"href":"https:\/\/ab-marineservice.com\/de\/wp-json\/wp\/v2\/media?parent=371974"}],"wp:term":[{"taxonomy":"location","embeddable":true,"href":"https:\/\/ab-marineservice.com\/de\/wp-json\/wp\/v2\/location?post=371974"},{"taxonomy":"product_brand","embeddable":true,"href":"https:\/\/ab-marineservice.com\/de\/wp-json\/wp\/v2\/product_brand?post=371974"},{"taxonomy":"product_cat","embeddable":true,"href":"https:\/\/ab-marineservice.com\/de\/wp-json\/wp\/v2\/product_cat?post=371974"},{"taxonomy":"product_tag","embeddable":true,"href":"https:\/\/ab-marineservice.com\/de\/wp-json\/wp\/v2\/product_tag?post=371974"}],"curies":[{"name":"wp","href":"https:\/\/api.w.org\/{rel}","templated":true}]}}