{"id":371980,"date":"2025-06-28T20:42:46","date_gmt":"2025-06-28T18:42:46","guid":{"rendered":"https:\/\/ab-marineservice.com\/product\/yamaha-wartungskit-reckitf100d\/"},"modified":"2026-02-24T15:45:23","modified_gmt":"2026-02-24T14:45:23","slug":"yamaha-f100d-2005-wartungssatz-reckitf100d","status":"publish","type":"product","link":"https:\/\/ab-marineservice.com\/de\/produkt\/yamaha-f100d-2005-wartungssatz-reckitf100d\/","title":{"rendered":"Yamaha F100D (2005+) Wartungssatz RECKITF100D"},"content":{"rendered":"<h3>Yamaha F100D (2005+) Wartungskit RECKITF100D<\/h3>\n<p>Dieses Wartungskit enth\u00e4lt die wesentlichen Teile f\u00fcr die Wartung der Yamaha F100D Au\u00dfenbordmotoren ab dem Jahr 2005.<\/p>\n<h4>Inhalt des Kits:<\/h4>\n<ul>\n<li><strong>Anode<\/strong>: REC6E5-11325-00AL \u2013 3 St\u00fcck<\/li>\n<li><strong>\u00d6lfilter<\/strong>: REC5GH-13440-00<\/li>\n<li><strong>Anode<\/strong>: REC67F-11325-01AL<\/li>\n<li><strong>O-Ring<\/strong>: PAJAS04F0431-025<\/li>\n<li><strong>Thermostat<\/strong>: REC6D9-12411-00<\/li>\n<li><strong>Z\u00fcndkerze<\/strong>: NGK LFR5A-11 \u2013 4 St\u00fcck<\/li>\n<li><strong>Kraftstofffilter<\/strong>: REC6C5-13915-00<\/li>\n<li><strong>Kraftstofffilter<\/strong>: REC6C5-24251-00<\/li>\n<li><strong>Kraftstofffilter<\/strong>: REC6D8-WS24A-00<\/li>\n<li><strong>O-Ring<\/strong>: PABG\/T3452-1.32.5X1.8<\/li>\n<li><strong>Anode<\/strong>: REC6H1-45251-03AL<\/li>\n<li><strong>Dichtungsring (Unterlegscheibe)<\/strong>: PAF15-04000003<\/li>\n<li><strong>Dichtungsring Ablassschraube<\/strong>: REC90430-08020 \u2013 2 St\u00fcck<\/li>\n<li><strong>Anode<\/strong>: REC67F-45371-00<\/li>\n<li><strong>Anode<\/strong>: REC67F-45251-00<\/li>\n<li><strong>Splint<\/strong>: REC91490-30025<\/li>\n<li><strong>Wasserpumpen-Reparaturset<\/strong>: REC67F-W0078-00<\/li>\n<\/ul>\n<h4>\u00d6lmenge pro Modell:<\/h4>\n<ul>\n<li><strong>Yamaha F100D (2005+)<\/strong>: Motor\u00f6l (einschlie\u00dflich \u00d6lfilter): 3,2 Liter<\/li>\n<\/ul>\n<h4>Empfohlenes Motor\u00f6l:<\/h4>\n<p>Zum Wechseln des Motor\u00f6ls k\u00f6nnen Sie die folgenden Produkte verwenden:<\/p>\n<ul>\n<li><strong>5 Liter Asyntho Motor\u00f6l<\/strong> (Viskosit\u00e4t: 5W-30): <a href=\"https:\/\/ab-marineservice.com\/de\/produkt\/asyntho-5w-30-6\/\">Hier klicken, um zu kaufen<\/a><\/li>\n<li><strong>5 Liter Emperol Motor\u00f6l<\/strong> (Viskosit\u00e4t: 10W-40): <a href=\"https:\/\/ab-marineservice.com\/de\/produkt\/emperol-10w-40-6\/\">Hier klicken, um zu kaufen<\/a><\/li>\n<li><strong>20 Liter Synfleet SHPD Motor\u00f6l<\/strong> (Viskosit\u00e4t: 10W-40): <a href=\"https:\/\/ab-marineservice.com\/de\/produkt\/synfleet-shpd-10w-40-20-liter\/\">Hier klicken, um zu kaufen<\/a><\/li>\n<\/ul>\n<h4>Kompatibilit\u00e4t:<\/h4>\n<p>Dieses Wartungskit ist f\u00fcr die Yamaha F100D Au\u00dfenbordmotoren ab 2005 geeignet. Stellen Sie sicher, dass Ihr Motor dem richtigen Modell entspricht, bevor Sie das Kit kaufen.<\/p>\n<h4>Wartungstipps:<\/h4>\n<p>Es wird empfohlen, das Motor\u00f6l j\u00e4hrlich oder alle 100 Betriebsstunden zu wechseln, abh\u00e4ngig von der Nutzung. \u00dcberpr\u00fcfen Sie au\u00dferdem regelm\u00e4\u00dfig den Impeller, die Anoden und die Kraftstofffilter, um eine optimale Leistung und eine lange Lebensdauer Ihres Motors zu gew\u00e4hrleisten.<\/p>\n","protected":false},"excerpt":{"rendered":"<p>Dieses originale <strong>Wartungskit<\/strong> ist f\u00fcr die Yamaha F100D Au\u00dfenbordmotoren ab 2005 geeignet. Mit der Artikelnummer <strong>RECKITF100D<\/strong> enth\u00e4lt das Kit alle wesentlichen Teile f\u00fcr eine vollst\u00e4ndige und zuverl\u00e4ssige Wartung, einschlie\u00dflich \u00d6lfilter, Kraftstofffilter, Z\u00fcndkerzen, Anoden, Wasserpumpen-Reparaturset und Dichtungen. Alles, was Sie f\u00fcr eine optimale Motorwartung ben\u00f6tigen, in einem kompletten Kit.<\/p>\n","protected":false},"featured_media":370276,"comment_status":"open","ping_status":"closed","template":"","meta":[],"location":[],"product_brand":[],"product_cat":[1222,1436,27543],"product_tag":[],"class_list":{"0":"post-371980","1":"product","2":"type-product","3":"status-publish","4":"has-post-thumbnail","6":"product_cat-motorteile","7":"product_cat-wartung","8":"product_cat-yamaha-service-kit","9":"product_shipping_class-paket-0-10-kg","11":"first","12":"instock","13":"sale","14":"taxable","15":"shipping-taxable","16":"purchasable","17":"product-type-simple"},"group_of_quantity":0,"min_quantity":0,"max_quantity":"","exclude_order_quantity_value_rules":"no","exclude_category_quantity_rules":"no","combine_variations":"no","locations":[{"id":4275,"name":"AES Emmeloord","slug":"aes-emmeloord","quantity":""},{"id":4276,"name":"AES Lemmer","slug":"aes-lemmer","quantity":""}],"_links":{"self":[{"href":"https:\/\/ab-marineservice.com\/de\/wp-json\/wp\/v2\/product\/371980","targetHints":{"allow":["GET"]}}],"collection":[{"href":"https:\/\/ab-marineservice.com\/de\/wp-json\/wp\/v2\/product"}],"about":[{"href":"https:\/\/ab-marineservice.com\/de\/wp-json\/wp\/v2\/types\/product"}],"replies":[{"embeddable":true,"href":"https:\/\/ab-marineservice.com\/de\/wp-json\/wp\/v2\/comments?post=371980"}],"wp:featuredmedia":[{"embeddable":true,"href":"https:\/\/ab-marineservice.com\/de\/wp-json\/wp\/v2\/media\/370276"}],"wp:attachment":[{"href":"https:\/\/ab-marineservice.com\/de\/wp-json\/wp\/v2\/media?parent=371980"}],"wp:term":[{"taxonomy":"location","embeddable":true,"href":"https:\/\/ab-marineservice.com\/de\/wp-json\/wp\/v2\/location?post=371980"},{"taxonomy":"product_brand","embeddable":true,"href":"https:\/\/ab-marineservice.com\/de\/wp-json\/wp\/v2\/product_brand?post=371980"},{"taxonomy":"product_cat","embeddable":true,"href":"https:\/\/ab-marineservice.com\/de\/wp-json\/wp\/v2\/product_cat?post=371980"},{"taxonomy":"product_tag","embeddable":true,"href":"https:\/\/ab-marineservice.com\/de\/wp-json\/wp\/v2\/product_tag?post=371980"}],"curies":[{"name":"wp","href":"https:\/\/api.w.org\/{rel}","templated":true}]}}