{"id":371991,"date":"2025-06-28T20:44:21","date_gmt":"2025-06-28T18:44:21","guid":{"rendered":"https:\/\/ab-marineservice.com\/product\/yamaha-service-kit-f70a-2011\/"},"modified":"2026-02-24T15:32:18","modified_gmt":"2026-02-24T14:32:18","slug":"yamaha-f70a-2011-wartungssatz","status":"publish","type":"product","link":"https:\/\/ab-marineservice.com\/de\/produkt\/yamaha-f70a-2011-wartungssatz\/","title":{"rendered":"Yamaha F70A (2011+) Wartungssatz"},"content":{"rendered":"<h3>Yamaha F70A (2011+) Wartungskit<\/h3>\n<p>Dieses Wartungskit enth\u00e4lt die wesentlichen Teile f\u00fcr die Wartung der Yamaha F70A Au\u00dfenbordmotoren ab dem Jahr 2011.<\/p>\n<h4>Inhalt des Kits:<\/h4>\n<ul>\n<li><strong>Wasserpumpen-Reparaturset<\/strong>: PAF15-07000031<\/li>\n<li><strong>Thermostat<\/strong>: REC6H3-12414-A1<\/li>\n<li><strong>Dichtung<\/strong>: REC6G1-13440-60<\/li>\n<li><strong>Anode<\/strong>: REC62Y-11325-00AL \u2013 4 St\u00fcck<\/li>\n<li><strong>O-Ring<\/strong>: PAF4-04070003 \u2013 3 St\u00fcck<\/li>\n<li><strong>Z\u00fcndkerze<\/strong>: NGK LKR7E \u2013 4 St\u00fcck<\/li>\n<li><strong>Kraftstofffilter VST<\/strong>: REC65L-13915-00<\/li>\n<li><strong>Kraftstofffilter<\/strong>: REC6D8-WS24A-00<\/li>\n<li><strong>O-Ring<\/strong>: REC93210-32738<\/li>\n<li><strong>Anode<\/strong>: REC60E-45251-12AL<\/li>\n<li><strong>Dichtungsring Ablassschraube<\/strong>: REC90430-08020 \u2013 2 St\u00fcck<\/li>\n<li><strong>Anode<\/strong>: REC67F-45371-00AL<\/li>\n<li><strong>Splint<\/strong>: REC91490-30025<\/li>\n<li><strong>Wasserpumpen-Reparaturset<\/strong>: REC6CJ-W0078-00<\/li>\n<\/ul>\n<h4>\u00d6lmenge pro Modell:<\/h4>\n<ul>\n<li><strong>Yamaha F70A (2011+)<\/strong>: Motor\u00f6l (einschlie\u00dflich \u00d6lfilter): 2,1 Liter<\/li>\n<\/ul>\n<h4>Empfohlenes Motor\u00f6l:<\/h4>\n<p>Zum Wechseln des Motor\u00f6ls k\u00f6nnen Sie die folgenden Produkte verwenden:<\/p>\n<ul>\n<li><strong>5 Liter Emperol Motor\u00f6l<\/strong> (Viskosit\u00e4t: 10W-40): <a href=\"https:\/\/ab-marineservice.com\/de\/produkt\/emperol-10w-40-6\/\">Hier klicken, um zu kaufen<\/a><\/li>\n<li><strong>5 Liter HDX Motor\u00f6l<\/strong> (Viskosit\u00e4t: 10W-40): <a href=\"https:\/\/ab-marineservice.com\/de\/produkt\/hdx-10w-40-4\/\">Hier klicken, um zu kaufen<\/a><\/li>\n<li><strong>20 Liter Multifleet SHPD Motor\u00f6l<\/strong> (Viskosit\u00e4t: 10W-40): <a href=\"https:\/\/ab-marineservice.com\/de\/produkt\/multifleet-shpd-10w-40-3\/\">Hier klicken, um zu kaufen<\/a><\/li>\n<\/ul>\n<h4>Kompatibilit\u00e4t:<\/h4>\n<p>Dieses Wartungskit ist f\u00fcr die Yamaha F70A Au\u00dfenbordmotoren ab 2011 geeignet. Stellen Sie sicher, dass Ihr Motor dem richtigen Modell entspricht, bevor Sie das Kit kaufen.<\/p>\n<h4>Wartungstipps:<\/h4>\n<p>Es wird empfohlen, das Motor\u00f6l j\u00e4hrlich oder alle 100 Betriebsstunden zu wechseln, abh\u00e4ngig von der Nutzung. \u00dcberpr\u00fcfen Sie au\u00dferdem regelm\u00e4\u00dfig den Impeller, die Anoden und die Kraftstofffilter, um eine optimale Leistung und eine lange Lebensdauer Ihres Motors zu gew\u00e4hrleisten.<\/p>\n","protected":false},"excerpt":{"rendered":"<p>Dieses komplette <strong>Wartungskit<\/strong> ist f\u00fcr Yamaha F70A Au\u00dfenbordmotoren ab 2011 geeignet. Das Kit enth\u00e4lt alle wesentlichen Teile f\u00fcr eine vollst\u00e4ndige und zuverl\u00e4ssige Wartung, einschlie\u00dflich Wasserpumpen-Reparatursets, Kraftstofffilter, Z\u00fcndkerzen, Anoden, Thermostat sowie verschiedene Dichtungen und O-Ringe. Alles, was Sie f\u00fcr eine professionelle Motorwartung in einem Kit ben\u00f6tigen.<\/p>\n","protected":false},"featured_media":401841,"comment_status":"open","ping_status":"closed","template":"","meta":[],"location":[],"product_brand":[],"product_cat":[1222,1436,27543],"product_tag":[],"class_list":{"0":"post-371991","1":"product","2":"type-product","3":"status-publish","4":"has-post-thumbnail","6":"product_cat-motorteile","7":"product_cat-wartung","8":"product_cat-yamaha-service-kit","9":"product_shipping_class-paket-0-10-kg","11":"first","12":"instock","13":"sale","14":"taxable","15":"shipping-taxable","16":"purchasable","17":"product-type-simple"},"group_of_quantity":0,"min_quantity":0,"max_quantity":"","exclude_order_quantity_value_rules":"no","exclude_category_quantity_rules":"no","combine_variations":"no","locations":[{"id":4275,"name":"AES Emmeloord","slug":"aes-emmeloord","quantity":""},{"id":4276,"name":"AES Lemmer","slug":"aes-lemmer","quantity":""}],"_links":{"self":[{"href":"https:\/\/ab-marineservice.com\/de\/wp-json\/wp\/v2\/product\/371991","targetHints":{"allow":["GET"]}}],"collection":[{"href":"https:\/\/ab-marineservice.com\/de\/wp-json\/wp\/v2\/product"}],"about":[{"href":"https:\/\/ab-marineservice.com\/de\/wp-json\/wp\/v2\/types\/product"}],"replies":[{"embeddable":true,"href":"https:\/\/ab-marineservice.com\/de\/wp-json\/wp\/v2\/comments?post=371991"}],"wp:featuredmedia":[{"embeddable":true,"href":"https:\/\/ab-marineservice.com\/de\/wp-json\/wp\/v2\/media\/401841"}],"wp:attachment":[{"href":"https:\/\/ab-marineservice.com\/de\/wp-json\/wp\/v2\/media?parent=371991"}],"wp:term":[{"taxonomy":"location","embeddable":true,"href":"https:\/\/ab-marineservice.com\/de\/wp-json\/wp\/v2\/location?post=371991"},{"taxonomy":"product_brand","embeddable":true,"href":"https:\/\/ab-marineservice.com\/de\/wp-json\/wp\/v2\/product_brand?post=371991"},{"taxonomy":"product_cat","embeddable":true,"href":"https:\/\/ab-marineservice.com\/de\/wp-json\/wp\/v2\/product_cat?post=371991"},{"taxonomy":"product_tag","embeddable":true,"href":"https:\/\/ab-marineservice.com\/de\/wp-json\/wp\/v2\/product_tag?post=371991"}],"curies":[{"name":"wp","href":"https:\/\/api.w.org\/{rel}","templated":true}]}}