{"id":371994,"date":"2025-06-28T20:44:21","date_gmt":"2025-06-28T18:44:21","guid":{"rendered":"https:\/\/ab-marineservice.com\/product\/mercury-wartungs-kit-9-9-15-ps\/"},"modified":"2026-02-25T15:00:03","modified_gmt":"2026-02-25T14:00:03","slug":"mercury-9-9-15-ps-wartungssatz","status":"publish","type":"product","link":"https:\/\/ab-marineservice.com\/de\/produkt\/mercury-9-9-15-ps-wartungssatz\/","title":{"rendered":"Mercury 9.9 &#8211; 15 PS Wartungssatz"},"content":{"rendered":"<h3>Mercury 9.9 &#8211; 15 PS Wartungskit<\/h3>\n<p>Dieses Wartungskit enth\u00e4lt die wesentlichen Teile f\u00fcr die Wartung von Mercury 9.9 und 15 PS Au\u00dfenbordmotoren.<\/p>\n<h4>Inhalt des Kits:<\/h4>\n<ul>\n<li><strong>Z\u00fcndkerze<\/strong>: NGK DPR6EA-9 \u2013 2 St\u00fcck<\/li>\n<li><strong>Anode<\/strong>: REC42121-02AL<\/li>\n<li><strong>Anode<\/strong>: PAF15-07010008 \u2013 2 St\u00fcck<\/li>\n<li><strong>Dichtring Ablassschraube<\/strong>: REC09168-10022<\/li>\n<li><strong>Thermostat<\/strong>: REC6AH-12411-00<\/li>\n<li><strong>Thermostatdichtung<\/strong>: REC6H3-12414-A1<\/li>\n<li><strong>Kraftstofffilter<\/strong>: PAF4-05000300<\/li>\n<li><strong>Dichtring Ablassschraube<\/strong>: REC12-191833 \u2013 2 St\u00fcck<\/li>\n<li><strong>\u00d6lfilter<\/strong>: REC35-822626Q03<\/li>\n<li><strong>Anodengeh\u00e4use (Grommet)<\/strong>: PAF15-07010009<\/li>\n<li><strong>Impeller<\/strong>: REC47-420382<\/li>\n<li><strong>Passfeder (Key)<\/strong>: REC42-42376A2<\/li>\n<li><strong>Pumpendeckeldichtung<\/strong>: REC27-1920001<\/li>\n<li><strong>Pumpendeckeldichtung<\/strong>: REC27-192043<\/li>\n<\/ul>\n<h4>\u00d6lmenge pro Modell:<\/h4>\n<ul>\n<li><strong>Mercury 9.9 &#8211; 15 PS<\/strong>: Motor\u00f6l (einschlie\u00dflich \u00d6lfilter): 1 Liter<\/li>\n<\/ul>\n<h4>Empfohlenes Motor\u00f6l:<\/h4>\n<p><strong>Zweitakt:<\/strong><\/p>\n<ul>\n<li><strong>5 Liter Motor\u00f6l Atlantic 2T DFI:<\/strong> <a href=\"https:\/\/ab-marineservice.com\/de\/produkt\/atlantic-2t-dfi-5-liter\/\">Hier klicken, um zu kaufen<\/a><\/li>\n<li><strong>1 Liter Motor\u00f6l Atlantic 2T Outboard:<\/strong> <a href=\"https:\/\/ab-marineservice.com\/de\/produkt\/zweitakt-motorol-l-kroon-ol-1l\/\">Hier klicken, um zu kaufen<\/a><\/li>\n<\/ul>\n<p><strong>Viertakt:<\/strong><\/p>\n<ul>\n<li><strong>1 Liter Motor\u00f6l Atlantic 4T<\/strong> (Viskosit\u00e4t: 10W-30): <a href=\"https:\/\/ab-marineservice.com\/de\/produkt\/1l-motorol-10w-30-l-viertakt-motorol-fur-ausenborder\/\">Hier klicken, um zu kaufen<\/a><\/li>\n<\/ul>\n<h4>Kompatibilit\u00e4t:<\/h4>\n<p>Dieses Wartungskit ist f\u00fcr Mercury 9.9 und 15 PS Au\u00dfenbordmotoren geeignet. \u00dcberpr\u00fcfen Sie stets den genauen Motortyp, bevor Sie das Kit erwerben.<\/p>\n<h4>Wartungstipps:<\/h4>\n<p>Es wird empfohlen, das Motor\u00f6l j\u00e4hrlich oder alle 100 Betriebsstunden zu wechseln, abh\u00e4ngig von der Nutzung. Vergessen Sie nicht, die \u00d6lfilter, Kraftstofffilter, den Impeller, das Thermostat und die Z\u00fcndkerzen regelm\u00e4\u00dfig zu ersetzen, um eine optimale Motorleistung sicherzustellen.<\/p>\n","protected":false},"excerpt":{"rendered":"<p>Dieses originale <strong>Wartungskit<\/strong> ist f\u00fcr Mercury 9.9 und 15 PS Au\u00dfenbordmotoren geeignet. Das Kit enth\u00e4lt alle wesentlichen Komponenten f\u00fcr eine vollst\u00e4ndige und zuverl\u00e4ssige Wartung, einschlie\u00dflich \u00d6lfilter, Kraftstofffilter, Z\u00fcndkerzen, Anoden, Impeller, Thermostat und Dichtringe. Alles, was Sie f\u00fcr eine optimale Motorwartung ben\u00f6tigen, in einem kompletten Kit.<\/p>\n","protected":false},"featured_media":370332,"comment_status":"open","ping_status":"closed","template":"","meta":[],"location":[],"product_brand":[],"product_cat":[1436,27549],"product_tag":[],"class_list":{"0":"post-371994","1":"product","2":"type-product","3":"status-publish","4":"has-post-thumbnail","6":"product_cat-wartung","7":"product_cat-mercury-service-kit","8":"product_shipping_class-paket-0-10-kg","10":"first","11":"onbackorder","12":"sale","13":"taxable","14":"shipping-taxable","15":"purchasable","16":"product-type-simple"},"group_of_quantity":0,"min_quantity":0,"max_quantity":"","exclude_order_quantity_value_rules":"no","exclude_category_quantity_rules":"no","combine_variations":"no","locations":[{"id":4275,"name":"AES Emmeloord","slug":"aes-emmeloord","quantity":""},{"id":4276,"name":"AES Lemmer","slug":"aes-lemmer","quantity":""}],"_links":{"self":[{"href":"https:\/\/ab-marineservice.com\/de\/wp-json\/wp\/v2\/product\/371994","targetHints":{"allow":["GET"]}}],"collection":[{"href":"https:\/\/ab-marineservice.com\/de\/wp-json\/wp\/v2\/product"}],"about":[{"href":"https:\/\/ab-marineservice.com\/de\/wp-json\/wp\/v2\/types\/product"}],"replies":[{"embeddable":true,"href":"https:\/\/ab-marineservice.com\/de\/wp-json\/wp\/v2\/comments?post=371994"}],"wp:featuredmedia":[{"embeddable":true,"href":"https:\/\/ab-marineservice.com\/de\/wp-json\/wp\/v2\/media\/370332"}],"wp:attachment":[{"href":"https:\/\/ab-marineservice.com\/de\/wp-json\/wp\/v2\/media?parent=371994"}],"wp:term":[{"taxonomy":"location","embeddable":true,"href":"https:\/\/ab-marineservice.com\/de\/wp-json\/wp\/v2\/location?post=371994"},{"taxonomy":"product_brand","embeddable":true,"href":"https:\/\/ab-marineservice.com\/de\/wp-json\/wp\/v2\/product_brand?post=371994"},{"taxonomy":"product_cat","embeddable":true,"href":"https:\/\/ab-marineservice.com\/de\/wp-json\/wp\/v2\/product_cat?post=371994"},{"taxonomy":"product_tag","embeddable":true,"href":"https:\/\/ab-marineservice.com\/de\/wp-json\/wp\/v2\/product_tag?post=371994"}],"curies":[{"name":"wp","href":"https:\/\/api.w.org\/{rel}","templated":true}]}}