{"id":371997,"date":"2025-06-28T20:44:21","date_gmt":"2025-06-28T18:44:21","guid":{"rendered":"https:\/\/ab-marineservice.com\/product\/mercury-wartungskit-15-20-ps-selva\/"},"modified":"2026-02-25T14:51:11","modified_gmt":"2026-02-25T13:51:11","slug":"mercury-wartungskit-15-20-ps-selva","status":"publish","type":"product","link":"https:\/\/ab-marineservice.com\/de\/produkt\/mercury-wartungskit-15-20-ps-selva\/","title":{"rendered":"Mercury Wartungskit 15 &#8211; 20 PS Selva"},"content":{"rendered":"<h3>Mercury Wartungskit 15 &#8211; 20 PS Selva<\/h3>\n<p>Dieses Wartungskit enth\u00e4lt die wesentlichen Teile f\u00fcr die Wartung der Mercury 15 und 20 PS Selva Au\u00dfenbordmotoren.<\/p>\n<h4>Inhalt des Kits:<\/h4>\n<ul>\n<li><strong>Z\u00fcndkerze<\/strong>: NGK DPR6E \u2013 2 St\u00fcck<\/li>\n<li><strong>Anode<\/strong>: TEN00823<\/li>\n<li><strong>Anode<\/strong>: REC875208<\/li>\n<li><strong>Thermostat<\/strong>: RM855676005<\/li>\n<li><strong>Thermostatdichtung<\/strong>: PAF8-05010005<\/li>\n<li><strong>Kraftstofffilter<\/strong>: PAF4-05000300<\/li>\n<li><strong>Dichtungsring Ablassschraube<\/strong>: REC90430-08020 \u2013 2 St\u00fcck<\/li>\n<li><strong>Dichtungsring Ablassschraube<\/strong>: PAF15-04000003<\/li>\n<li><strong>Propellerstift<\/strong>: PAB6\/T91-2.5X20<\/li>\n<li><strong>Impeller<\/strong>: PAF8-04000007<\/li>\n<li><strong>Platte<\/strong>: PAF8-04000020<\/li>\n<li><strong>Schl\u00fcssel (Keil)<\/strong>: PAF8-04000004<\/li>\n<li><strong>Pumpendeckeldichtung<\/strong>: PAF8-04000001<\/li>\n<li><strong>Pumpendeckeldichtung<\/strong>: PAF8-04000008<\/li>\n<\/ul>\n<h4>\u00d6lmenge pro Modell:<\/h4>\n<ul>\n<li><strong>Mercury 15 &#8211; 20 PS Selva<\/strong>: Motor\u00f6l (einschlie\u00dflich \u00d6lfilter): 1 Liter<\/li>\n<\/ul>\n<h4>Empfohlenes Motor\u00f6l:<\/h4>\n<p><strong>Zweitakt:<\/strong><\/p>\n<ul>\n<li><strong>5 Liter Atlantic 2T DFI Motor\u00f6l:<\/strong> <a href=\"https:\/\/ab-marineservice.com\/de\/produkt\/atlantic-2t-dfi-5-liter\/\">Hier klicken, um zu kaufen<\/a><\/li>\n<li><strong>1 Liter Atlantic 2T Au\u00dfenbordmotor\u00f6l:<\/strong> <a href=\"https:\/\/ab-marineservice.com\/de\/produkt\/zweitakt-motorol-l-kroon-ol-1l\/\">Hier klicken, um zu kaufen<\/a><\/li>\n<\/ul>\n<p><strong>Viertakt:<\/strong><\/p>\n<ul>\n<li><strong>1 Liter Atlantic 4T Motor\u00f6l<\/strong> (Viskosit\u00e4t: 10W-30): <a href=\"https:\/\/ab-marineservice.com\/de\/produkt\/1l-motorol-10w-30-l-viertakt-motorol-fur-ausenborder\/\">Hier klicken, um zu kaufen<\/a><\/li>\n<\/ul>\n<h4>Kompatibilit\u00e4t:<\/h4>\n<p>Dieses Wartungskit ist f\u00fcr die Mercury 15 und 20 PS Selva Au\u00dfenbordmotoren geeignet. Stellen Sie sicher, dass Ihr Motor dem richtigen Modell entspricht, bevor Sie das Kit kaufen.<\/p>\n<h4>Wartungstipps:<\/h4>\n<p>Es wird empfohlen, das Motor\u00f6l j\u00e4hrlich oder alle 100 Betriebsstunden zu wechseln, abh\u00e4ngig von der Nutzung. Vergessen Sie nicht, regelm\u00e4\u00dfig die \u00d6lfilter, Kraftstofffilter, den Impeller, das Thermostat und die Z\u00fcndkerzen zu ersetzen, um eine optimale Leistung Ihres Motors zu gew\u00e4hrleisten.<\/p>\n","protected":false},"excerpt":{"rendered":"<p>Dieses originale <strong>Wartungskit<\/strong> ist f\u00fcr die Mercury 15 und 20 PS Selva Au\u00dfenbordmotoren geeignet. Das Kit enth\u00e4lt alle wesentlichen Teile f\u00fcr eine vollst\u00e4ndige und zuverl\u00e4ssige Wartung, einschlie\u00dflich \u00d6lfilter, Kraftstofffilter, Z\u00fcndkerzen, Anoden, Impeller, Thermostat und Dichtungen. Alles, was Sie f\u00fcr eine optimale Motorwartung ben\u00f6tigen, in einem kompletten Kit.<\/p>\n","protected":false},"featured_media":370344,"comment_status":"open","ping_status":"closed","template":"","meta":[],"location":[],"product_brand":[],"product_cat":[1436,27549],"product_tag":[],"class_list":{"0":"post-371997","1":"product","2":"type-product","3":"status-publish","4":"has-post-thumbnail","6":"product_cat-wartung","7":"product_cat-mercury-service-kit","8":"product_shipping_class-paket-0-10-kg","10":"first","11":"instock","12":"sale","13":"taxable","14":"shipping-taxable","15":"purchasable","16":"product-type-simple"},"group_of_quantity":0,"min_quantity":0,"max_quantity":"","exclude_order_quantity_value_rules":"no","exclude_category_quantity_rules":"no","combine_variations":"no","locations":[{"id":4275,"name":"AES Emmeloord","slug":"aes-emmeloord","quantity":""},{"id":4276,"name":"AES Lemmer","slug":"aes-lemmer","quantity":""}],"_links":{"self":[{"href":"https:\/\/ab-marineservice.com\/de\/wp-json\/wp\/v2\/product\/371997","targetHints":{"allow":["GET"]}}],"collection":[{"href":"https:\/\/ab-marineservice.com\/de\/wp-json\/wp\/v2\/product"}],"about":[{"href":"https:\/\/ab-marineservice.com\/de\/wp-json\/wp\/v2\/types\/product"}],"replies":[{"embeddable":true,"href":"https:\/\/ab-marineservice.com\/de\/wp-json\/wp\/v2\/comments?post=371997"}],"wp:featuredmedia":[{"embeddable":true,"href":"https:\/\/ab-marineservice.com\/de\/wp-json\/wp\/v2\/media\/370344"}],"wp:attachment":[{"href":"https:\/\/ab-marineservice.com\/de\/wp-json\/wp\/v2\/media?parent=371997"}],"wp:term":[{"taxonomy":"location","embeddable":true,"href":"https:\/\/ab-marineservice.com\/de\/wp-json\/wp\/v2\/location?post=371997"},{"taxonomy":"product_brand","embeddable":true,"href":"https:\/\/ab-marineservice.com\/de\/wp-json\/wp\/v2\/product_brand?post=371997"},{"taxonomy":"product_cat","embeddable":true,"href":"https:\/\/ab-marineservice.com\/de\/wp-json\/wp\/v2\/product_cat?post=371997"},{"taxonomy":"product_tag","embeddable":true,"href":"https:\/\/ab-marineservice.com\/de\/wp-json\/wp\/v2\/product_tag?post=371997"}],"curies":[{"name":"wp","href":"https:\/\/api.w.org\/{rel}","templated":true}]}}