{"id":376079,"date":"2025-07-02T20:28:43","date_gmt":"2025-07-02T18:28:43","guid":{"rendered":"https:\/\/ab-marineservice.com\/product\/ol-fur-wendegetriebe-110605\/"},"modified":"2026-02-23T12:03:52","modified_gmt":"2026-02-23T11:03:52","slug":"ol-fur-wendegetriebe-110605","status":"publish","type":"product","link":"https:\/\/ab-marineservice.com\/de\/produkt\/ol-fur-wendegetriebe-110605\/","title":{"rendered":"\u00d6l f\u00fcr Wendegetriebe 110605"},"content":{"rendered":"","protected":false},"excerpt":{"rendered":"<p>\u00d6l f\u00fcr Wendegetriebe 110605<\/p>\n<p>1 Liter \u00d6l f\u00fcr BW6 Wendegetriebe und Saildrive DV10LSME<\/p>\n","protected":false},"featured_media":376050,"comment_status":"open","ping_status":"closed","template":"","meta":[],"location":[4172],"product_brand":[25900],"product_cat":[1436,20570,20680],"product_tag":[],"class_list":{"0":"post-376079","1":"product","2":"type-product","3":"status-publish","4":"has-post-thumbnail","6":"location-clouds","7":"product_brand-bukh","8":"product_cat-wartung","9":"product_cat-motorenteile-bukh","10":"product_cat-bukh-dv10-dv20-de","11":"product_shipping_class-paket-0-10-kg","13":"first","14":"onbackorder","15":"sale","16":"taxable","17":"shipping-taxable","18":"purchasable","19":"product-type-simple"},"group_of_quantity":0,"min_quantity":0,"max_quantity":"","exclude_order_quantity_value_rules":"no","exclude_category_quantity_rules":"no","combine_variations":"no","locations":[{"id":4172,"name":"Clouds","slug":"clouds","quantity":""}],"_links":{"self":[{"href":"https:\/\/ab-marineservice.com\/de\/wp-json\/wp\/v2\/product\/376079","targetHints":{"allow":["GET"]}}],"collection":[{"href":"https:\/\/ab-marineservice.com\/de\/wp-json\/wp\/v2\/product"}],"about":[{"href":"https:\/\/ab-marineservice.com\/de\/wp-json\/wp\/v2\/types\/product"}],"replies":[{"embeddable":true,"href":"https:\/\/ab-marineservice.com\/de\/wp-json\/wp\/v2\/comments?post=376079"}],"wp:featuredmedia":[{"embeddable":true,"href":"https:\/\/ab-marineservice.com\/de\/wp-json\/wp\/v2\/media\/376050"}],"wp:attachment":[{"href":"https:\/\/ab-marineservice.com\/de\/wp-json\/wp\/v2\/media?parent=376079"}],"wp:term":[{"taxonomy":"location","embeddable":true,"href":"https:\/\/ab-marineservice.com\/de\/wp-json\/wp\/v2\/location?post=376079"},{"taxonomy":"product_brand","embeddable":true,"href":"https:\/\/ab-marineservice.com\/de\/wp-json\/wp\/v2\/product_brand?post=376079"},{"taxonomy":"product_cat","embeddable":true,"href":"https:\/\/ab-marineservice.com\/de\/wp-json\/wp\/v2\/product_cat?post=376079"},{"taxonomy":"product_tag","embeddable":true,"href":"https:\/\/ab-marineservice.com\/de\/wp-json\/wp\/v2\/product_tag?post=376079"}],"curies":[{"name":"wp","href":"https:\/\/api.w.org\/{rel}","templated":true}]}}