{"id":37643,"date":"2021-02-18T17:37:44","date_gmt":"2021-02-18T16:37:44","guid":{"rendered":"https:\/\/ab-marineservice.com\/?post_type=product&#038;p=37643"},"modified":"2025-09-30T16:23:09","modified_gmt":"2025-09-30T14:23:09","slug":"cr-messing-borddurchfuhrung-2-mit-schlauchtull-56mm","status":"publish","type":"product","link":"https:\/\/ab-marineservice.com\/de\/produkt\/cr-messing-borddurchfuhrung-2-mit-schlauchtull-56mm\/","title":{"rendered":"CR Messing Borddurchf\u00fchrung 2&#8243; mit Schlaucht\u00fcll 56mm"},"content":{"rendered":"","protected":false},"excerpt":{"rendered":"<p>CR Messing Borddurchf\u00fchrung 2&#8243; mit Schlaucht\u00fcll 56mm<\/p>\n","protected":false},"featured_media":43799,"comment_status":"open","ping_status":"closed","template":"","meta":[],"location":[],"product_brand":[],"product_cat":[23584,3052],"product_tag":[],"class_list":{"0":"post-37643","1":"product","2":"type-product","3":"status-publish","4":"has-post-thumbnail","6":"product_cat-messingfitting","7":"product_cat-spiegeldurchfuhrungen-schlauchtull","8":"product_shipping_class-paket-0-10-kg","10":"first","11":"instock","12":"sale","13":"taxable","14":"shipping-taxable","15":"purchasable","16":"product-type-simple"},"group_of_quantity":0,"min_quantity":0,"max_quantity":"","exclude_order_quantity_value_rules":"no","exclude_category_quantity_rules":"no","combine_variations":"no","locations":[{"id":4275,"name":"AES Emmeloord","slug":"aes-emmeloord","quantity":""},{"id":4276,"name":"AES Lemmer","slug":"aes-lemmer","quantity":""},{"id":4172,"name":"Clouds","slug":"clouds","quantity":""}],"_links":{"self":[{"href":"https:\/\/ab-marineservice.com\/de\/wp-json\/wp\/v2\/product\/37643","targetHints":{"allow":["GET"]}}],"collection":[{"href":"https:\/\/ab-marineservice.com\/de\/wp-json\/wp\/v2\/product"}],"about":[{"href":"https:\/\/ab-marineservice.com\/de\/wp-json\/wp\/v2\/types\/product"}],"replies":[{"embeddable":true,"href":"https:\/\/ab-marineservice.com\/de\/wp-json\/wp\/v2\/comments?post=37643"}],"wp:featuredmedia":[{"embeddable":true,"href":"https:\/\/ab-marineservice.com\/de\/wp-json\/wp\/v2\/media\/43799"}],"wp:attachment":[{"href":"https:\/\/ab-marineservice.com\/de\/wp-json\/wp\/v2\/media?parent=37643"}],"wp:term":[{"taxonomy":"location","embeddable":true,"href":"https:\/\/ab-marineservice.com\/de\/wp-json\/wp\/v2\/location?post=37643"},{"taxonomy":"product_brand","embeddable":true,"href":"https:\/\/ab-marineservice.com\/de\/wp-json\/wp\/v2\/product_brand?post=37643"},{"taxonomy":"product_cat","embeddable":true,"href":"https:\/\/ab-marineservice.com\/de\/wp-json\/wp\/v2\/product_cat?post=37643"},{"taxonomy":"product_tag","embeddable":true,"href":"https:\/\/ab-marineservice.com\/de\/wp-json\/wp\/v2\/product_tag?post=37643"}],"curies":[{"name":"wp","href":"https:\/\/api.w.org\/{rel}","templated":true}]}}