{"id":376442,"date":"2025-07-04T09:07:31","date_gmt":"2025-07-04T07:07:31","guid":{"rendered":"https:\/\/ab-marineservice.com\/product\/bukh-abgasschalldampfer-mit-ruckschlagventil-dv10-dv20-020d4319\/"},"modified":"2026-04-22T14:59:57","modified_gmt":"2026-04-22T12:59:57","slug":"bukh-abgasschalldampfer-mit-ruckschlagventil-dv10-dv20-020d4319","status":"publish","type":"product","link":"https:\/\/ab-marineservice.com\/de\/produkt\/bukh-abgasschalldampfer-mit-ruckschlagventil-dv10-dv20-020d4319\/","title":{"rendered":"Bukh Abgasschalld\u00e4mpfer mit R\u00fcckschlagventil DV10\/DV20 020D4319"},"content":{"rendered":"","protected":false},"excerpt":{"rendered":"<p>Bukh Abgasschalld\u00e4mpfer mit R\u00fcckschlagventil DV10\/DV20 020D4319<\/p>\n<p>Der Bukh Abgasschalld\u00e4mpfer mit R\u00fcckschlagventil ist ein unverzichtbares Bauteil f\u00fcr Schiffsdieselmotoren. Er wurde zur Ger\u00e4uschreduzierung entwickelt und sorgt f\u00fcr ein ruhigeres Bootserlebnis. Das integrierte R\u00fcckschlagventil verhindert, dass bei Stillstand Wasser \u00fcber die Abgasanlage in den Motor eindringt, und verbessert so den Motorschutz und die Lebensdauer.<\/p>\n<p>F\u00fcr 45-mm-Auspuffanlagen.<br \/>\nAbgasschalld\u00e4mpfer mit R\u00fcckschlagventil f\u00fcr: Bukh DV10\/DV20<\/p>\n","protected":false},"featured_media":376439,"comment_status":"open","ping_status":"closed","template":"","meta":[],"location":[],"product_brand":[25900],"product_cat":[1436,20570,20680],"product_tag":[],"class_list":{"0":"post-376442","1":"product","2":"type-product","3":"status-publish","4":"has-post-thumbnail","6":"product_brand-bukh","7":"product_cat-wartung","8":"product_cat-motorenteile-bukh","9":"product_cat-bukh-dv10-dv20-de","10":"product_shipping_class-paket-0-10-kg","12":"first","13":"onbackorder","14":"sale","15":"taxable","16":"shipping-taxable","17":"purchasable","18":"product-type-simple"},"group_of_quantity":0,"min_quantity":0,"max_quantity":"","exclude_order_quantity_value_rules":"no","exclude_category_quantity_rules":"no","combine_variations":"no","locations":[{"id":4172,"name":"Clouds","slug":"clouds","quantity":""}],"_links":{"self":[{"href":"https:\/\/ab-marineservice.com\/de\/wp-json\/wp\/v2\/product\/376442","targetHints":{"allow":["GET"]}}],"collection":[{"href":"https:\/\/ab-marineservice.com\/de\/wp-json\/wp\/v2\/product"}],"about":[{"href":"https:\/\/ab-marineservice.com\/de\/wp-json\/wp\/v2\/types\/product"}],"replies":[{"embeddable":true,"href":"https:\/\/ab-marineservice.com\/de\/wp-json\/wp\/v2\/comments?post=376442"}],"wp:featuredmedia":[{"embeddable":true,"href":"https:\/\/ab-marineservice.com\/de\/wp-json\/wp\/v2\/media\/376439"}],"wp:attachment":[{"href":"https:\/\/ab-marineservice.com\/de\/wp-json\/wp\/v2\/media?parent=376442"}],"wp:term":[{"taxonomy":"location","embeddable":true,"href":"https:\/\/ab-marineservice.com\/de\/wp-json\/wp\/v2\/location?post=376442"},{"taxonomy":"product_brand","embeddable":true,"href":"https:\/\/ab-marineservice.com\/de\/wp-json\/wp\/v2\/product_brand?post=376442"},{"taxonomy":"product_cat","embeddable":true,"href":"https:\/\/ab-marineservice.com\/de\/wp-json\/wp\/v2\/product_cat?post=376442"},{"taxonomy":"product_tag","embeddable":true,"href":"https:\/\/ab-marineservice.com\/de\/wp-json\/wp\/v2\/product_tag?post=376442"}],"curies":[{"name":"wp","href":"https:\/\/api.w.org\/{rel}","templated":true}]}}