{"id":376450,"date":"2025-07-04T09:15:49","date_gmt":"2025-07-04T07:15:49","guid":{"rendered":"https:\/\/ab-marineservice.com\/product\/bukh-ablassschraube-oleinfulldeckel-motorblock-dv10-20-24-36-48-000e3959\/"},"modified":"2026-04-22T14:59:54","modified_gmt":"2026-04-22T12:59:54","slug":"bukh-ablassschraube-oleinfulldeckel-motorblock-dv10-20-24-36-48-000e3959","status":"publish","type":"product","link":"https:\/\/ab-marineservice.com\/de\/produkt\/bukh-ablassschraube-oleinfulldeckel-motorblock-dv10-20-24-36-48-000e3959\/","title":{"rendered":"Bukh Ablassschraube &#038; \u00d6leinf\u00fclldeckel Motorblock DV10\/20\/24\/36\/48 000E3959"},"content":{"rendered":"","protected":false},"excerpt":{"rendered":"<p>Bukh Ablassschraube &#038; \u00d6leinf\u00fclldeckel Motorblock DV10\/20\/24\/36\/48 000E3959<\/p>\n<p>\u00d6lablassschraube und \u00d6leinf\u00fclldeckel bukh dv10\/20<br \/>\n\u00d6leinf\u00fclldeckel bukh dv24\/29\/32\/36\/48<\/p>\n","protected":false},"featured_media":376446,"comment_status":"open","ping_status":"closed","template":"","meta":[],"location":[],"product_brand":[25900],"product_cat":[1436,20570,20572],"product_tag":[],"class_list":{"0":"post-376450","1":"product","2":"type-product","3":"status-publish","4":"has-post-thumbnail","6":"product_brand-bukh","7":"product_cat-wartung","8":"product_cat-motorenteile-bukh","9":"product_cat-bukh-dv24-dv29-dv32-de","10":"product_shipping_class-paket-0-10-kg","12":"first","13":"onbackorder","14":"sale","15":"taxable","16":"shipping-taxable","17":"purchasable","18":"product-type-simple"},"group_of_quantity":0,"min_quantity":0,"max_quantity":"","exclude_order_quantity_value_rules":"no","exclude_category_quantity_rules":"no","combine_variations":"no","locations":[{"id":4172,"name":"Clouds","slug":"clouds","quantity":""}],"_links":{"self":[{"href":"https:\/\/ab-marineservice.com\/de\/wp-json\/wp\/v2\/product\/376450","targetHints":{"allow":["GET"]}}],"collection":[{"href":"https:\/\/ab-marineservice.com\/de\/wp-json\/wp\/v2\/product"}],"about":[{"href":"https:\/\/ab-marineservice.com\/de\/wp-json\/wp\/v2\/types\/product"}],"replies":[{"embeddable":true,"href":"https:\/\/ab-marineservice.com\/de\/wp-json\/wp\/v2\/comments?post=376450"}],"wp:featuredmedia":[{"embeddable":true,"href":"https:\/\/ab-marineservice.com\/de\/wp-json\/wp\/v2\/media\/376446"}],"wp:attachment":[{"href":"https:\/\/ab-marineservice.com\/de\/wp-json\/wp\/v2\/media?parent=376450"}],"wp:term":[{"taxonomy":"location","embeddable":true,"href":"https:\/\/ab-marineservice.com\/de\/wp-json\/wp\/v2\/location?post=376450"},{"taxonomy":"product_brand","embeddable":true,"href":"https:\/\/ab-marineservice.com\/de\/wp-json\/wp\/v2\/product_brand?post=376450"},{"taxonomy":"product_cat","embeddable":true,"href":"https:\/\/ab-marineservice.com\/de\/wp-json\/wp\/v2\/product_cat?post=376450"},{"taxonomy":"product_tag","embeddable":true,"href":"https:\/\/ab-marineservice.com\/de\/wp-json\/wp\/v2\/product_tag?post=376450"}],"curies":[{"name":"wp","href":"https:\/\/api.w.org\/{rel}","templated":true}]}}