{"id":376742,"date":"2025-07-05T08:22:48","date_gmt":"2025-07-05T06:22:48","guid":{"rendered":"https:\/\/ab-marineservice.com\/product\/bukh-kupferring-fur-rucklaufleitung-522c3008\/"},"modified":"2026-04-22T14:58:25","modified_gmt":"2026-04-22T12:58:25","slug":"bukh-kupferring-fur-rucklaufleitung-522c3008","status":"publish","type":"product","link":"https:\/\/ab-marineservice.com\/de\/produkt\/bukh-kupferring-fur-rucklaufleitung-522c3008\/","title":{"rendered":"Bukh Kupferring f\u00fcr R\u00fccklaufleitung 522C3008"},"content":{"rendered":"","protected":false},"excerpt":{"rendered":"<p>Bukh Kupferring f\u00fcr R\u00fccklaufleitung 522C3008<\/p>\n<p>(Preis pro St\u00fcck)<\/p>\n","protected":false},"featured_media":376740,"comment_status":"open","ping_status":"closed","template":"","meta":[],"location":[],"product_brand":[25900],"product_cat":[1436,20570,20572],"product_tag":[],"class_list":{"0":"post-376742","1":"product","2":"type-product","3":"status-publish","4":"has-post-thumbnail","6":"product_brand-bukh","7":"product_cat-wartung","8":"product_cat-motorenteile-bukh","9":"product_cat-bukh-dv24-dv29-dv32-de","10":"product_shipping_class-paket-0-10-kg","12":"first","13":"onbackorder","14":"sale","15":"taxable","16":"shipping-taxable","17":"purchasable","18":"product-type-simple"},"group_of_quantity":0,"min_quantity":0,"max_quantity":"","exclude_order_quantity_value_rules":"no","exclude_category_quantity_rules":"no","combine_variations":"no","locations":[{"id":4172,"name":"Clouds","slug":"clouds","quantity":""}],"_links":{"self":[{"href":"https:\/\/ab-marineservice.com\/de\/wp-json\/wp\/v2\/product\/376742","targetHints":{"allow":["GET"]}}],"collection":[{"href":"https:\/\/ab-marineservice.com\/de\/wp-json\/wp\/v2\/product"}],"about":[{"href":"https:\/\/ab-marineservice.com\/de\/wp-json\/wp\/v2\/types\/product"}],"replies":[{"embeddable":true,"href":"https:\/\/ab-marineservice.com\/de\/wp-json\/wp\/v2\/comments?post=376742"}],"wp:featuredmedia":[{"embeddable":true,"href":"https:\/\/ab-marineservice.com\/de\/wp-json\/wp\/v2\/media\/376740"}],"wp:attachment":[{"href":"https:\/\/ab-marineservice.com\/de\/wp-json\/wp\/v2\/media?parent=376742"}],"wp:term":[{"taxonomy":"location","embeddable":true,"href":"https:\/\/ab-marineservice.com\/de\/wp-json\/wp\/v2\/location?post=376742"},{"taxonomy":"product_brand","embeddable":true,"href":"https:\/\/ab-marineservice.com\/de\/wp-json\/wp\/v2\/product_brand?post=376742"},{"taxonomy":"product_cat","embeddable":true,"href":"https:\/\/ab-marineservice.com\/de\/wp-json\/wp\/v2\/product_cat?post=376742"},{"taxonomy":"product_tag","embeddable":true,"href":"https:\/\/ab-marineservice.com\/de\/wp-json\/wp\/v2\/product_tag?post=376742"}],"curies":[{"name":"wp","href":"https:\/\/api.w.org\/{rel}","templated":true}]}}