{"id":376909,"date":"2025-07-06T20:16:55","date_gmt":"2025-07-06T18:16:55","guid":{"rendered":"https:\/\/ab-marineservice.com\/product\/bukh-kopfdichtungssatz-dv10-031d4202\/"},"modified":"2026-02-23T12:01:15","modified_gmt":"2026-02-23T11:01:15","slug":"bukh-kopfdichtungssatz-dv10-031d4202","status":"publish","type":"product","link":"https:\/\/ab-marineservice.com\/de\/produkt\/bukh-kopfdichtungssatz-dv10-031d4202\/","title":{"rendered":"Bukh kopfdichtungssatz DV10 031D4202"},"content":{"rendered":"","protected":false},"excerpt":{"rendered":"<p>Bukh kopfdichtungssatz DV10 031D4202<\/p>\n<p>Kopfdichtungssatz zur kopf\u00fcberholung, bestehend aus: kopfdichtung, Ventildeckeldichtung, Dichtungen f\u00fcr Einspritzd\u00fcsen und Thermostat.<\/p>\n","protected":false},"featured_media":376907,"comment_status":"open","ping_status":"closed","template":"","meta":[],"location":[],"product_brand":[25900],"product_cat":[1436,20570,20680],"product_tag":[],"class_list":{"0":"post-376909","1":"product","2":"type-product","3":"status-publish","4":"has-post-thumbnail","6":"product_brand-bukh","7":"product_cat-wartung","8":"product_cat-motorenteile-bukh","9":"product_cat-bukh-dv10-dv20-de","10":"product_shipping_class-paket-0-10-kg","12":"first","13":"onbackorder","14":"sale","15":"taxable","16":"shipping-taxable","17":"purchasable","18":"product-type-simple"},"group_of_quantity":0,"min_quantity":0,"max_quantity":"","exclude_order_quantity_value_rules":"no","exclude_category_quantity_rules":"no","combine_variations":"no","locations":[{"id":4172,"name":"Clouds","slug":"clouds","quantity":""}],"_links":{"self":[{"href":"https:\/\/ab-marineservice.com\/de\/wp-json\/wp\/v2\/product\/376909","targetHints":{"allow":["GET"]}}],"collection":[{"href":"https:\/\/ab-marineservice.com\/de\/wp-json\/wp\/v2\/product"}],"about":[{"href":"https:\/\/ab-marineservice.com\/de\/wp-json\/wp\/v2\/types\/product"}],"replies":[{"embeddable":true,"href":"https:\/\/ab-marineservice.com\/de\/wp-json\/wp\/v2\/comments?post=376909"}],"wp:featuredmedia":[{"embeddable":true,"href":"https:\/\/ab-marineservice.com\/de\/wp-json\/wp\/v2\/media\/376907"}],"wp:attachment":[{"href":"https:\/\/ab-marineservice.com\/de\/wp-json\/wp\/v2\/media?parent=376909"}],"wp:term":[{"taxonomy":"location","embeddable":true,"href":"https:\/\/ab-marineservice.com\/de\/wp-json\/wp\/v2\/location?post=376909"},{"taxonomy":"product_brand","embeddable":true,"href":"https:\/\/ab-marineservice.com\/de\/wp-json\/wp\/v2\/product_brand?post=376909"},{"taxonomy":"product_cat","embeddable":true,"href":"https:\/\/ab-marineservice.com\/de\/wp-json\/wp\/v2\/product_cat?post=376909"},{"taxonomy":"product_tag","embeddable":true,"href":"https:\/\/ab-marineservice.com\/de\/wp-json\/wp\/v2\/product_tag?post=376909"}],"curies":[{"name":"wp","href":"https:\/\/api.w.org\/{rel}","templated":true}]}}