{"id":377129,"date":"2025-07-07T13:10:11","date_gmt":"2025-07-07T11:10:13","guid":{"rendered":"https:\/\/ab-marineservice.com\/?post_type=product&#038;p=377129"},"modified":"2025-07-08T17:36:23","modified_gmt":"2025-07-08T15:36:23","slug":"startschlussel-set-mit-2-stuck-845","status":"publish","type":"product","link":"https:\/\/ab-marineservice.com\/de\/produkt\/startschlussel-set-mit-2-stuck-845\/","title":{"rendered":"Startschl\u00fcssel-Set mit 2 St\u00fcck (845)"},"content":{"rendered":"","protected":false},"excerpt":{"rendered":"<p>Startschl\u00fcssel-Set mit 2 St\u00fcck (845)<\/p>\n<p>F\u00fcr Z\u00fcndschloss 940200031<\/p>\n","protected":false},"featured_media":377135,"comment_status":"open","ping_status":"closed","template":"","meta":[],"location":[],"product_brand":[],"product_cat":[1208,1282,1288],"product_tag":[3848,1899],"class_list":{"0":"post-377129","1":"product","2":"type-product","3":"status-publish","4":"has-post-thumbnail","6":"product_cat-elektrische-bauteile","7":"product_cat-schalter","8":"product_cat-gluhstartschalter","9":"product_tag-ignition-de-2","10":"product_tag-massenschalter","11":"product_shipping_class-paket-0-10-kg","13":"first","14":"onbackorder","15":"sale","16":"taxable","17":"shipping-taxable","18":"purchasable","19":"product-type-simple"},"group_of_quantity":0,"min_quantity":0,"max_quantity":"","exclude_order_quantity_value_rules":"no","exclude_category_quantity_rules":"no","combine_variations":"no","locations":[{"id":4172,"name":"Clouds","slug":"clouds","quantity":""}],"_links":{"self":[{"href":"https:\/\/ab-marineservice.com\/de\/wp-json\/wp\/v2\/product\/377129","targetHints":{"allow":["GET"]}}],"collection":[{"href":"https:\/\/ab-marineservice.com\/de\/wp-json\/wp\/v2\/product"}],"about":[{"href":"https:\/\/ab-marineservice.com\/de\/wp-json\/wp\/v2\/types\/product"}],"replies":[{"embeddable":true,"href":"https:\/\/ab-marineservice.com\/de\/wp-json\/wp\/v2\/comments?post=377129"}],"wp:featuredmedia":[{"embeddable":true,"href":"https:\/\/ab-marineservice.com\/de\/wp-json\/wp\/v2\/media\/377135"}],"wp:attachment":[{"href":"https:\/\/ab-marineservice.com\/de\/wp-json\/wp\/v2\/media?parent=377129"}],"wp:term":[{"taxonomy":"location","embeddable":true,"href":"https:\/\/ab-marineservice.com\/de\/wp-json\/wp\/v2\/location?post=377129"},{"taxonomy":"product_brand","embeddable":true,"href":"https:\/\/ab-marineservice.com\/de\/wp-json\/wp\/v2\/product_brand?post=377129"},{"taxonomy":"product_cat","embeddable":true,"href":"https:\/\/ab-marineservice.com\/de\/wp-json\/wp\/v2\/product_cat?post=377129"},{"taxonomy":"product_tag","embeddable":true,"href":"https:\/\/ab-marineservice.com\/de\/wp-json\/wp\/v2\/product_tag?post=377129"}],"curies":[{"name":"wp","href":"https:\/\/api.w.org\/{rel}","templated":true}]}}