{"id":378590,"date":"2025-07-15T14:56:10","date_gmt":"2025-07-15T12:56:10","guid":{"rendered":"https:\/\/ab-marineservice.com\/product\/bukh-laufrad-und-dichtung-dv36-48-610g0506s\/"},"modified":"2026-04-22T15:00:11","modified_gmt":"2026-04-22T13:00:11","slug":"bukh-laufrad-und-dichtung-dv36-48-610g0506s","status":"publish","type":"product","link":"https:\/\/ab-marineservice.com\/de\/produkt\/bukh-laufrad-und-dichtung-dv36-48-610g0506s\/","title":{"rendered":"Bukh Laufrad und Dichtung DV36\/48 610G0506S"},"content":{"rendered":"","protected":false},"excerpt":{"rendered":"<p>Bukh Laufrad und Dichtung DV36\/48 610G0506S<\/p>\n<p>F\u00fcr Direktk\u00fchlung und Motoren mit W\u00e4rmetauscher<br \/>\nSet besteht aus Laufrad + Dichtung + Schmiermittel<\/p>\n","protected":false},"featured_media":378588,"comment_status":"open","ping_status":"closed","template":"","meta":[],"location":[],"product_brand":[25900],"product_cat":[1436,20570,20692,27587],"product_tag":[],"class_list":{"0":"post-378590","1":"product","2":"type-product","3":"status-publish","4":"has-post-thumbnail","6":"product_brand-bukh","7":"product_cat-wartung","8":"product_cat-motorenteile-bukh","9":"product_cat-bukh-dv36-dv48-de","10":"product_cat-grundlegende-wartungsteile","11":"product_shipping_class-paket-0-10-kg","13":"first","14":"onbackorder","15":"sale","16":"taxable","17":"shipping-taxable","18":"purchasable","19":"product-type-simple"},"group_of_quantity":0,"min_quantity":0,"max_quantity":"","exclude_order_quantity_value_rules":"no","exclude_category_quantity_rules":"no","combine_variations":"no","locations":[{"id":4172,"name":"Clouds","slug":"clouds","quantity":""}],"_links":{"self":[{"href":"https:\/\/ab-marineservice.com\/de\/wp-json\/wp\/v2\/product\/378590","targetHints":{"allow":["GET"]}}],"collection":[{"href":"https:\/\/ab-marineservice.com\/de\/wp-json\/wp\/v2\/product"}],"about":[{"href":"https:\/\/ab-marineservice.com\/de\/wp-json\/wp\/v2\/types\/product"}],"replies":[{"embeddable":true,"href":"https:\/\/ab-marineservice.com\/de\/wp-json\/wp\/v2\/comments?post=378590"}],"wp:featuredmedia":[{"embeddable":true,"href":"https:\/\/ab-marineservice.com\/de\/wp-json\/wp\/v2\/media\/378588"}],"wp:attachment":[{"href":"https:\/\/ab-marineservice.com\/de\/wp-json\/wp\/v2\/media?parent=378590"}],"wp:term":[{"taxonomy":"location","embeddable":true,"href":"https:\/\/ab-marineservice.com\/de\/wp-json\/wp\/v2\/location?post=378590"},{"taxonomy":"product_brand","embeddable":true,"href":"https:\/\/ab-marineservice.com\/de\/wp-json\/wp\/v2\/product_brand?post=378590"},{"taxonomy":"product_cat","embeddable":true,"href":"https:\/\/ab-marineservice.com\/de\/wp-json\/wp\/v2\/product_cat?post=378590"},{"taxonomy":"product_tag","embeddable":true,"href":"https:\/\/ab-marineservice.com\/de\/wp-json\/wp\/v2\/product_tag?post=378590"}],"curies":[{"name":"wp","href":"https:\/\/api.w.org\/{rel}","templated":true}]}}