{"id":379439,"date":"2025-07-18T16:08:52","date_gmt":"2025-07-18T14:08:52","guid":{"rendered":"https:\/\/ab-marineservice.com\/product\/bukh-temperatursensor-doppelt-100-grad-552j0918\/"},"modified":"2026-04-22T14:56:56","modified_gmt":"2026-04-22T12:56:56","slug":"bukh-temperatursensor-doppelt-100-grad-552j0918","status":"publish","type":"product","link":"https:\/\/ab-marineservice.com\/de\/produkt\/bukh-temperatursensor-doppelt-100-grad-552j0918\/","title":{"rendered":"Bukh Temperatursensor doppelt 100 Grad 552J0918"},"content":{"rendered":"","protected":false},"excerpt":{"rendered":"<p>Bukh Temperatursensor doppelt 100 Grad 552J0918<\/p>\n<p>F\u00fcr Motoren mit W\u00e4rmetauscher oder Kielk\u00fchlung.<\/p>\n","protected":false},"featured_media":379437,"comment_status":"open","ping_status":"closed","template":"","meta":[],"location":[],"product_brand":[25900],"product_cat":[1436,20570,20770],"product_tag":[],"class_list":{"0":"post-379439","1":"product","2":"type-product","3":"status-publish","4":"has-post-thumbnail","6":"product_brand-bukh","7":"product_cat-wartung","8":"product_cat-motorenteile-bukh","9":"product_cat-elektrisches-system","10":"product_shipping_class-paket-0-10-kg","12":"first","13":"onbackorder","14":"sale","15":"taxable","16":"shipping-taxable","17":"purchasable","18":"product-type-simple"},"group_of_quantity":0,"min_quantity":0,"max_quantity":"","exclude_order_quantity_value_rules":"no","exclude_category_quantity_rules":"no","combine_variations":"no","locations":[{"id":4172,"name":"Clouds","slug":"clouds","quantity":""}],"_links":{"self":[{"href":"https:\/\/ab-marineservice.com\/de\/wp-json\/wp\/v2\/product\/379439","targetHints":{"allow":["GET"]}}],"collection":[{"href":"https:\/\/ab-marineservice.com\/de\/wp-json\/wp\/v2\/product"}],"about":[{"href":"https:\/\/ab-marineservice.com\/de\/wp-json\/wp\/v2\/types\/product"}],"replies":[{"embeddable":true,"href":"https:\/\/ab-marineservice.com\/de\/wp-json\/wp\/v2\/comments?post=379439"}],"wp:featuredmedia":[{"embeddable":true,"href":"https:\/\/ab-marineservice.com\/de\/wp-json\/wp\/v2\/media\/379437"}],"wp:attachment":[{"href":"https:\/\/ab-marineservice.com\/de\/wp-json\/wp\/v2\/media?parent=379439"}],"wp:term":[{"taxonomy":"location","embeddable":true,"href":"https:\/\/ab-marineservice.com\/de\/wp-json\/wp\/v2\/location?post=379439"},{"taxonomy":"product_brand","embeddable":true,"href":"https:\/\/ab-marineservice.com\/de\/wp-json\/wp\/v2\/product_brand?post=379439"},{"taxonomy":"product_cat","embeddable":true,"href":"https:\/\/ab-marineservice.com\/de\/wp-json\/wp\/v2\/product_cat?post=379439"},{"taxonomy":"product_tag","embeddable":true,"href":"https:\/\/ab-marineservice.com\/de\/wp-json\/wp\/v2\/product_tag?post=379439"}],"curies":[{"name":"wp","href":"https:\/\/api.w.org\/{rel}","templated":true}]}}