{"id":384802,"date":"2026-01-14T17:55:00","date_gmt":"2026-01-14T16:55:00","guid":{"rendered":"https:\/\/ab-marineservice.com\/product\/bukh-dv10-getriebe-bw6\/"},"modified":"2026-01-27T12:55:24","modified_gmt":"2026-01-27T11:55:24","slug":"bukh-dv10-getriebe-bw6","status":"publish","type":"product","link":"https:\/\/ab-marineservice.com\/de\/produkt\/bukh-dv10-getriebe-bw6\/","title":{"rendered":"Bukh DV10 Getriebe BW6"},"content":{"rendered":"","protected":false},"excerpt":{"rendered":"<p>Gebrauchtes Teil.<\/p>\n<p>Wir versenden in ganz Europa.<\/p>\n<p>Mit einer 14-t\u00e4gigen R\u00fcckgabem\u00f6glichkeit.<\/p>\n","protected":false},"featured_media":383337,"comment_status":"open","ping_status":"closed","template":"","meta":[],"location":[],"product_brand":[],"product_cat":[10450],"product_tag":[],"class_list":{"0":"post-384802","1":"product","2":"type-product","3":"status-publish","4":"has-post-thumbnail","6":"product_cat-verkaufte-motoren","7":"product_shipping_class-palettenversand","9":"first","10":"outofstock","11":"shipping-taxable","12":"purchasable","13":"product-type-simple"},"group_of_quantity":0,"min_quantity":0,"max_quantity":"","exclude_order_quantity_value_rules":"no","exclude_category_quantity_rules":"no","combine_variations":"no","locations":[],"_links":{"self":[{"href":"https:\/\/ab-marineservice.com\/de\/wp-json\/wp\/v2\/product\/384802","targetHints":{"allow":["GET"]}}],"collection":[{"href":"https:\/\/ab-marineservice.com\/de\/wp-json\/wp\/v2\/product"}],"about":[{"href":"https:\/\/ab-marineservice.com\/de\/wp-json\/wp\/v2\/types\/product"}],"replies":[{"embeddable":true,"href":"https:\/\/ab-marineservice.com\/de\/wp-json\/wp\/v2\/comments?post=384802"}],"wp:featuredmedia":[{"embeddable":true,"href":"https:\/\/ab-marineservice.com\/de\/wp-json\/wp\/v2\/media\/383337"}],"wp:attachment":[{"href":"https:\/\/ab-marineservice.com\/de\/wp-json\/wp\/v2\/media?parent=384802"}],"wp:term":[{"taxonomy":"location","embeddable":true,"href":"https:\/\/ab-marineservice.com\/de\/wp-json\/wp\/v2\/location?post=384802"},{"taxonomy":"product_brand","embeddable":true,"href":"https:\/\/ab-marineservice.com\/de\/wp-json\/wp\/v2\/product_brand?post=384802"},{"taxonomy":"product_cat","embeddable":true,"href":"https:\/\/ab-marineservice.com\/de\/wp-json\/wp\/v2\/product_cat?post=384802"},{"taxonomy":"product_tag","embeddable":true,"href":"https:\/\/ab-marineservice.com\/de\/wp-json\/wp\/v2\/product_tag?post=384802"}],"curies":[{"name":"wp","href":"https:\/\/api.w.org\/{rel}","templated":true}]}}