{"id":388062,"date":"2025-09-09T16:18:17","date_gmt":"2025-09-09T14:18:17","guid":{"rendered":"https:\/\/ab-marineservice.com\/?post_type=product&#038;p=388062"},"modified":"2026-02-20T14:38:38","modified_gmt":"2026-02-20T13:38:38","slug":"service-kit-volvo-penta-d3-a-c-bis-2009-21105842","status":"publish","type":"product","link":"https:\/\/ab-marineservice.com\/de\/produkt\/service-kit-volvo-penta-d3-a-c-bis-2009-21105842\/","title":{"rendered":"Service-Kit Volvo Penta D3 A-C bis 2009 &#8211; 21105842"},"content":{"rendered":"<h3>Servicekit Volvo Penta D3 A-C bis 2009 &#8211; 21105842<\/h3>\n<p>Dieses Servicekit enth\u00e4lt die wesentlichen Teile f\u00fcr die Wartung von Volvo Penta D3 A-C Motoren bis einschlie\u00dflich 2009.<\/p>\n<h4>Inhalt des Kits:<\/h4>\n<ul>\n<li><strong>Kraftstofffilter<\/strong>: <a href=\"https:\/\/ab-marineservice.com\/de\/produkt\/volvo-penta-d3-kraftstofffilter-31261191\/\" title=\"Volvo Penta D3 Kraftstofffilter - 31261191\">31261191<\/a><\/li>\n<li><strong>\u00d6lfilter<\/strong>: <a href=\"https:\/\/ab-marineservice.com\/de\/produkt\/volvo-penta-d3-olfilter-8692305\/\" title=\"Volvo Penta D3 \u00d6lfilter - 8692305\">8692305<\/a><\/li>\n<li><strong>Impeller<\/strong>: <a href=\"https:\/\/ab-marineservice.com\/de\/produkt\/volvo-penta-d3-impeller-kit-21951352\/\" title=\"Volvo Penta D3 Impeller Kit - 21951352\">21951352<\/a><\/li>\n<\/ul>\n<h4>\u00d6lmenge pro Modell:<\/h4>\n<ul>\n<li><strong>Volvo Penta D3-A-B-C (bis 2009)<\/strong>: Motor\u00f6l (einschlie\u00dflich \u00d6lfilter): 5,65 Liter<\/li>\n<\/ul>\n<h4>Empfohlenes Motor\u00f6l:<\/h4>\n<p>F\u00fcr den \u00d6lwechsel k\u00f6nnen Sie folgende Produkte verwenden:<\/p>\n<ul>\n<li><strong>1 Liter Motor\u00f6l VDS-4.5<\/strong> (Viskosit\u00e4t: 15W40): <a href=\"https:\/\/ab-marineservice.com\/de\/produkt\/volvo-penta-vds-4-5-motorol-15w40-1-liter-23909459\/\" title=\"Motor\u00f6l VDS-4.5 15W40 1 Liter\">Hier klicken, um zu kaufen<\/a><\/li>\n<li><strong>5 Liter Motor\u00f6l VDS-4.5<\/strong> (Viskosit\u00e4t: 15W40): <a href=\"https:\/\/ab-marineservice.com\/de\/produkt\/volvo-penta-vds-4-5-motorol-15w40-5-liter-23909460\/\" title=\"Motor\u00f6l VDS-4.5 15W40 5 Liter\">Hier klicken, um zu kaufen<\/a><\/li>\n<\/ul>\n<h4>Kompatibilit\u00e4t:<\/h4>\n<p>Dieses Servicekit ist ausschlie\u00dflich f\u00fcr Volvo Penta D3-A-B-C Motoren bis einschlie\u00dflich 2009 geeignet. Stellen Sie sicher, dass Ihr Motor mit dem richtigen Modell \u00fcbereinstimmt, bevor Sie das Kit kaufen.<\/p>\n<h4>Wartungstipps:<\/h4>\n<p>Es wird empfohlen, das Motor\u00f6l alle 100 Betriebsstunden oder mindestens einmal im Jahr zu wechseln, je nach Nutzung. Vergessen Sie nicht, die \u00d6lfilter und den Impeller regelm\u00e4\u00dfig zu wechseln, um eine optimale Leistung Ihres Motors sicherzustellen.<\/p>\n","protected":false},"excerpt":{"rendered":"<p>Dieses originale <strong>Servicekit<\/strong> ist f\u00fcr Volvo Penta D3 A-C Motoren bis einschlie\u00dflich 2009 geeignet. Mit der Artikelnummer <strong>21105842<\/strong> enth\u00e4lt das Kit alle wesentlichen Teile f\u00fcr eine vollst\u00e4ndige und zuverl\u00e4ssige Wartung dieser Motoren, einschlie\u00dflich Kraftstofffilter, \u00d6lfilter und Impeller. Alles, was Sie f\u00fcr eine optimale Motorwartung in einem kompletten Kit ben\u00f6tigen.<\/p>\n","protected":false},"featured_media":413603,"comment_status":"open","ping_status":"closed","template":"","meta":[],"location":[28168],"product_brand":[],"product_cat":[1222,1436,23607,23609,22116,2161,25261,25442],"product_tag":[],"class_list":{"0":"post-388062","1":"product","2":"type-product","3":"status-publish","4":"has-post-thumbnail","6":"location-middelzee-motoren","7":"product_cat-motorteile","8":"product_cat-wartung","9":"product_cat-service-kits","10":"product_cat-service-kits-volvo-penta","11":"product_cat-teile-nach-marke","12":"product_cat-motorenteile-volvo-penta","13":"product_cat-volvo-penta-d3-a-c-my2009","14":"product_cat-volvo-penta-wartungskits","15":"product_shipping_class-paket-0-10-kg","17":"first","18":"instock","19":"sale","20":"taxable","21":"shipping-taxable","22":"purchasable","23":"product-type-simple"},"group_of_quantity":0,"min_quantity":0,"max_quantity":"","exclude_order_quantity_value_rules":"no","exclude_category_quantity_rules":"no","combine_variations":"no","locations":[{"id":28168,"name":"Middelzee motoren","slug":"middelzee-motoren","quantity":""}],"_links":{"self":[{"href":"https:\/\/ab-marineservice.com\/de\/wp-json\/wp\/v2\/product\/388062","targetHints":{"allow":["GET"]}}],"collection":[{"href":"https:\/\/ab-marineservice.com\/de\/wp-json\/wp\/v2\/product"}],"about":[{"href":"https:\/\/ab-marineservice.com\/de\/wp-json\/wp\/v2\/types\/product"}],"replies":[{"embeddable":true,"href":"https:\/\/ab-marineservice.com\/de\/wp-json\/wp\/v2\/comments?post=388062"}],"wp:featuredmedia":[{"embeddable":true,"href":"https:\/\/ab-marineservice.com\/de\/wp-json\/wp\/v2\/media\/413603"}],"wp:attachment":[{"href":"https:\/\/ab-marineservice.com\/de\/wp-json\/wp\/v2\/media?parent=388062"}],"wp:term":[{"taxonomy":"location","embeddable":true,"href":"https:\/\/ab-marineservice.com\/de\/wp-json\/wp\/v2\/location?post=388062"},{"taxonomy":"product_brand","embeddable":true,"href":"https:\/\/ab-marineservice.com\/de\/wp-json\/wp\/v2\/product_brand?post=388062"},{"taxonomy":"product_cat","embeddable":true,"href":"https:\/\/ab-marineservice.com\/de\/wp-json\/wp\/v2\/product_cat?post=388062"},{"taxonomy":"product_tag","embeddable":true,"href":"https:\/\/ab-marineservice.com\/de\/wp-json\/wp\/v2\/product_tag?post=388062"}],"curies":[{"name":"wp","href":"https:\/\/api.w.org\/{rel}","templated":true}]}}