{"id":388124,"date":"2025-09-09T19:31:44","date_gmt":"2025-09-09T17:31:44","guid":{"rendered":"https:\/\/ab-marineservice.com\/?post_type=product&#038;p=388124"},"modified":"2026-02-20T13:24:06","modified_gmt":"2026-02-20T12:24:06","slug":"servicekit-volvo-penta-d6-ab-2020-24272028","status":"publish","type":"product","link":"https:\/\/ab-marineservice.com\/de\/produkt\/servicekit-volvo-penta-d6-ab-2020-24272028\/","title":{"rendered":"Servicekit Volvo Penta D6 ab 2020 &#8211; 24272028"},"content":{"rendered":"<h3>Servicekit Volvo Penta D6 ab 2020 &#8211; 24272028<\/h3>\n<p>Dieses Servicekit enth\u00e4lt die wesentlichen Teile f\u00fcr die Wartung von Volvo Penta D6 Motoren ab Baujahr 2020.<\/p>\n<h4>Inhalt des Kits:<\/h4>\n<ul>\n<li><strong>\u00d6lfilter<\/strong>: <a title=\"Volvo Penta D4 D6 \u00d6lfilter - 22030848\" href=\"https:\/\/ab-marineservice.com\/de\/produkt\/volvo-penta-d4-d6-olfilter-22030848\/\">22030848<\/a><\/li>\n<li><strong>By-pass \u00d6lfilter<\/strong>: <a title=\"Volvo Penta D4 D6 \u00d6lfilter - 22030852\" href=\"https:\/\/ab-marineservice.com\/de\/produkt\/volvo-penta-d4-d6-olfilter-22030852\/\">22030852<\/a><\/li>\n<li><strong>Kraftstofffilter<\/strong>: <a title=\"Volvo Penta D4, D6 Kraftstofffilter - 21718912\" href=\"https:\/\/ab-marineservice.com\/de\/produkt\/volvo-penta-d4-d6-kraftstofffilter-21718912\/\">21718912<\/a><\/li>\n<li><strong>Luftfilter<\/strong>: <a title=\"Volvo Penta D4, D6, D9, D11 Luftfiltereinsatz - 21702999\" href=\"https:\/\/ab-marineservice.com\/de\/produkt\/volvo-penta-d4-d6-d9-d11-luftfiltereinsatz-21702999\/\">21702999<\/a><\/li>\n<li><strong>Impeller<\/strong>: <a title=\"Volvo Penta D6 Impeller - 3593573\" href=\"https:\/\/ab-marineservice.com\/de\/produkt\/volvo-penta-d6-impeller-3593573\/\">3593573<\/a><\/li>\n<li><strong>\u00d6lwannefilter<\/strong>: <a title=\"Volvo Penta D4, D6, D9 \u00d6lwannefilter - 3584145\" href=\"https:\/\/ab-marineservice.com\/de\/produkt\/volvo-penta-d4-d6-d9-kurbelgehausefilter-3584145\/\">3584145<\/a><\/li>\n<\/ul>\n<h4>\u00d6lmenge pro Modell:<\/h4>\n<ul>\n<li><strong>Volvo Penta D6 (ab 2020)<\/strong>: Motor\u00f6l (einschlie\u00dflich \u00d6lfilter): 20 Liter<\/li>\n<\/ul>\n<h4>Empfohlenes Motor\u00f6l:<\/h4>\n<p>F\u00fcr den \u00d6lwechsel k\u00f6nnen Sie folgende Produkte verwenden:<\/p>\n<ul>\n<li><strong>1 Liter Motor\u00f6l VDS-4.5<\/strong> (Viskosit\u00e4t: 15W40): <a title=\"Motor\u00f6l VDS-4.5 15W40 1 Liter\" href=\"https:\/\/ab-marineservice.com\/de\/produkt\/volvo-penta-vds-4-5-motorol-15w40-1-liter-23909459\/\">Hier klicken, um zu kaufen<\/a><\/li>\n<li><strong>5 Liter Motor\u00f6l VDS-4.5<\/strong> (Viskosit\u00e4t: 15W40): <a title=\"Motor\u00f6l VDS-4.5 15W40 5 Liter\" href=\"https:\/\/ab-marineservice.com\/de\/produkt\/volvo-penta-vds-4-5-motorol-15w40-5-liter-23909460\/\">Hier klicken, um zu kaufen<\/a><\/li>\n<\/ul>\n<h4>Kompatibilit\u00e4t:<\/h4>\n<p>Dieses Servicekit ist ausschlie\u00dflich f\u00fcr Volvo Penta D6 Motoren ab Baujahr 2020 geeignet. Stellen Sie sicher, dass Ihr Motor mit dem richtigen Modell \u00fcbereinstimmt, bevor Sie das Kit kaufen.<\/p>\n<h4>Wartungstipps:<\/h4>\n<p>Es wird empfohlen, das Motor\u00f6l alle 100 Betriebsstunden oder mindestens einmal im Jahr zu wechseln, je nach Nutzung. Vergessen Sie nicht, die \u00d6lfilter und den Impeller regelm\u00e4\u00dfig zu wechseln, um eine optimale Leistung Ihres Motors sicherzustellen.<\/p>\n","protected":false},"excerpt":{"rendered":"<p>Dieses originale <strong>Servicekit<\/strong> ist f\u00fcr Volvo Penta D6 Motoren ab Baujahr 2020 geeignet. Mit der Artikelnummer <strong>24272028<\/strong> enth\u00e4lt das Kit alle wesentlichen Teile f\u00fcr eine vollst\u00e4ndige und zuverl\u00e4ssige Wartung, einschlie\u00dflich \u00d6lfilter, Kraftstofffilter, Luftfilter, Impeller und \u00d6lwannefilter. Alles, was Sie f\u00fcr eine optimale Motorwartung in einem kompletten Kit ben\u00f6tigen.<\/p>\n","protected":false},"featured_media":388106,"comment_status":"open","ping_status":"closed","template":"","meta":[],"location":[28168],"product_brand":[],"product_cat":[1222,1436,23607,23609,22116,2161,25278,25442],"product_tag":[],"class_list":{"0":"post-388124","1":"product","2":"type-product","3":"status-publish","4":"has-post-thumbnail","6":"location-middelzee-motoren","7":"product_cat-motorteile","8":"product_cat-wartung","9":"product_cat-service-kits","10":"product_cat-service-kits-volvo-penta","11":"product_cat-teile-nach-marke","12":"product_cat-motorenteile-volvo-penta","13":"product_cat-volvo-penta-d4-d6-g-my2020","14":"product_cat-volvo-penta-wartungskits","15":"product_shipping_class-paket-0-10-kg","17":"first","18":"instock","19":"sale","20":"taxable","21":"shipping-taxable","22":"purchasable","23":"product-type-simple"},"group_of_quantity":0,"min_quantity":0,"max_quantity":"","exclude_order_quantity_value_rules":"no","exclude_category_quantity_rules":"no","combine_variations":"no","locations":[{"id":28168,"name":"Middelzee motoren","slug":"middelzee-motoren","quantity":""}],"_links":{"self":[{"href":"https:\/\/ab-marineservice.com\/de\/wp-json\/wp\/v2\/product\/388124","targetHints":{"allow":["GET"]}}],"collection":[{"href":"https:\/\/ab-marineservice.com\/de\/wp-json\/wp\/v2\/product"}],"about":[{"href":"https:\/\/ab-marineservice.com\/de\/wp-json\/wp\/v2\/types\/product"}],"replies":[{"embeddable":true,"href":"https:\/\/ab-marineservice.com\/de\/wp-json\/wp\/v2\/comments?post=388124"}],"wp:featuredmedia":[{"embeddable":true,"href":"https:\/\/ab-marineservice.com\/de\/wp-json\/wp\/v2\/media\/388106"}],"wp:attachment":[{"href":"https:\/\/ab-marineservice.com\/de\/wp-json\/wp\/v2\/media?parent=388124"}],"wp:term":[{"taxonomy":"location","embeddable":true,"href":"https:\/\/ab-marineservice.com\/de\/wp-json\/wp\/v2\/location?post=388124"},{"taxonomy":"product_brand","embeddable":true,"href":"https:\/\/ab-marineservice.com\/de\/wp-json\/wp\/v2\/product_brand?post=388124"},{"taxonomy":"product_cat","embeddable":true,"href":"https:\/\/ab-marineservice.com\/de\/wp-json\/wp\/v2\/product_cat?post=388124"},{"taxonomy":"product_tag","embeddable":true,"href":"https:\/\/ab-marineservice.com\/de\/wp-json\/wp\/v2\/product_tag?post=388124"}],"curies":[{"name":"wp","href":"https:\/\/api.w.org\/{rel}","templated":true}]}}