{"id":388323,"date":"2025-09-10T17:36:55","date_gmt":"2025-09-10T15:36:55","guid":{"rendered":"https:\/\/ab-marineservice.com\/?post_type=product&#038;p=388323"},"modified":"2026-05-12T16:36:56","modified_gmt":"2026-05-12T14:36:56","slug":"volvo-penta-impeller-24139377","status":"publish","type":"product","link":"https:\/\/ab-marineservice.com\/de\/produkt\/volvo-penta-impeller-24139377\/","title":{"rendered":"Volvo Penta Impeller kit &#8211; 24139377 &#8211; 21951356"},"content":{"rendered":"<p><strong>Geeignet f\u00fcr:<\/strong><br \/>\nVolvo Penta KAMD300A<br \/>\nVolvo Penta KAD3000A<br \/>\nVolvo Penta KAMD44P-A\/P-B\/P-C<br \/>\nVolvo Penta KAD44P-A\/P-B\/P-C<br \/>\nVolvo Penta KAMD43P-A<br \/>\nVolvo Penta KAD43P-A<br \/>\nVolvo Penta KAMD42A\/B\/P-A<br \/>\nVolvo Penta KAD42A\/B\/P-A<br \/>\nVolvo Penta AD41P\/L-A<br \/>\nVolvo Penta TAMD41P\/L\/M\/H-A\/H-B<br \/>\nVolvo Penta AQAD41A<br \/>\nVolvo Penta AD41A\/B\/D<br \/>\nVolvo Penta D41A\/B\/D\/L-A<br \/>\nVolvo Penta TAMD41A\/B\/D<br \/>\nVolvo Penta TMD41A\/B\/D\/L-A<br \/>\nVolvo Penta AQAD40A \/B<br \/>\nVolvo Penta AQD40A<br \/>\nVolvo Penta TAMD40A\/B<br \/>\nVolvo Penta TMD40A\/B\/C<br \/>\nVolvo Penta KAD32A<br \/>\nVolvo Penta TAMD31A\/B\/D\/P\/L\/M\/S-A<br \/>\nVolvo Penta TMD31A\/B\/D\/L-A<br \/>\nVolvo Penta MD31A<br \/>\nVolvo Penta AD31A\/B\/D\/XD\/P\/L-A<br \/>\nVolvo Penta AQAD31A<br \/>\nVolvo Penta AQAD30A<br \/>\nVolvo Penta TAMD30A\/B\/D\/AQ<br \/>\nVolvo Penta MD30A\/B\/D\/AQ<\/p>\n","protected":false},"excerpt":{"rendered":"<p>Volvo Penta Impeller-Kit. Originalteil mit der Artikelnummer 24139377,21951356 enth\u00e4lt die notwendigen Komponenten f\u00fcr einen zuverl\u00e4ssigen Betrieb der K\u00fchlwasserpumpe und eine optimale Motork\u00fchlung.<\/p>\n","protected":false},"featured_media":388326,"comment_status":"open","ping_status":"closed","template":"","meta":[],"location":[28168],"product_brand":[25895],"product_cat":[1222,1436,22116,2161,25254],"product_tag":[],"class_list":{"0":"post-388323","1":"product","2":"type-product","3":"status-publish","4":"has-post-thumbnail","6":"location-middelzee-motoren","7":"product_brand-volvo-penta","8":"product_cat-motorteile","9":"product_cat-wartung","10":"product_cat-teile-nach-marke","11":"product_cat-motorenteile-volvo-penta","12":"product_cat-weitere-volvo-penta-teile","13":"product_shipping_class-paket-0-10-kg","15":"first","16":"instock","17":"sale","18":"taxable","19":"shipping-taxable","20":"purchasable","21":"product-type-simple"},"group_of_quantity":0,"min_quantity":0,"max_quantity":"","exclude_order_quantity_value_rules":"no","exclude_category_quantity_rules":"no","combine_variations":"no","locations":[{"id":28168,"name":"Middelzee motoren","slug":"middelzee-motoren","quantity":""}],"_links":{"self":[{"href":"https:\/\/ab-marineservice.com\/de\/wp-json\/wp\/v2\/product\/388323","targetHints":{"allow":["GET"]}}],"collection":[{"href":"https:\/\/ab-marineservice.com\/de\/wp-json\/wp\/v2\/product"}],"about":[{"href":"https:\/\/ab-marineservice.com\/de\/wp-json\/wp\/v2\/types\/product"}],"replies":[{"embeddable":true,"href":"https:\/\/ab-marineservice.com\/de\/wp-json\/wp\/v2\/comments?post=388323"}],"wp:featuredmedia":[{"embeddable":true,"href":"https:\/\/ab-marineservice.com\/de\/wp-json\/wp\/v2\/media\/388326"}],"wp:attachment":[{"href":"https:\/\/ab-marineservice.com\/de\/wp-json\/wp\/v2\/media?parent=388323"}],"wp:term":[{"taxonomy":"location","embeddable":true,"href":"https:\/\/ab-marineservice.com\/de\/wp-json\/wp\/v2\/location?post=388323"},{"taxonomy":"product_brand","embeddable":true,"href":"https:\/\/ab-marineservice.com\/de\/wp-json\/wp\/v2\/product_brand?post=388323"},{"taxonomy":"product_cat","embeddable":true,"href":"https:\/\/ab-marineservice.com\/de\/wp-json\/wp\/v2\/product_cat?post=388323"},{"taxonomy":"product_tag","embeddable":true,"href":"https:\/\/ab-marineservice.com\/de\/wp-json\/wp\/v2\/product_tag?post=388323"}],"curies":[{"name":"wp","href":"https:\/\/api.w.org\/{rel}","templated":true}]}}