{"id":391435,"date":"2025-09-16T10:24:25","date_gmt":"2025-09-16T08:24:25","guid":{"rendered":"https:\/\/ab-marineservice.com\/product\/volvo-penta-absorber-1348141\/"},"modified":"2026-01-22T17:47:45","modified_gmt":"2026-01-22T16:47:45","slug":"volvo-penta-absorber-1348141","status":"publish","type":"product","link":"https:\/\/ab-marineservice.com\/de\/produkt\/volvo-penta-absorber-1348141\/","title":{"rendered":"Volvo Penta absorber &#8211; 1348141"},"content":{"rendered":"<p><strong>Geeignet f\u00fcr:<\/strong><\/p>\n<p>Volvo Penta D1-13<br \/>\nVolvo Penta D1-20<br \/>\nVolvo Penta D1-30<br \/>\nVolvo Penta D12D<br \/>\nVolvo Penta D13B<br \/>\nVolvo Penta D2-40<br \/>\nVolvo Penta KAD300<br \/>\nVolvo Penta KAD32<br \/>\nVolvo Penta KAD42<br \/>\nVolvo Penta KAD43<br \/>\nVolvo Penta KAD44<br \/>\nVolvo Penta KAMD300<br \/>\nVolvo Penta KAMD42<br \/>\nVolvo Penta KAMD43<br \/>\nVolvo Penta KAMD44<br \/>\nVolvo Penta MD22<br \/>\nVolvo Penta TAMD22<br \/>\nVolvo Penta TAMD42<br \/>\nVolvo Penta TMD22<\/p>\n","protected":false},"excerpt":{"rendered":"<p>Volvo Penta D\u00e4mpfer. Originalteil mit Artikelnummer 1348141, sorgt f\u00fcr die D\u00e4mpfung von Vibrationen und Ger\u00e4uschen in Motor- und Antriebssystemen.<\/p>\n","protected":false},"featured_media":397797,"comment_status":"open","ping_status":"closed","template":"","meta":[],"location":[28168],"product_brand":[],"product_cat":[1222,22116,2161,25254],"product_tag":[],"class_list":{"0":"post-391435","1":"product","2":"type-product","3":"status-publish","4":"has-post-thumbnail","6":"location-middelzee-motoren","7":"product_cat-motorteile","8":"product_cat-teile-nach-marke","9":"product_cat-motorenteile-volvo-penta","10":"product_cat-weitere-volvo-penta-teile","11":"product_shipping_class-paket-0-10-kg","13":"first","14":"instock","15":"sale","16":"taxable","17":"shipping-taxable","18":"purchasable","19":"product-type-simple"},"group_of_quantity":0,"min_quantity":0,"max_quantity":"","exclude_order_quantity_value_rules":"no","exclude_category_quantity_rules":"no","combine_variations":"no","locations":[{"id":28168,"name":"Middelzee motoren","slug":"middelzee-motoren","quantity":""}],"_links":{"self":[{"href":"https:\/\/ab-marineservice.com\/de\/wp-json\/wp\/v2\/product\/391435","targetHints":{"allow":["GET"]}}],"collection":[{"href":"https:\/\/ab-marineservice.com\/de\/wp-json\/wp\/v2\/product"}],"about":[{"href":"https:\/\/ab-marineservice.com\/de\/wp-json\/wp\/v2\/types\/product"}],"replies":[{"embeddable":true,"href":"https:\/\/ab-marineservice.com\/de\/wp-json\/wp\/v2\/comments?post=391435"}],"wp:featuredmedia":[{"embeddable":true,"href":"https:\/\/ab-marineservice.com\/de\/wp-json\/wp\/v2\/media\/397797"}],"wp:attachment":[{"href":"https:\/\/ab-marineservice.com\/de\/wp-json\/wp\/v2\/media?parent=391435"}],"wp:term":[{"taxonomy":"location","embeddable":true,"href":"https:\/\/ab-marineservice.com\/de\/wp-json\/wp\/v2\/location?post=391435"},{"taxonomy":"product_brand","embeddable":true,"href":"https:\/\/ab-marineservice.com\/de\/wp-json\/wp\/v2\/product_brand?post=391435"},{"taxonomy":"product_cat","embeddable":true,"href":"https:\/\/ab-marineservice.com\/de\/wp-json\/wp\/v2\/product_cat?post=391435"},{"taxonomy":"product_tag","embeddable":true,"href":"https:\/\/ab-marineservice.com\/de\/wp-json\/wp\/v2\/product_tag?post=391435"}],"curies":[{"name":"wp","href":"https:\/\/api.w.org\/{rel}","templated":true}]}}