{"id":391487,"date":"2025-09-16T10:27:17","date_gmt":"2025-09-16T08:27:17","guid":{"rendered":"https:\/\/ab-marineservice.com\/product\/volvo-penta-anodensatz-23974010\/"},"modified":"2025-12-02T15:28:44","modified_gmt":"2025-12-02T14:28:44","slug":"volvo-penta-anodensatz-23974010","status":"publish","type":"product","link":"https:\/\/ab-marineservice.com\/de\/produkt\/volvo-penta-anodensatz-23974010\/","title":{"rendered":"Volvo Penta Anodenset f\u00fcr unteres Getriebegeh\u00e4use, Aluminium \u2013 23974010"},"content":{"rendered":"","protected":false},"excerpt":{"rendered":"<p><strong>Produktinfo:<\/strong><br \/>\nAnoden m\u00fcssen geopfert werden, um das Antriebssystem und den Propeller vor galvanischer Korrosion zu sch\u00fctzen. Volvo Penta Anoden sind getestet und speziell f\u00fcr Volvo Penta Antriebe und Propeller hergestellt.<br \/>\nNachfolgend finden Sie unsere allgemeinen Empfehlungen f\u00fcr die Auswahl der richtigen Anode f\u00fcr den Gew\u00e4ssertyp, in dem das Boot verwendet wird:<br \/>\nSalzwasser \u2013 Aluminium<br \/>\nBrackwasser \u2013 Aluminium<br \/>\nS\u00fc\u00dfwasser \u2013 Magnesium<\/p>\n<p><strong>Geeignet f\u00fcr:<\/strong><br \/>\nVolvo Penta AD30<br \/>\nVolvo Penta AD31<br \/>\nVolvo Penta AD40<br \/>\nVolvo Penta AD41<br \/>\nVolvo Penta AQAD30<br \/>\nVolvo Penta AQAD40<br \/>\nVolvo Penta AQD40<br \/>\nVolvo Penta D41<br \/>\nVolvo Penta KAD42<br \/>\nVolvo Penta KAMD42<br \/>\nVolvo Penta MD30<br \/>\nVolvo Penta MD31<br \/>\nVolvo Penta MD40<br \/>\nVolvo Penta TAMD30<br \/>\nVolvo Penta TAMD31<br \/>\nVolvo Penta TAMD40<br \/>\nVolvo Penta TMD30<br \/>\nVolvo Penta TMD31<br \/>\nVolvo Penta 231<br \/>\nVolvo Penta 271<br \/>\nVolvo Penta 430<br \/>\nVolvo Penta 500<br \/>\nVolvo Penta 570<br \/>\nVolvo Penta 740<br \/>\nVolvo Penta AQ200<br \/>\nVolvo Penta AQ205<br \/>\nVolvo Penta AQ225<br \/>\nVolvo Penta AQ231<br \/>\nVolvo Penta AQ271<br \/>\nVolvo Penta BB225<br \/>\nVolvo Penta BB740<br \/>\nVolvo Penta 275<br \/>\nVolvo Penta 280<br \/>\nVolvo Penta 290<br \/>\nVolvo Penta DP<br \/>\nVolvo Penta MS3<br \/>\nVolvo Penta MS4<br \/>\nVolvo Penta SP<br \/>\nVolvo Penta TSK<\/p>\n","protected":false},"featured_media":0,"comment_status":"open","ping_status":"closed","template":"","meta":[],"location":[28168],"product_brand":[],"product_cat":[1222,22116,2161,25456],"product_tag":[],"class_list":{"0":"post-391487","1":"product","2":"type-product","3":"status-publish","5":"location-middelzee-motoren","6":"product_cat-motorteile","7":"product_cat-teile-nach-marke","8":"product_cat-motorenteile-volvo-penta","9":"product_cat-volvo-penta-anoden","10":"product_shipping_class-paket-0-10-kg","12":"first","13":"instock","14":"sale","15":"taxable","16":"shipping-taxable","17":"purchasable","18":"product-type-simple"},"group_of_quantity":0,"min_quantity":0,"max_quantity":"","exclude_order_quantity_value_rules":"no","exclude_category_quantity_rules":"no","combine_variations":"no","locations":[{"id":28168,"name":"Middelzee motoren","slug":"middelzee-motoren","quantity":""}],"_links":{"self":[{"href":"https:\/\/ab-marineservice.com\/de\/wp-json\/wp\/v2\/product\/391487","targetHints":{"allow":["GET"]}}],"collection":[{"href":"https:\/\/ab-marineservice.com\/de\/wp-json\/wp\/v2\/product"}],"about":[{"href":"https:\/\/ab-marineservice.com\/de\/wp-json\/wp\/v2\/types\/product"}],"replies":[{"embeddable":true,"href":"https:\/\/ab-marineservice.com\/de\/wp-json\/wp\/v2\/comments?post=391487"}],"wp:attachment":[{"href":"https:\/\/ab-marineservice.com\/de\/wp-json\/wp\/v2\/media?parent=391487"}],"wp:term":[{"taxonomy":"location","embeddable":true,"href":"https:\/\/ab-marineservice.com\/de\/wp-json\/wp\/v2\/location?post=391487"},{"taxonomy":"product_brand","embeddable":true,"href":"https:\/\/ab-marineservice.com\/de\/wp-json\/wp\/v2\/product_brand?post=391487"},{"taxonomy":"product_cat","embeddable":true,"href":"https:\/\/ab-marineservice.com\/de\/wp-json\/wp\/v2\/product_cat?post=391487"},{"taxonomy":"product_tag","embeddable":true,"href":"https:\/\/ab-marineservice.com\/de\/wp-json\/wp\/v2\/product_tag?post=391487"}],"curies":[{"name":"wp","href":"https:\/\/api.w.org\/{rel}","templated":true}]}}