{"id":391492,"date":"2025-09-16T10:27:17","date_gmt":"2025-09-16T08:27:17","guid":{"rendered":"https:\/\/ab-marineservice.com\/product\/volvo-penta-anodensatz-3593981\/"},"modified":"2026-04-13T19:33:08","modified_gmt":"2026-04-13T17:33:08","slug":"volvo-penta-anodensatz-3593981","status":"publish","type":"product","link":"https:\/\/ab-marineservice.com\/de\/produkt\/volvo-penta-anodensatz-3593981\/","title":{"rendered":"Volvo Penta IPS Anodenset f\u00fcr unteres Getriebegeh\u00e4use \u2013 3593981"},"content":{"rendered":"<p><strong>Produktinfo:<\/strong><br \/>\nAnoden m\u00fcssen geopfert werden, um das Antriebssystem und den Propeller vor galvanischer Korrosion zu sch\u00fctzen. Volvo Penta Anoden sind getestet und speziell f\u00fcr Volvo Penta Antriebe und Propeller hergestellt.<br \/>\nDas Anodensystem f\u00fcr Volvo Penta IPS ist daf\u00fcr ausgelegt, Schutz in Salz-, Brack- und S\u00fc\u00dfwasser zu bieten.<\/p>\n<p><strong>Geeignet f\u00fcr:<\/strong><br \/>\nVolvo Penta IPS<br \/>\nVolvo Penta IPS10<br \/>\nVolvo Penta IPS15<br \/>\nVolvo Penta IPS2<br \/>\nVolvo Penta IPS20<br \/>\nVolvo Penta IPS30<\/p>\n","protected":false},"excerpt":{"rendered":"<p>Volvo Penta IPS Anode ist eine Opferanode, die speziell entwickelt wurde, um die Antriebseinheit und den Propeller vor galvanischer Korrosion zu sch\u00fctzen. Durch ihr kontrolliertes Abnutzen verhindert die Anode Sch\u00e4den an wichtigen Metallteilen, verl\u00e4ngert die Lebensdauer des Antriebs und beugt teuren Sch\u00e4den vor. Geeignet f\u00fcr den Einsatz in Salz-, Brack- und S\u00fc\u00dfwasser.<\/p>\n<h4>Wichtige Merkmale und Vorteile:<\/h4>\n<p><strong>Korrosionsschutz:<\/strong> Verhindert Sch\u00e4den an Antrieb und Propeller durch galvanische Einfl\u00fcsse.<br \/>\n<strong>Geeignet f\u00fcr mehrere IPS-Systeme:<\/strong> Kompatibel mit IPS, IPS10, IPS15, IPS2, IPS20 und IPS30.<br \/>\n<strong>F\u00fcr alle Gew\u00e4sser geeignet:<\/strong> Effektiv in Salz-, Brack- und S\u00fc\u00dfwasser.<br \/>\n<strong>Opferanode:<\/strong> Nutzt sich kontrolliert ab, um wichtige Komponenten zu sch\u00fctzen.<\/p>\n","protected":false},"featured_media":412786,"comment_status":"open","ping_status":"closed","template":"","meta":[],"location":[],"product_brand":[25895],"product_cat":[1222,22116,2161,25456],"product_tag":[],"class_list":{"0":"post-391492","1":"product","2":"type-product","3":"status-publish","4":"has-post-thumbnail","6":"product_brand-volvo-penta","7":"product_cat-motorteile","8":"product_cat-teile-nach-marke","9":"product_cat-motorenteile-volvo-penta","10":"product_cat-volvo-penta-anoden","11":"product_shipping_class-paket-0-10-kg","13":"first","14":"instock","15":"sale","16":"taxable","17":"shipping-taxable","18":"purchasable","19":"product-type-simple"},"group_of_quantity":0,"min_quantity":0,"max_quantity":"","exclude_order_quantity_value_rules":"no","exclude_category_quantity_rules":"no","combine_variations":"no","locations":[{"id":28168,"name":"Middelzee motoren","slug":"middelzee-motoren","quantity":""}],"_links":{"self":[{"href":"https:\/\/ab-marineservice.com\/de\/wp-json\/wp\/v2\/product\/391492","targetHints":{"allow":["GET"]}}],"collection":[{"href":"https:\/\/ab-marineservice.com\/de\/wp-json\/wp\/v2\/product"}],"about":[{"href":"https:\/\/ab-marineservice.com\/de\/wp-json\/wp\/v2\/types\/product"}],"replies":[{"embeddable":true,"href":"https:\/\/ab-marineservice.com\/de\/wp-json\/wp\/v2\/comments?post=391492"}],"wp:featuredmedia":[{"embeddable":true,"href":"https:\/\/ab-marineservice.com\/de\/wp-json\/wp\/v2\/media\/412786"}],"wp:attachment":[{"href":"https:\/\/ab-marineservice.com\/de\/wp-json\/wp\/v2\/media?parent=391492"}],"wp:term":[{"taxonomy":"location","embeddable":true,"href":"https:\/\/ab-marineservice.com\/de\/wp-json\/wp\/v2\/location?post=391492"},{"taxonomy":"product_brand","embeddable":true,"href":"https:\/\/ab-marineservice.com\/de\/wp-json\/wp\/v2\/product_brand?post=391492"},{"taxonomy":"product_cat","embeddable":true,"href":"https:\/\/ab-marineservice.com\/de\/wp-json\/wp\/v2\/product_cat?post=391492"},{"taxonomy":"product_tag","embeddable":true,"href":"https:\/\/ab-marineservice.com\/de\/wp-json\/wp\/v2\/product_tag?post=391492"}],"curies":[{"name":"wp","href":"https:\/\/api.w.org\/{rel}","templated":true}]}}