{"id":391496,"date":"2025-09-16T10:28:35","date_gmt":"2025-09-16T08:28:35","guid":{"rendered":"https:\/\/ab-marineservice.com\/product\/volvo-penta-antenne-24412641\/"},"modified":"2026-05-02T11:29:49","modified_gmt":"2026-05-02T09:29:49","slug":"volvo-penta-antenne-24412641","status":"publish","type":"product","link":"https:\/\/ab-marineservice.com\/de\/produkt\/volvo-penta-antenne-24412641\/","title":{"rendered":"Volvo Penta antenna for DPS and Assisted Docking &#8211; 24412641"},"content":{"rendered":"<p><strong>Geeignet f\u00fcr:<\/strong><\/p>\n<p>Volvo Penta D11<br \/>\nVolvo Penta D13<br \/>\nVolvo Penta D16<br \/>\nVolvo Penta D3<br \/>\nVolvo Penta D4<br \/>\nVolvo Penta D6<br \/>\nVolvo Penta D8<br \/>\nVolvo Penta D9<br \/>\nVolvo Penta 8.1<\/p>\n","protected":false},"excerpt":{"rendered":"<p>Volvo Penta Antenne 24412641 ist eine speziell entwickelte Antenne f\u00fcr das Dynamic Positioning System (DPS) und das Assisted Docking System. Diese Antenne spielt eine entscheidende Rolle bei der genauen Bestimmung der Position Ihres Bootes, was bei pr\u00e4zisen Man\u00f6vern in engen R\u00e4umen oder beim automatischen Halten der Position des Bootes unerl\u00e4sslich ist. Mit zuverl\u00e4ssigem Signalempfang unterst\u00fctzt sie Systeme, die Ihnen helfen, sicher und kontrolliert zu fahren.<\/p>\n","protected":false},"featured_media":0,"comment_status":"open","ping_status":"closed","template":"","meta":[],"location":[],"product_brand":[25895],"product_cat":[1222,22116,2161,25254],"product_tag":[],"class_list":{"0":"post-391496","1":"product","2":"type-product","3":"status-publish","5":"product_brand-volvo-penta","6":"product_cat-motorteile","7":"product_cat-teile-nach-marke","8":"product_cat-motorenteile-volvo-penta","9":"product_cat-weitere-volvo-penta-teile","10":"product_shipping_class-paket-0-10-kg","12":"first","13":"instock","14":"sale","15":"taxable","16":"shipping-taxable","17":"purchasable","18":"product-type-simple"},"group_of_quantity":0,"min_quantity":0,"max_quantity":"","exclude_order_quantity_value_rules":"no","exclude_category_quantity_rules":"no","combine_variations":"no","locations":[],"_links":{"self":[{"href":"https:\/\/ab-marineservice.com\/de\/wp-json\/wp\/v2\/product\/391496","targetHints":{"allow":["GET"]}}],"collection":[{"href":"https:\/\/ab-marineservice.com\/de\/wp-json\/wp\/v2\/product"}],"about":[{"href":"https:\/\/ab-marineservice.com\/de\/wp-json\/wp\/v2\/types\/product"}],"replies":[{"embeddable":true,"href":"https:\/\/ab-marineservice.com\/de\/wp-json\/wp\/v2\/comments?post=391496"}],"wp:attachment":[{"href":"https:\/\/ab-marineservice.com\/de\/wp-json\/wp\/v2\/media?parent=391496"}],"wp:term":[{"taxonomy":"location","embeddable":true,"href":"https:\/\/ab-marineservice.com\/de\/wp-json\/wp\/v2\/location?post=391496"},{"taxonomy":"product_brand","embeddable":true,"href":"https:\/\/ab-marineservice.com\/de\/wp-json\/wp\/v2\/product_brand?post=391496"},{"taxonomy":"product_cat","embeddable":true,"href":"https:\/\/ab-marineservice.com\/de\/wp-json\/wp\/v2\/product_cat?post=391496"},{"taxonomy":"product_tag","embeddable":true,"href":"https:\/\/ab-marineservice.com\/de\/wp-json\/wp\/v2\/product_tag?post=391496"}],"curies":[{"name":"wp","href":"https:\/\/api.w.org\/{rel}","templated":true}]}}