{"id":391575,"date":"2025-09-16T10:33:47","date_gmt":"2025-09-16T08:33:47","guid":{"rendered":"https:\/\/ab-marineservice.com\/product\/volvo-penta-buchse-23900058\/"},"modified":"2026-03-20T14:58:55","modified_gmt":"2026-03-20T13:58:55","slug":"volvo-penta-buchse-23900058","status":"publish","type":"product","link":"https:\/\/ab-marineservice.com\/de\/produkt\/volvo-penta-buchse-23900058\/","title":{"rendered":"Volvo Penta IPS10\u2011A Buchse &#8211; 23900058"},"content":{"rendered":"<p><strong>Geeignet f\u00fcr:<\/strong><br \/>\nVolvo Penta IPS10-A<\/p>\n","protected":false},"excerpt":{"rendered":"<p>Volvo Penta IPS10-A Buchse 23900058 ist ein Bestandteil des IPS10-A Antriebssystems (Inboard Performance System) von Volvo Penta. Die Buchse dient Montage- und F\u00fchrungszwecken innerhalb der IPS-Antriebseinheit und tr\u00e4gt zu einer pr\u00e4zisen Ausrichtung und einem reibungslosen Betrieb der internen Komponenten der IPS-Einheit bei. Das IPS-System selbst kombiniert Motor, Getriebe und Joystick-Steuerung f\u00fcr eine verbesserte Man\u00f6vrierf\u00e4higkeit und Leistungssteigerung.<\/p>\n","protected":false},"featured_media":431166,"comment_status":"open","ping_status":"closed","template":"","meta":[],"location":[28168],"product_brand":[],"product_cat":[1222,22116,2161,25254],"product_tag":[],"class_list":{"0":"post-391575","1":"product","2":"type-product","3":"status-publish","4":"has-post-thumbnail","6":"location-middelzee-motoren","7":"product_cat-motorteile","8":"product_cat-teile-nach-marke","9":"product_cat-motorenteile-volvo-penta","10":"product_cat-weitere-volvo-penta-teile","11":"product_shipping_class-paket-0-10-kg","13":"first","14":"instock","15":"sale","16":"taxable","17":"shipping-taxable","18":"purchasable","19":"product-type-simple"},"group_of_quantity":0,"min_quantity":0,"max_quantity":"","exclude_order_quantity_value_rules":"no","exclude_category_quantity_rules":"no","combine_variations":"no","locations":[{"id":28168,"name":"Middelzee motoren","slug":"middelzee-motoren","quantity":""}],"_links":{"self":[{"href":"https:\/\/ab-marineservice.com\/de\/wp-json\/wp\/v2\/product\/391575","targetHints":{"allow":["GET"]}}],"collection":[{"href":"https:\/\/ab-marineservice.com\/de\/wp-json\/wp\/v2\/product"}],"about":[{"href":"https:\/\/ab-marineservice.com\/de\/wp-json\/wp\/v2\/types\/product"}],"replies":[{"embeddable":true,"href":"https:\/\/ab-marineservice.com\/de\/wp-json\/wp\/v2\/comments?post=391575"}],"wp:featuredmedia":[{"embeddable":true,"href":"https:\/\/ab-marineservice.com\/de\/wp-json\/wp\/v2\/media\/431166"}],"wp:attachment":[{"href":"https:\/\/ab-marineservice.com\/de\/wp-json\/wp\/v2\/media?parent=391575"}],"wp:term":[{"taxonomy":"location","embeddable":true,"href":"https:\/\/ab-marineservice.com\/de\/wp-json\/wp\/v2\/location?post=391575"},{"taxonomy":"product_brand","embeddable":true,"href":"https:\/\/ab-marineservice.com\/de\/wp-json\/wp\/v2\/product_brand?post=391575"},{"taxonomy":"product_cat","embeddable":true,"href":"https:\/\/ab-marineservice.com\/de\/wp-json\/wp\/v2\/product_cat?post=391575"},{"taxonomy":"product_tag","embeddable":true,"href":"https:\/\/ab-marineservice.com\/de\/wp-json\/wp\/v2\/product_tag?post=391575"}],"curies":[{"name":"wp","href":"https:\/\/api.w.org\/{rel}","templated":true}]}}