{"id":391589,"date":"2025-09-16T10:33:47","date_gmt":"2025-09-16T08:33:47","guid":{"rendered":"https:\/\/ab-marineservice.com\/product\/volvo-penta-buchse-853223\/"},"modified":"2026-03-23T17:09:20","modified_gmt":"2026-03-23T16:09:20","slug":"volvo-penta-buchse-853223","status":"publish","type":"product","link":"https:\/\/ab-marineservice.com\/de\/produkt\/volvo-penta-buchse-853223\/","title":{"rendered":"Volvo Penta Buchse f\u00fcr Geh\u00e4use &#8211; 853223"},"content":{"rendered":"<p><strong>Technische Daten:<\/strong><br \/>\nProduktart: Buchse \/ F\u00fchrungsbuchse<br \/>\nAnwendung: Antrieb \/ Geh\u00e4use f\u00fcr Sterndrive<br \/>\nKompatibel mit: Volvo Penta Sterndrive wie AQ290, SP, DP-Serie<br \/>\nTeilenummer: 853223<\/p>\n<p><strong>Kompatibel mit:<\/strong><br \/>\nVolvo Penta AD30<br \/>\nVolvo Penta AD31<br \/>\nVolvo Penta AD40<br \/>\nVolvo Penta AD41<br \/>\nVolvo Penta AQAD30A<br \/>\nVolvo Penta AQAD40A<br \/>\nVolvo Penta AQD21B<br \/>\nVolvo Penta AQD40A<br \/>\nVolvo Penta D41B<br \/>\nVolvo Penta KAD42A<br \/>\nVolvo Penta KAD42B<br \/>\nVolvo Penta KAMD42B<br \/>\nVolvo Penta MD21B<br \/>\nVolvo Penta MD30A<br \/>\nVolvo Penta MD31A<br \/>\nVolvo Penta MD40A<br \/>\nVolvo Penta TAMD30A<br \/>\nVolvo Penta TAMD31A<br \/>\nVolvo Penta TAMD31B<br \/>\nVolvo Penta TAMD31D<br \/>\nVolvo Penta TAMD31M<br \/>\nVolvo Penta TAMD40A<br \/>\nVolvo Penta TAMD40B<br \/>\nVolvo Penta TAMD41B<br \/>\nVolvo Penta TAMD41P<br \/>\nVolvo Penta TAMD42B<br \/>\nVolvo Penta TMD30A<br \/>\nVolvo Penta TMD31A<br \/>\nVolvo Penta TMD31B<br \/>\nVolvo Penta TMD31D<br \/>\nVolvo Penta TMD40A<br \/>\nVolvo Penta TMD40B<br \/>\nVolvo Penta TMD40C<br \/>\nVolvo Penta TMD41B<br \/>\nVolvo Penta AQ131<br \/>\nVolvo Penta AQ145<br \/>\nVolvo Penta AQ151<br \/>\nVolvo Penta AQ171<br \/>\nVolvo Penta AQ175<br \/>\nVolvo Penta AQ200<br \/>\nVolvo Penta AQ205<br \/>\nVolvo Penta AQ211<br \/>\nVolvo Penta AQ225<br \/>\nVolvo Penta AQ231<br \/>\nVolvo Penta AQ260<br \/>\nVolvo Penta AQ271<br \/>\nVolvo Penta AQ290<br \/>\nVolvo Penta AQ311<br \/>\nVolvo Penta B230<br \/>\nVolvo Penta BB225<br \/>\nVolvo Penta BB260<br \/>\nVolvo Penta BB740<br \/>\nVolvo Penta 275<br \/>\nVolvo Penta 280<br \/>\nVolvo Penta 285<br \/>\nVolvo Penta 290<br \/>\nVolvo Penta DP-A<br \/>\nVolvo Penta DP-B<br \/>\nVolvo Penta DP-C<br \/>\nVolvo Penta DP-D<br \/>\nVolvo Penta DP-E<br \/>\nVolvo Penta DPX-R<br \/>\nVolvo Penta MS3<br \/>\nVolvo Penta MS4<br \/>\nVolvo Penta SP-A<br \/>\nVolvo Penta SP-C<br \/>\nVolvo Penta TSK DP-E<br \/>\nVolvo Penta TSK DPX-C<\/p>\n","protected":false},"excerpt":{"rendered":"<p>Volvo Penta Buchse 853223 ist eine Buchse (F\u00fchrungs- oder Leitschale), die in der Antriebseinheit von Volvo Penta Sterndrives, wie der AQ290, SP und DP Serie, verwendet wird. Diese Buchse sorgt f\u00fcr eine korrekte F\u00fchrung der beweglichen Teile, verringert den Verschlei\u00df durch Reibung und tr\u00e4gt zu einem reibungslosen Betrieb des Antriebs bei.<\/p>\n","protected":false},"featured_media":431859,"comment_status":"open","ping_status":"closed","template":"","meta":[],"location":[28168],"product_brand":[],"product_cat":[1222,22116,2161,25254],"product_tag":[],"class_list":{"0":"post-391589","1":"product","2":"type-product","3":"status-publish","4":"has-post-thumbnail","6":"location-middelzee-motoren","7":"product_cat-motorteile","8":"product_cat-teile-nach-marke","9":"product_cat-motorenteile-volvo-penta","10":"product_cat-weitere-volvo-penta-teile","11":"product_shipping_class-paket-0-10-kg","13":"first","14":"instock","15":"sale","16":"taxable","17":"shipping-taxable","18":"purchasable","19":"product-type-simple"},"group_of_quantity":0,"min_quantity":0,"max_quantity":"","exclude_order_quantity_value_rules":"no","exclude_category_quantity_rules":"no","combine_variations":"no","locations":[{"id":28168,"name":"Middelzee motoren","slug":"middelzee-motoren","quantity":""}],"_links":{"self":[{"href":"https:\/\/ab-marineservice.com\/de\/wp-json\/wp\/v2\/product\/391589","targetHints":{"allow":["GET"]}}],"collection":[{"href":"https:\/\/ab-marineservice.com\/de\/wp-json\/wp\/v2\/product"}],"about":[{"href":"https:\/\/ab-marineservice.com\/de\/wp-json\/wp\/v2\/types\/product"}],"replies":[{"embeddable":true,"href":"https:\/\/ab-marineservice.com\/de\/wp-json\/wp\/v2\/comments?post=391589"}],"wp:featuredmedia":[{"embeddable":true,"href":"https:\/\/ab-marineservice.com\/de\/wp-json\/wp\/v2\/media\/431859"}],"wp:attachment":[{"href":"https:\/\/ab-marineservice.com\/de\/wp-json\/wp\/v2\/media?parent=391589"}],"wp:term":[{"taxonomy":"location","embeddable":true,"href":"https:\/\/ab-marineservice.com\/de\/wp-json\/wp\/v2\/location?post=391589"},{"taxonomy":"product_brand","embeddable":true,"href":"https:\/\/ab-marineservice.com\/de\/wp-json\/wp\/v2\/product_brand?post=391589"},{"taxonomy":"product_cat","embeddable":true,"href":"https:\/\/ab-marineservice.com\/de\/wp-json\/wp\/v2\/product_cat?post=391589"},{"taxonomy":"product_tag","embeddable":true,"href":"https:\/\/ab-marineservice.com\/de\/wp-json\/wp\/v2\/product_tag?post=391589"}],"curies":[{"name":"wp","href":"https:\/\/api.w.org\/{rel}","templated":true}]}}