{"id":391595,"date":"2025-09-16T10:35:04","date_gmt":"2025-09-16T08:35:04","guid":{"rendered":"https:\/\/ab-marineservice.com\/product\/volvo-penta-buchse-872363\/"},"modified":"2026-01-09T12:25:22","modified_gmt":"2026-01-09T11:25:22","slug":"volvo-penta-buchse-872363","status":"publish","type":"product","link":"https:\/\/ab-marineservice.com\/de\/produkt\/volvo-penta-buchse-872363\/","title":{"rendered":"Volvo Penta Buchse f\u00fcr Schildset &#8211; 872363"},"content":{"rendered":"<p><strong>Geeignet f\u00fcr:<\/strong><br \/>\nVolvo Penta AD30<br \/>\nVolvo Penta AD31<br \/>\nVolvo Penta AD40<br \/>\nVolvo Penta AD41<br \/>\nVolvo Penta AQD70<br \/>\nVolvo Penta D41<br \/>\nVolvo Penta TAMD41<br \/>\nVolvo Penta TMD41<br \/>\nVolvo Penta 230<br \/>\nVolvo Penta 250<br \/>\nVolvo Penta 251<br \/>\nVolvo Penta 430<br \/>\nVolvo Penta 431<br \/>\nVolvo Penta 500<br \/>\nVolvo Penta 570<br \/>\nVolvo Penta AQ120<br \/>\nVolvo Penta AQ125<br \/>\nVolvo Penta AQ130<br \/>\nVolvo Penta AQ131<br \/>\nVolvo Penta AQ140<br \/>\nVolvo Penta AQ145<br \/>\nVolvo Penta AQ151<br \/>\nVolvo Penta AQ165<br \/>\nVolvo Penta AQ170<br \/>\nVolvo Penta AQ171<br \/>\nVolvo Penta AQ175<br \/>\nVolvo Penta AQ190<br \/>\nVolvo Penta AQ200<br \/>\nVolvo Penta AQ225<br \/>\nVolvo Penta AQ231<br \/>\nVolvo Penta AQ240<br \/>\nVolvo Penta AQ255<br \/>\nVolvo Penta AQ260<br \/>\nVolvo Penta AQ271<br \/>\nVolvo Penta AQ290<br \/>\nVolvo Penta AQ311<br \/>\nVolvo Penta B230<br \/>\nVolvo Penta BB740<br \/>\nVolvo Penta DP<br \/>\nVolvo Penta SP<\/p>\n","protected":false},"excerpt":{"rendered":"<p>Volvo Penta Buchse f\u00fcr Schildset. Originalteil mit Artikelnummer 872363, geeignet f\u00fcr eine korrekte Passung und zuverl\u00e4ssige Montage innerhalb des Schildsets.<\/p>\n","protected":false},"featured_media":413129,"comment_status":"open","ping_status":"closed","template":"","meta":[],"location":[28168],"product_brand":[],"product_cat":[1222,22116,2161,25254],"product_tag":[],"class_list":{"0":"post-391595","1":"product","2":"type-product","3":"status-publish","4":"has-post-thumbnail","6":"location-middelzee-motoren","7":"product_cat-motorteile","8":"product_cat-teile-nach-marke","9":"product_cat-motorenteile-volvo-penta","10":"product_cat-weitere-volvo-penta-teile","11":"product_shipping_class-paket-0-10-kg","13":"first","14":"instock","15":"sale","16":"taxable","17":"shipping-taxable","18":"purchasable","19":"product-type-simple"},"group_of_quantity":0,"min_quantity":0,"max_quantity":"","exclude_order_quantity_value_rules":"no","exclude_category_quantity_rules":"no","combine_variations":"no","locations":[{"id":28168,"name":"Middelzee motoren","slug":"middelzee-motoren","quantity":""}],"_links":{"self":[{"href":"https:\/\/ab-marineservice.com\/de\/wp-json\/wp\/v2\/product\/391595","targetHints":{"allow":["GET"]}}],"collection":[{"href":"https:\/\/ab-marineservice.com\/de\/wp-json\/wp\/v2\/product"}],"about":[{"href":"https:\/\/ab-marineservice.com\/de\/wp-json\/wp\/v2\/types\/product"}],"replies":[{"embeddable":true,"href":"https:\/\/ab-marineservice.com\/de\/wp-json\/wp\/v2\/comments?post=391595"}],"wp:featuredmedia":[{"embeddable":true,"href":"https:\/\/ab-marineservice.com\/de\/wp-json\/wp\/v2\/media\/413129"}],"wp:attachment":[{"href":"https:\/\/ab-marineservice.com\/de\/wp-json\/wp\/v2\/media?parent=391595"}],"wp:term":[{"taxonomy":"location","embeddable":true,"href":"https:\/\/ab-marineservice.com\/de\/wp-json\/wp\/v2\/location?post=391595"},{"taxonomy":"product_brand","embeddable":true,"href":"https:\/\/ab-marineservice.com\/de\/wp-json\/wp\/v2\/product_brand?post=391595"},{"taxonomy":"product_cat","embeddable":true,"href":"https:\/\/ab-marineservice.com\/de\/wp-json\/wp\/v2\/product_cat?post=391595"},{"taxonomy":"product_tag","embeddable":true,"href":"https:\/\/ab-marineservice.com\/de\/wp-json\/wp\/v2\/product_tag?post=391595"}],"curies":[{"name":"wp","href":"https:\/\/api.w.org\/{rel}","templated":true}]}}