{"id":391627,"date":"2025-09-16T10:36:22","date_gmt":"2025-09-16T08:36:22","guid":{"rendered":"https:\/\/ab-marineservice.com\/product\/volvo-penta-kappe-3853783\/"},"modified":"2026-03-18T18:07:25","modified_gmt":"2026-03-18T17:07:25","slug":"volvo-penta-kappe-3853783","status":"publish","type":"product","link":"https:\/\/ab-marineservice.com\/de\/produkt\/volvo-penta-kappe-3853783\/","title":{"rendered":"Volvo Penta Kappe &#8211; 3853783"},"content":{"rendered":"<p><strong>Geeignet f\u00fcr:<\/strong><br \/>\nVolvo Penta 3.0GL<br \/>\nVolvo Penta 3.0GSM<br \/>\nVolvo Penta 3.0GSP<br \/>\nVolvo Penta 4.3GL<br \/>\nVolvo Penta 4.3GXi<br \/>\nVolvo Penta 4.3OSi<br \/>\nVolvo Penta 5.0GL<br \/>\nVolvo Penta 5.0GXi<br \/>\nVolvo Penta 5.0OSi<br \/>\nVolvo Penta 5.7Gi<br \/>\nVolvo Penta 5.7GL<br \/>\nVolvo Penta 5.7GXi<br \/>\nVolvo Penta 5.7OSi<br \/>\nVolvo Penta 8.1Gi<br \/>\nVolvo Penta 8.1GXi<br \/>\nVolvo Penta DPX375<br \/>\nVolvo Penta DPX420<\/p>\n","protected":false},"excerpt":{"rendered":"<p>Volvo Penta Kappe f\u00fcr \u00d6l-Ablassrohr, entwickelt, um das \u00d6l-Ablassrohr Ihres Volvo Penta-Motors sicher abzudichten. Langlebig und effektiv im Verhindern von Lecks und Gew\u00e4hrleisten eines sauberen Motorraums.<\/p>\n","protected":false},"featured_media":430780,"comment_status":"open","ping_status":"closed","template":"","meta":[],"location":[28168],"product_brand":[],"product_cat":[1222,22116,2161,25254],"product_tag":[],"class_list":{"0":"post-391627","1":"product","2":"type-product","3":"status-publish","4":"has-post-thumbnail","6":"location-middelzee-motoren","7":"product_cat-motorteile","8":"product_cat-teile-nach-marke","9":"product_cat-motorenteile-volvo-penta","10":"product_cat-weitere-volvo-penta-teile","11":"product_shipping_class-paket-0-10-kg","13":"first","14":"instock","15":"sale","16":"taxable","17":"shipping-taxable","18":"purchasable","19":"product-type-simple"},"group_of_quantity":0,"min_quantity":0,"max_quantity":"","exclude_order_quantity_value_rules":"no","exclude_category_quantity_rules":"no","combine_variations":"no","locations":[{"id":28168,"name":"Middelzee motoren","slug":"middelzee-motoren","quantity":""}],"_links":{"self":[{"href":"https:\/\/ab-marineservice.com\/de\/wp-json\/wp\/v2\/product\/391627","targetHints":{"allow":["GET"]}}],"collection":[{"href":"https:\/\/ab-marineservice.com\/de\/wp-json\/wp\/v2\/product"}],"about":[{"href":"https:\/\/ab-marineservice.com\/de\/wp-json\/wp\/v2\/types\/product"}],"replies":[{"embeddable":true,"href":"https:\/\/ab-marineservice.com\/de\/wp-json\/wp\/v2\/comments?post=391627"}],"wp:featuredmedia":[{"embeddable":true,"href":"https:\/\/ab-marineservice.com\/de\/wp-json\/wp\/v2\/media\/430780"}],"wp:attachment":[{"href":"https:\/\/ab-marineservice.com\/de\/wp-json\/wp\/v2\/media?parent=391627"}],"wp:term":[{"taxonomy":"location","embeddable":true,"href":"https:\/\/ab-marineservice.com\/de\/wp-json\/wp\/v2\/location?post=391627"},{"taxonomy":"product_brand","embeddable":true,"href":"https:\/\/ab-marineservice.com\/de\/wp-json\/wp\/v2\/product_brand?post=391627"},{"taxonomy":"product_cat","embeddable":true,"href":"https:\/\/ab-marineservice.com\/de\/wp-json\/wp\/v2\/product_cat?post=391627"},{"taxonomy":"product_tag","embeddable":true,"href":"https:\/\/ab-marineservice.com\/de\/wp-json\/wp\/v2\/product_tag?post=391627"}],"curies":[{"name":"wp","href":"https:\/\/api.w.org\/{rel}","templated":true}]}}