{"id":391658,"date":"2025-09-16T10:39:03","date_gmt":"2025-09-16T08:39:03","guid":{"rendered":"https:\/\/ab-marineservice.com\/product\/volvo-penta-steckverbinder-859836\/"},"modified":"2026-05-12T16:27:18","modified_gmt":"2026-05-12T14:27:18","slug":"volvo-penta-steckverbinder-859836","status":"publish","type":"product","link":"https:\/\/ab-marineservice.com\/de\/produkt\/volvo-penta-steckverbinder-859836\/","title":{"rendered":"Volvo Penta Steckverbinder f\u00fcr Abgaskr\u00fcmmer &#8211; 859836"},"content":{"rendered":"<p><strong>Geeignet f\u00fcr:<\/strong><br \/>\nVolvo Penta D2-50F<br \/>\nVolvo Penta D2-55<br \/>\nVolvo Penta D2-55B<br \/>\nVolvo Penta D2-55C<br \/>\nVolvo Penta D2-55D<br \/>\nVolvo Penta D2-55E<br \/>\nVolvo Penta D2-55F<br \/>\nVolvo Penta D2-60F<br \/>\nVolvo Penta D2-75<br \/>\nVolvo Penta D2-75B<br \/>\nVolvo Penta D2-75C<br \/>\nVolvo Penta D2-75F<br \/>\nVolvo Penta MD22<br \/>\nVolvo Penta MD22A<br \/>\nVolvo Penta MD22L<br \/>\nVolvo Penta MD22P<br \/>\nVolvo Penta TAMD22P-B<br \/>\nVolvo Penta TAMD31S<br \/>\nVolvo Penta TMD22A<\/p>\n","protected":false},"excerpt":{"rendered":"<p>Volvo Penta Steckverbinder f\u00fcr Abgaskr\u00fcmmer, OEM 859836. Originalteil zum Verbinden des Abgaskr\u00fcmmers und zur Verbesserung des Abgasstroms.<\/p>\n","protected":false},"featured_media":421906,"comment_status":"open","ping_status":"closed","template":"","meta":[],"location":[],"product_brand":[],"product_cat":[1222,22116,2161,25254],"product_tag":[],"class_list":{"0":"post-391658","1":"product","2":"type-product","3":"status-publish","4":"has-post-thumbnail","6":"product_cat-motorteile","7":"product_cat-teile-nach-marke","8":"product_cat-motorenteile-volvo-penta","9":"product_cat-weitere-volvo-penta-teile","10":"product_shipping_class-paket-0-10-kg","12":"first","13":"instock","14":"taxable","15":"shipping-taxable","16":"product-type-simple"},"group_of_quantity":0,"min_quantity":0,"max_quantity":"","exclude_order_quantity_value_rules":"no","exclude_category_quantity_rules":"no","combine_variations":"no","locations":[],"_links":{"self":[{"href":"https:\/\/ab-marineservice.com\/de\/wp-json\/wp\/v2\/product\/391658","targetHints":{"allow":["GET"]}}],"collection":[{"href":"https:\/\/ab-marineservice.com\/de\/wp-json\/wp\/v2\/product"}],"about":[{"href":"https:\/\/ab-marineservice.com\/de\/wp-json\/wp\/v2\/types\/product"}],"replies":[{"embeddable":true,"href":"https:\/\/ab-marineservice.com\/de\/wp-json\/wp\/v2\/comments?post=391658"}],"wp:featuredmedia":[{"embeddable":true,"href":"https:\/\/ab-marineservice.com\/de\/wp-json\/wp\/v2\/media\/421906"}],"wp:attachment":[{"href":"https:\/\/ab-marineservice.com\/de\/wp-json\/wp\/v2\/media?parent=391658"}],"wp:term":[{"taxonomy":"location","embeddable":true,"href":"https:\/\/ab-marineservice.com\/de\/wp-json\/wp\/v2\/location?post=391658"},{"taxonomy":"product_brand","embeddable":true,"href":"https:\/\/ab-marineservice.com\/de\/wp-json\/wp\/v2\/product_brand?post=391658"},{"taxonomy":"product_cat","embeddable":true,"href":"https:\/\/ab-marineservice.com\/de\/wp-json\/wp\/v2\/product_cat?post=391658"},{"taxonomy":"product_tag","embeddable":true,"href":"https:\/\/ab-marineservice.com\/de\/wp-json\/wp\/v2\/product_tag?post=391658"}],"curies":[{"name":"wp","href":"https:\/\/api.w.org\/{rel}","templated":true}]}}