{"id":391711,"date":"2025-09-16T10:42:35","date_gmt":"2025-09-16T08:42:35","guid":{"rendered":"https:\/\/ab-marineservice.com\/product\/volvo-penta-abdeckung-3583600\/"},"modified":"2026-01-14T17:27:58","modified_gmt":"2026-01-14T16:27:58","slug":"volvo-penta-abdeckung-3583600","status":"publish","type":"product","link":"https:\/\/ab-marineservice.com\/de\/produkt\/volvo-penta-abdeckung-3583600\/","title":{"rendered":"Volvo Penta D6 Abdeckung f\u00fcr Meerwasserpumpe &#8211; 3583600"},"content":{"rendered":"<p><strong>Geeignet f\u00fcr:<\/strong><br \/>\nVolvo Penta D6<\/p>\n","protected":false},"excerpt":{"rendered":"<p>Volvo Penta D6 Abdeckung f\u00fcr Meerwasserpumpe, OEM 3583600. Originalteil zur Abdichtung und zum Schutz der Meerwasserpumpe, sorgt f\u00fcr optimale K\u00fchlung.<\/p>\n","protected":false},"featured_media":0,"comment_status":"open","ping_status":"closed","template":"","meta":[],"location":[],"product_brand":[],"product_cat":[1222,22116,2161,25254],"product_tag":[],"class_list":{"0":"post-391711","1":"product","2":"type-product","3":"status-publish","5":"product_cat-motorteile","6":"product_cat-teile-nach-marke","7":"product_cat-motorenteile-volvo-penta","8":"product_cat-weitere-volvo-penta-teile","9":"product_shipping_class-paket-0-10-kg","11":"first","12":"instock","13":"sale","14":"taxable","15":"shipping-taxable","16":"purchasable","17":"product-type-simple"},"group_of_quantity":0,"min_quantity":0,"max_quantity":"","exclude_order_quantity_value_rules":"no","exclude_category_quantity_rules":"no","combine_variations":"no","locations":[],"_links":{"self":[{"href":"https:\/\/ab-marineservice.com\/de\/wp-json\/wp\/v2\/product\/391711","targetHints":{"allow":["GET"]}}],"collection":[{"href":"https:\/\/ab-marineservice.com\/de\/wp-json\/wp\/v2\/product"}],"about":[{"href":"https:\/\/ab-marineservice.com\/de\/wp-json\/wp\/v2\/types\/product"}],"replies":[{"embeddable":true,"href":"https:\/\/ab-marineservice.com\/de\/wp-json\/wp\/v2\/comments?post=391711"}],"wp:attachment":[{"href":"https:\/\/ab-marineservice.com\/de\/wp-json\/wp\/v2\/media?parent=391711"}],"wp:term":[{"taxonomy":"location","embeddable":true,"href":"https:\/\/ab-marineservice.com\/de\/wp-json\/wp\/v2\/location?post=391711"},{"taxonomy":"product_brand","embeddable":true,"href":"https:\/\/ab-marineservice.com\/de\/wp-json\/wp\/v2\/product_brand?post=391711"},{"taxonomy":"product_cat","embeddable":true,"href":"https:\/\/ab-marineservice.com\/de\/wp-json\/wp\/v2\/product_cat?post=391711"},{"taxonomy":"product_tag","embeddable":true,"href":"https:\/\/ab-marineservice.com\/de\/wp-json\/wp\/v2\/product_tag?post=391711"}],"curies":[{"name":"wp","href":"https:\/\/api.w.org\/{rel}","templated":true}]}}