{"id":391718,"date":"2025-09-16T10:43:19","date_gmt":"2025-09-16T08:43:19","guid":{"rendered":"https:\/\/ab-marineservice.com\/product\/volvo-penta-abdeckungssatz-23132398\/"},"modified":"2026-04-24T17:51:35","modified_gmt":"2026-04-24T15:51:35","slug":"volvo-penta-abdeckungssatz-23132398","status":"publish","type":"product","link":"https:\/\/ab-marineservice.com\/de\/produkt\/volvo-penta-abdeckungssatz-23132398\/","title":{"rendered":"Volvo Penta D8A Abdeckungssatz &#8211; 23132398"},"content":{"rendered":"<p><strong>Geeignet f\u00fcr:<\/strong><br \/>\nVolvo Penta D8A1-A MP<br \/>\nVolvo Penta D8A2-A MP<br \/>\nVolvo Penta D8A3-A MP<br \/>\nVolvo Penta D8A4-A MP<br \/>\nVolvo Penta D8A5-A MH<br \/>\nVolvo Penta D8A6-A MH<br \/>\nVolvo Penta D8A5-A MG<br \/>\nVolvo Penta D8A6-A MG<\/p>\n","protected":false},"excerpt":{"rendered":"<p>Volvo Penta D8A Deckelsatz 23132398 ist ein originales Abdeckset, das speziell f\u00fcr den Einsatz bei D8A-Motoren entwickelt wurde. Dieses Set wird verwendet, um die Abdeckung am Motor zu montieren und gew\u00e4hrleistet, dass die internen Motorbauteile sicher abgeschlossen und vor Schmutz, Wasser und anderen sch\u00e4dlichen Einfl\u00fcssen gesch\u00fctzt sind. Es garantiert eine langanhaltende und zuverl\u00e4ssige Motorleistung.<\/p>\n<h4>Wichtigste Merkmale und Vorteile:<\/h4>\n<p><strong>Zuverl\u00e4ssige Abdichtung:<\/strong> Sch\u00fctzt die internen Motorbauteile vor Schmutz und Wasser.<br \/>\n<strong>Spezifisch f\u00fcr D8A-Motoren:<\/strong> Entwickelt f\u00fcr eine perfekte Passform und Funktion in diesen Motoren.<br \/>\n<strong>Zuverl\u00e4ssiger Schutz:<\/strong> Verhindert Sch\u00e4den an Motorbauteilen und verl\u00e4ngert die Lebensdauer des Motors.<br \/>\n<strong>Einfache Montage:<\/strong> Entwickelt f\u00fcr eine einfache Installation am Motor.<\/p>\n","protected":false},"featured_media":417446,"comment_status":"open","ping_status":"closed","template":"","meta":[],"location":[],"product_brand":[],"product_cat":[1222,22116,2161,25254],"product_tag":[],"class_list":{"0":"post-391718","1":"product","2":"type-product","3":"status-publish","4":"has-post-thumbnail","6":"product_cat-motorteile","7":"product_cat-teile-nach-marke","8":"product_cat-motorenteile-volvo-penta","9":"product_cat-weitere-volvo-penta-teile","10":"product_shipping_class-paket-0-10-kg","12":"first","13":"instock","14":"sale","15":"taxable","16":"shipping-taxable","17":"purchasable","18":"product-type-simple"},"group_of_quantity":0,"min_quantity":0,"max_quantity":"","exclude_order_quantity_value_rules":"no","exclude_category_quantity_rules":"no","combine_variations":"no","locations":[],"_links":{"self":[{"href":"https:\/\/ab-marineservice.com\/de\/wp-json\/wp\/v2\/product\/391718","targetHints":{"allow":["GET"]}}],"collection":[{"href":"https:\/\/ab-marineservice.com\/de\/wp-json\/wp\/v2\/product"}],"about":[{"href":"https:\/\/ab-marineservice.com\/de\/wp-json\/wp\/v2\/types\/product"}],"replies":[{"embeddable":true,"href":"https:\/\/ab-marineservice.com\/de\/wp-json\/wp\/v2\/comments?post=391718"}],"wp:featuredmedia":[{"embeddable":true,"href":"https:\/\/ab-marineservice.com\/de\/wp-json\/wp\/v2\/media\/417446"}],"wp:attachment":[{"href":"https:\/\/ab-marineservice.com\/de\/wp-json\/wp\/v2\/media?parent=391718"}],"wp:term":[{"taxonomy":"location","embeddable":true,"href":"https:\/\/ab-marineservice.com\/de\/wp-json\/wp\/v2\/location?post=391718"},{"taxonomy":"product_brand","embeddable":true,"href":"https:\/\/ab-marineservice.com\/de\/wp-json\/wp\/v2\/product_brand?post=391718"},{"taxonomy":"product_cat","embeddable":true,"href":"https:\/\/ab-marineservice.com\/de\/wp-json\/wp\/v2\/product_cat?post=391718"},{"taxonomy":"product_tag","embeddable":true,"href":"https:\/\/ab-marineservice.com\/de\/wp-json\/wp\/v2\/product_tag?post=391718"}],"curies":[{"name":"wp","href":"https:\/\/api.w.org\/{rel}","templated":true}]}}