{"id":391736,"date":"2025-09-16T10:44:41","date_gmt":"2025-09-16T08:44:41","guid":{"rendered":"https:\/\/ab-marineservice.com\/product\/volvo-penta-deflektor-70913\/"},"modified":"2026-03-23T17:25:59","modified_gmt":"2026-03-23T16:25:59","slug":"volvo-penta-deflektor-70913","status":"publish","type":"product","link":"https:\/\/ab-marineservice.com\/de\/produkt\/volvo-penta-deflektor-70913\/","title":{"rendered":"Volvo Penta Deflektor f\u00fcr Wasserpumpe &#8211; 70913"},"content":{"rendered":"<p><strong>Technische Daten:<\/strong><br \/>\nProduktart: Deflektor \/ Wasserstromleiter<br \/>\nAnwendung: K\u00fchlsystem \/ Wasserpumpe<br \/>\nKompatibel mit: Volvo Penta Motoren und Wasserpumpen<br \/>\nTeilenummer: 70913<\/p>\n<p><strong>Kompatibel mit:<\/strong><br \/>\nVolvo Penta AD30<br \/>\nVolvo Penta AD31<br \/>\nVolvo Penta AD40<br \/>\nVolvo Penta AD41<br \/>\nVolvo Penta AQAD30A<br \/>\nVolvo Penta AQAD40A<br \/>\nVolvo Penta AQD40A<br \/>\nVolvo Penta AQD70B<br \/>\nVolvo Penta D41B<br \/>\nVolvo Penta KAD42<br \/>\nVolvo Penta KAMD42<br \/>\nVolvo Penta MD100<br \/>\nVolvo Penta MD120<br \/>\nVolvo Penta MD30A<br \/>\nVolvo Penta MD31A<br \/>\nVolvo Penta MD40A<br \/>\nVolvo Penta MD70B<br \/>\nVolvo Penta TAMD102<br \/>\nVolvo Penta TAMD120<br \/>\nVolvo Penta TAMD121<br \/>\nVolvo Penta TAMD122<br \/>\nVolvo Penta TAMD162<br \/>\nVolvo Penta TAMD31<br \/>\nVolvo Penta TAMD40<br \/>\nVolvo Penta TAMD41<br \/>\nVolvo Penta TAMD42B<br \/>\nVolvo Penta TAMD60<br \/>\nVolvo Penta TAMD70<br \/>\nVolvo Penta TMD100<br \/>\nVolvo Penta TMD102<br \/>\nVolvo Penta TMD120<br \/>\nVolvo Penta TMD31<br \/>\nVolvo Penta TMD40<br \/>\nVolvo Penta TMD41<br \/>\nVolvo Penta D100<br \/>\nVolvo Penta D120<br \/>\nVolvo Penta D45A<br \/>\nVolvo Penta D70B<br \/>\nVolvo Penta TAD1030V<br \/>\nVolvo Penta TAD120<br \/>\nVolvo Penta TAD1630P<br \/>\nVolvo Penta TD100A<br \/>\nVolvo Penta TD120<br \/>\nVolvo Penta TD121<br \/>\nVolvo Penta TD30<br \/>\nVolvo Penta TD40A<br \/>\nVolvo Penta TD60<br \/>\nVolvo Penta TD70B<br \/>\nVolvo Penta TID100K<br \/>\nVolvo Penta TID120<br \/>\nVolvo Penta TWD1010G<br \/>\nVolvo Penta TWD1030ME<br \/>\nVolvo Penta TWD1210G<br \/>\nVolvo Penta TWD1230ME<br \/>\nVolvo Penta TWD1630P<\/p>\n","protected":false},"excerpt":{"rendered":"<p>Volvo Penta Deflektor 70913 ist ein kleines, aber wichtiges Bauteil im K\u00fchlsystem von Volvo Penta Motoren und Wasserpumpen. Dieser Deflektorring hilft, den internen Wasserfluss in der Wasserpumpe zu lenken und verhindert unerw\u00fcnschtes Zur\u00fcckflie\u00dfen von Wasser oder Verschlei\u00df an rotierenden Teilen, wodurch die Effizienz des K\u00fchlsystems erhalten bleibt.<\/p>\n","protected":false},"featured_media":431863,"comment_status":"open","ping_status":"closed","template":"","meta":[],"location":[28168],"product_brand":[],"product_cat":[1222,22116,2161,25254],"product_tag":[],"class_list":{"0":"post-391736","1":"product","2":"type-product","3":"status-publish","4":"has-post-thumbnail","6":"location-middelzee-motoren","7":"product_cat-motorteile","8":"product_cat-teile-nach-marke","9":"product_cat-motorenteile-volvo-penta","10":"product_cat-weitere-volvo-penta-teile","11":"product_shipping_class-paket-0-10-kg","13":"first","14":"instock","15":"sale","16":"taxable","17":"shipping-taxable","18":"purchasable","19":"product-type-simple"},"group_of_quantity":0,"min_quantity":0,"max_quantity":"","exclude_order_quantity_value_rules":"no","exclude_category_quantity_rules":"no","combine_variations":"no","locations":[{"id":28168,"name":"Middelzee motoren","slug":"middelzee-motoren","quantity":""}],"_links":{"self":[{"href":"https:\/\/ab-marineservice.com\/de\/wp-json\/wp\/v2\/product\/391736","targetHints":{"allow":["GET"]}}],"collection":[{"href":"https:\/\/ab-marineservice.com\/de\/wp-json\/wp\/v2\/product"}],"about":[{"href":"https:\/\/ab-marineservice.com\/de\/wp-json\/wp\/v2\/types\/product"}],"replies":[{"embeddable":true,"href":"https:\/\/ab-marineservice.com\/de\/wp-json\/wp\/v2\/comments?post=391736"}],"wp:featuredmedia":[{"embeddable":true,"href":"https:\/\/ab-marineservice.com\/de\/wp-json\/wp\/v2\/media\/431863"}],"wp:attachment":[{"href":"https:\/\/ab-marineservice.com\/de\/wp-json\/wp\/v2\/media?parent=391736"}],"wp:term":[{"taxonomy":"location","embeddable":true,"href":"https:\/\/ab-marineservice.com\/de\/wp-json\/wp\/v2\/location?post=391736"},{"taxonomy":"product_brand","embeddable":true,"href":"https:\/\/ab-marineservice.com\/de\/wp-json\/wp\/v2\/product_brand?post=391736"},{"taxonomy":"product_cat","embeddable":true,"href":"https:\/\/ab-marineservice.com\/de\/wp-json\/wp\/v2\/product_cat?post=391736"},{"taxonomy":"product_tag","embeddable":true,"href":"https:\/\/ab-marineservice.com\/de\/wp-json\/wp\/v2\/product_tag?post=391736"}],"curies":[{"name":"wp","href":"https:\/\/api.w.org\/{rel}","templated":true}]}}