{"id":391741,"date":"2025-09-16T10:44:41","date_gmt":"2025-09-16T08:44:41","guid":{"rendered":"https:\/\/ab-marineservice.com\/product\/volvo-penta-diodeneinheit-satz-23519127\/"},"modified":"2026-02-18T19:21:16","modified_gmt":"2026-02-18T18:21:16","slug":"volvo-penta-diodeneinheit-satz-23519127","status":"publish","type":"product","link":"https:\/\/ab-marineservice.com\/de\/produkt\/volvo-penta-diodeneinheit-satz-23519127\/","title":{"rendered":"Volvo Penta D3 Diodeneinheit-Satz &#8211; 23519127"},"content":{"rendered":"<p><strong>Geeignet f\u00fcr:<\/strong><br \/>\nVolvo Penta D3-110I-H<br \/>\nVolvo Penta D3-140A-H<br \/>\nVolvo Penta D3-140I-H<br \/>\nVolvo Penta D3-150I-H<br \/>\nVolvo Penta D3-170A-H<br \/>\nVolvo Penta D3-170I-H<br \/>\nVolvo Penta D3-200A-H<br \/>\nVolvo Penta D3-200I-H<br \/>\nVolvo Penta D3-220A-H<br \/>\nVolvo Penta D3-220I-H<\/p>\n","protected":false},"excerpt":{"rendered":"<p>Volvo Penta Dioden-Einheit Kit, OEM 23519127. Essenziell f\u00fcr die Regulierung der elektrischen Systeme in Ihrem Motor und sorgt f\u00fcr zuverl\u00e4ssige Leistung sowie Schutz vor \u00dcberlastung.<\/p>\n","protected":false},"featured_media":0,"comment_status":"open","ping_status":"closed","template":"","meta":[],"location":[],"product_brand":[],"product_cat":[1222,22116,2161,25254],"product_tag":[],"class_list":{"0":"post-391741","1":"product","2":"type-product","3":"status-publish","5":"product_cat-motorteile","6":"product_cat-teile-nach-marke","7":"product_cat-motorenteile-volvo-penta","8":"product_cat-weitere-volvo-penta-teile","9":"product_shipping_class-paket-0-10-kg","11":"first","12":"instock","13":"sale","14":"taxable","15":"shipping-taxable","16":"purchasable","17":"product-type-simple"},"group_of_quantity":0,"min_quantity":0,"max_quantity":"","exclude_order_quantity_value_rules":"no","exclude_category_quantity_rules":"no","combine_variations":"no","locations":[],"_links":{"self":[{"href":"https:\/\/ab-marineservice.com\/de\/wp-json\/wp\/v2\/product\/391741","targetHints":{"allow":["GET"]}}],"collection":[{"href":"https:\/\/ab-marineservice.com\/de\/wp-json\/wp\/v2\/product"}],"about":[{"href":"https:\/\/ab-marineservice.com\/de\/wp-json\/wp\/v2\/types\/product"}],"replies":[{"embeddable":true,"href":"https:\/\/ab-marineservice.com\/de\/wp-json\/wp\/v2\/comments?post=391741"}],"wp:attachment":[{"href":"https:\/\/ab-marineservice.com\/de\/wp-json\/wp\/v2\/media?parent=391741"}],"wp:term":[{"taxonomy":"location","embeddable":true,"href":"https:\/\/ab-marineservice.com\/de\/wp-json\/wp\/v2\/location?post=391741"},{"taxonomy":"product_brand","embeddable":true,"href":"https:\/\/ab-marineservice.com\/de\/wp-json\/wp\/v2\/product_brand?post=391741"},{"taxonomy":"product_cat","embeddable":true,"href":"https:\/\/ab-marineservice.com\/de\/wp-json\/wp\/v2\/product_cat?post=391741"},{"taxonomy":"product_tag","embeddable":true,"href":"https:\/\/ab-marineservice.com\/de\/wp-json\/wp\/v2\/product_tag?post=391741"}],"curies":[{"name":"wp","href":"https:\/\/api.w.org\/{rel}","templated":true}]}}