{"id":391765,"date":"2025-09-16T10:46:06","date_gmt":"2025-09-16T08:46:06","guid":{"rendered":"https:\/\/ab-marineservice.com\/product\/volvo-penta-antriebsrad-852984\/"},"modified":"2026-03-09T14:58:29","modified_gmt":"2026-03-09T13:58:29","slug":"volvo-penta-antriebsrad-852984","status":"publish","type":"product","link":"https:\/\/ab-marineservice.com\/de\/produkt\/volvo-penta-antriebsrad-852984\/","title":{"rendered":"Volvo Penta Antriebsrad f\u00fcr Steuerwelle &#8211; 852984"},"content":{"rendered":"<p><strong>Geeignet f\u00fcr:<\/strong><br \/>\nVolvo Penta AD30<br \/>\nVolvo Penta AD31<br \/>\nVolvo Penta AD40<br \/>\nVolvo Penta AD41<br \/>\nVolvo Penta AQAD30<br \/>\nVolvo Penta AQAD40<br \/>\nVolvo Penta AQD40<br \/>\nVolvo Penta D41<br \/>\nVolvo Penta KAD42<br \/>\nVolvo Penta KAMD42<br \/>\nVolvo Penta MD31<br \/>\nVolvo Penta TAMD31<br \/>\nVolvo Penta TMD31<br \/>\nVolvo Penta 230<br \/>\nVolvo Penta 250<br \/>\nVolvo Penta 430<br \/>\nVolvo Penta 500<br \/>\nVolvo Penta 570<br \/>\nVolvo Penta AQ131<br \/>\nVolvo Penta AQ145<br \/>\nVolvo Penta AQ151<br \/>\nVolvo Penta AQ171<br \/>\nVolvo Penta AQ175<br \/>\nVolvo Penta AQ200<br \/>\nVolvo Penta AQ225<br \/>\nVolvo Penta AQ260<br \/>\nVolvo Penta AQ271<br \/>\nVolvo Penta AQ290<br \/>\nVolvo Penta AQ311<br \/>\nVolvo Penta B230<br \/>\nVolvo Penta BB740<br \/>\nVolvo Penta 290<br \/>\nVolvo Penta DP-B<br \/>\nVolvo Penta DP-C<br \/>\nVolvo Penta DP-D<br \/>\nVolvo Penta SP-A<br \/>\nVolvo Penta SP-C<br \/>\nVolvo Penta TSK DP-E<br \/>\nVolvo Penta TSK DP-G<br \/>\nVolvo Penta TSK DP-S<\/p>\n","protected":false},"excerpt":{"rendered":"<p>Volvo Penta Antriebsrad f\u00fcr Steuerwelle &#8211; 852984, speziell entwickelt, um die Kraft genau auf die Steuerwelle in Volvo Penta-Systemen zu \u00fcbertragen. Dieses Antriebsrad ist aus langlebigen Materialien gefertigt und sorgt f\u00fcr eine lange Lebensdauer und zuverl\u00e4ssige Leistung.<\/p>\n","protected":false},"featured_media":428950,"comment_status":"open","ping_status":"closed","template":"","meta":[],"location":[28168],"product_brand":[],"product_cat":[1222,22116,2161,25254],"product_tag":[],"class_list":{"0":"post-391765","1":"product","2":"type-product","3":"status-publish","4":"has-post-thumbnail","6":"location-middelzee-motoren","7":"product_cat-motorteile","8":"product_cat-teile-nach-marke","9":"product_cat-motorenteile-volvo-penta","10":"product_cat-weitere-volvo-penta-teile","11":"product_shipping_class-paket-0-10-kg","13":"first","14":"instock","15":"sale","16":"taxable","17":"shipping-taxable","18":"purchasable","19":"product-type-simple"},"group_of_quantity":0,"min_quantity":0,"max_quantity":"","exclude_order_quantity_value_rules":"no","exclude_category_quantity_rules":"no","combine_variations":"no","locations":[{"id":28168,"name":"Middelzee motoren","slug":"middelzee-motoren","quantity":""}],"_links":{"self":[{"href":"https:\/\/ab-marineservice.com\/de\/wp-json\/wp\/v2\/product\/391765","targetHints":{"allow":["GET"]}}],"collection":[{"href":"https:\/\/ab-marineservice.com\/de\/wp-json\/wp\/v2\/product"}],"about":[{"href":"https:\/\/ab-marineservice.com\/de\/wp-json\/wp\/v2\/types\/product"}],"replies":[{"embeddable":true,"href":"https:\/\/ab-marineservice.com\/de\/wp-json\/wp\/v2\/comments?post=391765"}],"wp:featuredmedia":[{"embeddable":true,"href":"https:\/\/ab-marineservice.com\/de\/wp-json\/wp\/v2\/media\/428950"}],"wp:attachment":[{"href":"https:\/\/ab-marineservice.com\/de\/wp-json\/wp\/v2\/media?parent=391765"}],"wp:term":[{"taxonomy":"location","embeddable":true,"href":"https:\/\/ab-marineservice.com\/de\/wp-json\/wp\/v2\/location?post=391765"},{"taxonomy":"product_brand","embeddable":true,"href":"https:\/\/ab-marineservice.com\/de\/wp-json\/wp\/v2\/product_brand?post=391765"},{"taxonomy":"product_cat","embeddable":true,"href":"https:\/\/ab-marineservice.com\/de\/wp-json\/wp\/v2\/product_cat?post=391765"},{"taxonomy":"product_tag","embeddable":true,"href":"https:\/\/ab-marineservice.com\/de\/wp-json\/wp\/v2\/product_tag?post=391765"}],"curies":[{"name":"wp","href":"https:\/\/api.w.org\/{rel}","templated":true}]}}