{"id":391773,"date":"2025-09-16T10:46:46","date_gmt":"2025-09-16T08:46:46","guid":{"rendered":"https:\/\/ab-marineservice.com\/product\/volvo-penta-endplatte-3842021\/"},"modified":"2026-03-10T16:58:44","modified_gmt":"2026-03-10T15:58:44","slug":"volvo-penta-endplatte-3842021","status":"publish","type":"product","link":"https:\/\/ab-marineservice.com\/de\/produkt\/volvo-penta-endplatte-3842021\/","title":{"rendered":"Volvo Penta D1, D2 Endplatte f\u00fcr den W\u00e4rme exchanger &#8211; 3842021"},"content":{"rendered":"<p><strong>Geeignet f\u00fcr:<\/strong><br \/>\nVolvo Penta D1-13<br \/>\nVolvo Penta D1-13B<br \/>\nVolvo Penta D1-13F<br \/>\nVolvo Penta D1-20<br \/>\nVolvo Penta D1-20B<br \/>\nVolvo Penta D1-20F<br \/>\nVolvo Penta D1-30<br \/>\nVolvo Penta D1-30B<br \/>\nVolvo Penta D1-30F<br \/>\nVolvo Penta D2-40<br \/>\nVolvo Penta D2-40B<br \/>\nVolvo Penta D2-40F<br \/>\nVolvo Penta D2-50F<br \/>\nVolvo Penta D2-55<br \/>\nVolvo Penta D2-55B<br \/>\nVolvo Penta D2-55C<br \/>\nVolvo Penta D2-55D<br \/>\nVolvo Penta D2-55E<br \/>\nVolvo Penta D2-55F<br \/>\nVolvo Penta D2-60F<br \/>\nVolvo Penta D2-75<br \/>\nVolvo Penta D2-75B<br \/>\nVolvo Penta D2-75C<br \/>\nVolvo Penta D2-75F<\/p>\n","protected":false},"excerpt":{"rendered":"<p>Volvo Penta D1, D2 Endplatte f\u00fcr den W\u00e4rme exchanger &#8211; 3842021, entwickelt f\u00fcr Volvo Penta D1- und D2-Motoren. Diese Endplatte sorgt f\u00fcr einen effizienten Betrieb des W\u00e4rme exchangers und bietet eine zuverl\u00e4ssige Abdichtung f\u00fcr das K\u00fchlsystem, was zu einer optimalen K\u00fchlung des Motors beitr\u00e4gt.<\/p>\n","protected":false},"featured_media":0,"comment_status":"open","ping_status":"closed","template":"","meta":[],"location":[],"product_brand":[],"product_cat":[1222,22116,2161,25254],"product_tag":[],"class_list":{"0":"post-391773","1":"product","2":"type-product","3":"status-publish","5":"product_cat-motorteile","6":"product_cat-teile-nach-marke","7":"product_cat-motorenteile-volvo-penta","8":"product_cat-weitere-volvo-penta-teile","9":"product_shipping_class-paket-0-10-kg","11":"first","12":"instock","13":"sale","14":"taxable","15":"shipping-taxable","16":"purchasable","17":"product-type-simple"},"group_of_quantity":0,"min_quantity":0,"max_quantity":"","exclude_order_quantity_value_rules":"no","exclude_category_quantity_rules":"no","combine_variations":"no","locations":[],"_links":{"self":[{"href":"https:\/\/ab-marineservice.com\/de\/wp-json\/wp\/v2\/product\/391773","targetHints":{"allow":["GET"]}}],"collection":[{"href":"https:\/\/ab-marineservice.com\/de\/wp-json\/wp\/v2\/product"}],"about":[{"href":"https:\/\/ab-marineservice.com\/de\/wp-json\/wp\/v2\/types\/product"}],"replies":[{"embeddable":true,"href":"https:\/\/ab-marineservice.com\/de\/wp-json\/wp\/v2\/comments?post=391773"}],"wp:attachment":[{"href":"https:\/\/ab-marineservice.com\/de\/wp-json\/wp\/v2\/media?parent=391773"}],"wp:term":[{"taxonomy":"location","embeddable":true,"href":"https:\/\/ab-marineservice.com\/de\/wp-json\/wp\/v2\/location?post=391773"},{"taxonomy":"product_brand","embeddable":true,"href":"https:\/\/ab-marineservice.com\/de\/wp-json\/wp\/v2\/product_brand?post=391773"},{"taxonomy":"product_cat","embeddable":true,"href":"https:\/\/ab-marineservice.com\/de\/wp-json\/wp\/v2\/product_cat?post=391773"},{"taxonomy":"product_tag","embeddable":true,"href":"https:\/\/ab-marineservice.com\/de\/wp-json\/wp\/v2\/product_tag?post=391773"}],"curies":[{"name":"wp","href":"https:\/\/api.w.org\/{rel}","templated":true}]}}