{"id":391781,"date":"2025-09-16T10:47:27","date_gmt":"2025-09-16T08:47:27","guid":{"rendered":"https:\/\/ab-marineservice.com\/product\/volvo-penta-motorlack-22618344\/"},"modified":"2026-05-02T11:28:57","modified_gmt":"2026-05-02T09:28:57","slug":"volvo-penta-motorlack-22618344","status":"publish","type":"product","link":"https:\/\/ab-marineservice.com\/de\/produkt\/volvo-penta-motorlack-22618344\/","title":{"rendered":"Volvo Penta Ausbesserungslack f\u00fcr Motor \u2013 mattgr\u00fcn, 1 Liter \u2013 22618344"},"content":{"rendered":"<p><strong>Produktinfo:<\/strong><br \/>\nVolvo Penta Lacke bieten den besten Schutz gegen Rost und Korrosion f\u00fcr Motoren, Antriebe und Getriebe. Das Aussehen und der Wiederverkaufswert des Motors werden verbessert, wenn alle Lackierarbeiten mit Volvo Penta-Lacken durchgef\u00fchrt werden.<\/p>\n<p><strong>Geeignet f\u00fcr:<\/strong><br \/>\nVolvo Penta TAD<br \/>\nVolvo Penta TD<br \/>\nVolvo Penta TWD<\/p>\n","protected":false},"excerpt":{"rendered":"<p>Volvo Penta Ausbesserungslack Motor mattgr\u00fcn 22618344 ist ein originaler Motorlack, der Schutz vor Rost und Korrosion von Motoren, Antrieben und Getrieben bietet. Dieser Lack stellt besch\u00e4digte Oberfl\u00e4chen wieder her und sorgt daf\u00fcr, dass der Motor wieder wie neu aussieht. Durch die Verwendung von originalem Volvo Penta Lack bleibt der Schutz optimal und die Lebensdauer sowie der Wert des Motors werden erhalten.<\/p>\n<h4>Wichtigste Merkmale und Vorteile:<\/h4>\n<p><strong>Schutz vor Korrosion:<\/strong> Verhindert Rostbildung an Motor und Antrieb.<br \/>\n<strong>Repariert Lacksch\u00e4den:<\/strong> Ideal zum Ausbessern besch\u00e4digter oder abgenutzter Oberfl\u00e4chen.<br \/>\n<strong>Mattgr\u00fcne Farbe:<\/strong> Original Volvo Penta Finish f\u00fcr eine saubere Optik.<br \/>\n<strong>Verl\u00e4ngert die Lebensdauer:<\/strong> Sch\u00fctzt Bauteile und erh\u00e4lt den Wert des Motors.<\/p>\n","protected":false},"featured_media":415133,"comment_status":"open","ping_status":"closed","template":"","meta":[],"location":[],"product_brand":[25895],"product_cat":[1222,22116,2161,25453],"product_tag":[],"class_list":{"0":"post-391781","1":"product","2":"type-product","3":"status-publish","4":"has-post-thumbnail","6":"product_brand-volvo-penta","7":"product_cat-motorteile","8":"product_cat-teile-nach-marke","9":"product_cat-motorenteile-volvo-penta","10":"product_cat-volvo-penta-farbe","11":"product_shipping_class-paket-0-10-kg","13":"first","14":"instock","15":"sale","16":"taxable","17":"shipping-taxable","18":"purchasable","19":"product-type-simple"},"group_of_quantity":0,"min_quantity":0,"max_quantity":"","exclude_order_quantity_value_rules":"no","exclude_category_quantity_rules":"no","combine_variations":"no","locations":[],"_links":{"self":[{"href":"https:\/\/ab-marineservice.com\/de\/wp-json\/wp\/v2\/product\/391781","targetHints":{"allow":["GET"]}}],"collection":[{"href":"https:\/\/ab-marineservice.com\/de\/wp-json\/wp\/v2\/product"}],"about":[{"href":"https:\/\/ab-marineservice.com\/de\/wp-json\/wp\/v2\/types\/product"}],"replies":[{"embeddable":true,"href":"https:\/\/ab-marineservice.com\/de\/wp-json\/wp\/v2\/comments?post=391781"}],"wp:featuredmedia":[{"embeddable":true,"href":"https:\/\/ab-marineservice.com\/de\/wp-json\/wp\/v2\/media\/415133"}],"wp:attachment":[{"href":"https:\/\/ab-marineservice.com\/de\/wp-json\/wp\/v2\/media?parent=391781"}],"wp:term":[{"taxonomy":"location","embeddable":true,"href":"https:\/\/ab-marineservice.com\/de\/wp-json\/wp\/v2\/location?post=391781"},{"taxonomy":"product_brand","embeddable":true,"href":"https:\/\/ab-marineservice.com\/de\/wp-json\/wp\/v2\/product_brand?post=391781"},{"taxonomy":"product_cat","embeddable":true,"href":"https:\/\/ab-marineservice.com\/de\/wp-json\/wp\/v2\/product_cat?post=391781"},{"taxonomy":"product_tag","embeddable":true,"href":"https:\/\/ab-marineservice.com\/de\/wp-json\/wp\/v2\/product_tag?post=391781"}],"curies":[{"name":"wp","href":"https:\/\/api.w.org\/{rel}","templated":true}]}}