{"id":391785,"date":"2025-09-16T10:47:27","date_gmt":"2025-09-16T08:47:27","guid":{"rendered":"https:\/\/ab-marineservice.com\/product\/volvo-penta-abgasschlauch-3584168\/"},"modified":"2026-01-05T18:44:59","modified_gmt":"2026-01-05T17:44:59","slug":"volvo-penta-abgasschlauch-3584168","status":"publish","type":"product","link":"https:\/\/ab-marineservice.com\/de\/produkt\/volvo-penta-abgasschlauch-3584168\/","title":{"rendered":"Volvo Penta D6 Abgasschlauch &#8211; 3584168"},"content":{"rendered":"<p><strong>Geeignet f\u00fcr:<\/strong><br \/>\nVolvo Penta D4-210<br \/>\nVolvo Penta D4-225<br \/>\nVolvo Penta D4-260<br \/>\nVolvo Penta D4-300<br \/>\nVolvo Penta D6-280<br \/>\nVolvo Penta D6-310<br \/>\nVolvo Penta D6-330<br \/>\nVolvo Penta D6-350<br \/>\nVolvo Penta D6-370<br \/>\nVolvo Penta D6-400<br \/>\nVolvo Penta DPH<br \/>\nVolvo Penta DPR<br \/>\nVolvo Penta TSK DPH<\/p>\n","protected":false},"excerpt":{"rendered":"<p>Volvo Penta D6 Abgasrohr. Originalteil mit der Artikelnummer 3584168, sorgt f\u00fcr eine zuverl\u00e4ssige Abgasabf\u00fchrung und verhindert Leckagen im Abgassystem.<\/p>\n","protected":false},"featured_media":418929,"comment_status":"open","ping_status":"closed","template":"","meta":[],"location":[28168],"product_brand":[],"product_cat":[1222,22116,2161,25254],"product_tag":[],"class_list":{"0":"post-391785","1":"product","2":"type-product","3":"status-publish","4":"has-post-thumbnail","6":"location-middelzee-motoren","7":"product_cat-motorteile","8":"product_cat-teile-nach-marke","9":"product_cat-motorenteile-volvo-penta","10":"product_cat-weitere-volvo-penta-teile","11":"product_shipping_class-paket-0-10-kg","13":"first","14":"instock","15":"sale","16":"taxable","17":"shipping-taxable","18":"purchasable","19":"product-type-simple"},"group_of_quantity":0,"min_quantity":0,"max_quantity":"","exclude_order_quantity_value_rules":"no","exclude_category_quantity_rules":"no","combine_variations":"no","locations":[{"id":28168,"name":"Middelzee motoren","slug":"middelzee-motoren","quantity":""}],"_links":{"self":[{"href":"https:\/\/ab-marineservice.com\/de\/wp-json\/wp\/v2\/product\/391785","targetHints":{"allow":["GET"]}}],"collection":[{"href":"https:\/\/ab-marineservice.com\/de\/wp-json\/wp\/v2\/product"}],"about":[{"href":"https:\/\/ab-marineservice.com\/de\/wp-json\/wp\/v2\/types\/product"}],"replies":[{"embeddable":true,"href":"https:\/\/ab-marineservice.com\/de\/wp-json\/wp\/v2\/comments?post=391785"}],"wp:featuredmedia":[{"embeddable":true,"href":"https:\/\/ab-marineservice.com\/de\/wp-json\/wp\/v2\/media\/418929"}],"wp:attachment":[{"href":"https:\/\/ab-marineservice.com\/de\/wp-json\/wp\/v2\/media?parent=391785"}],"wp:term":[{"taxonomy":"location","embeddable":true,"href":"https:\/\/ab-marineservice.com\/de\/wp-json\/wp\/v2\/location?post=391785"},{"taxonomy":"product_brand","embeddable":true,"href":"https:\/\/ab-marineservice.com\/de\/wp-json\/wp\/v2\/product_brand?post=391785"},{"taxonomy":"product_cat","embeddable":true,"href":"https:\/\/ab-marineservice.com\/de\/wp-json\/wp\/v2\/product_cat?post=391785"},{"taxonomy":"product_tag","embeddable":true,"href":"https:\/\/ab-marineservice.com\/de\/wp-json\/wp\/v2\/product_tag?post=391785"}],"curies":[{"name":"wp","href":"https:\/\/api.w.org\/{rel}","templated":true}]}}