{"id":391786,"date":"2025-09-16T10:48:08","date_gmt":"2025-09-16T08:48:08","guid":{"rendered":"https:\/\/ab-marineservice.com\/product\/volvo-penta-abgasschlauch-843228\/"},"modified":"2026-05-12T16:20:56","modified_gmt":"2026-05-12T14:20:56","slug":"volvo-penta-abgasschlauch-843228","status":"publish","type":"product","link":"https:\/\/ab-marineservice.com\/de\/produkt\/volvo-penta-abgasschlauch-843228\/","title":{"rendered":"Volvo Penta Abgasschlauch &#8211; 843228"},"content":{"rendered":"<p><strong>Geeignet f\u00fcr:<\/strong><br \/>\nVolvo Penta AD30A<br \/>\nVolvo Penta AD40B<br \/>\nVolvo Penta AQAD30A<br \/>\nVolvo Penta AQAD40A<br \/>\nVolvo Penta AQAD40B<br \/>\nVolvo Penta AQD40A<br \/>\nVolvo Penta D3-140A-G<br \/>\nVolvo Penta D3-140A-H<br \/>\nVolvo Penta D3-170A-G<br \/>\nVolvo Penta D3-170A-H<br \/>\nVolvo Penta D3-200A-G<br \/>\nVolvo Penta D3-200A-H<br \/>\nVolvo Penta D3-220A-G<br \/>\nVolvo Penta D3-220A-H<br \/>\nVolvo Penta TAMD40A<br \/>\nVolvo Penta TAMD40B<br \/>\nVolvo Penta TMD40A<br \/>\nVolvo Penta TMD40B<br \/>\nVolvo Penta TMD40C<\/p>\n","protected":false},"excerpt":{"rendered":"<p>Volvo Penta Auspuffschlauch, entwickelt f\u00fcr eine zuverl\u00e4ssige Abgasentsorgung in Volvo Penta-Motoren. Langlebig und best\u00e4ndig gegen hohe Temperaturen, essenziell f\u00fcr den effizienten Betrieb des Abgassystems.<\/p>\n","protected":false},"featured_media":430770,"comment_status":"open","ping_status":"closed","template":"","meta":[],"location":[],"product_brand":[],"product_cat":[1222,22116,2161,25254],"product_tag":[],"class_list":{"0":"post-391786","1":"product","2":"type-product","3":"status-publish","4":"has-post-thumbnail","6":"product_cat-motorteile","7":"product_cat-teile-nach-marke","8":"product_cat-motorenteile-volvo-penta","9":"product_cat-weitere-volvo-penta-teile","10":"product_shipping_class-paket-0-10-kg","12":"first","13":"instock","14":"sale","15":"taxable","16":"shipping-taxable","17":"purchasable","18":"product-type-simple"},"group_of_quantity":0,"min_quantity":0,"max_quantity":"","exclude_order_quantity_value_rules":"no","exclude_category_quantity_rules":"no","combine_variations":"no","locations":[],"_links":{"self":[{"href":"https:\/\/ab-marineservice.com\/de\/wp-json\/wp\/v2\/product\/391786","targetHints":{"allow":["GET"]}}],"collection":[{"href":"https:\/\/ab-marineservice.com\/de\/wp-json\/wp\/v2\/product"}],"about":[{"href":"https:\/\/ab-marineservice.com\/de\/wp-json\/wp\/v2\/types\/product"}],"replies":[{"embeddable":true,"href":"https:\/\/ab-marineservice.com\/de\/wp-json\/wp\/v2\/comments?post=391786"}],"wp:featuredmedia":[{"embeddable":true,"href":"https:\/\/ab-marineservice.com\/de\/wp-json\/wp\/v2\/media\/430770"}],"wp:attachment":[{"href":"https:\/\/ab-marineservice.com\/de\/wp-json\/wp\/v2\/media?parent=391786"}],"wp:term":[{"taxonomy":"location","embeddable":true,"href":"https:\/\/ab-marineservice.com\/de\/wp-json\/wp\/v2\/location?post=391786"},{"taxonomy":"product_brand","embeddable":true,"href":"https:\/\/ab-marineservice.com\/de\/wp-json\/wp\/v2\/product_brand?post=391786"},{"taxonomy":"product_cat","embeddable":true,"href":"https:\/\/ab-marineservice.com\/de\/wp-json\/wp\/v2\/product_cat?post=391786"},{"taxonomy":"product_tag","embeddable":true,"href":"https:\/\/ab-marineservice.com\/de\/wp-json\/wp\/v2\/product_tag?post=391786"}],"curies":[{"name":"wp","href":"https:\/\/api.w.org\/{rel}","templated":true}]}}