{"id":391798,"date":"2025-09-16T10:48:48","date_gmt":"2025-09-16T08:48:48","guid":{"rendered":"https:\/\/ab-marineservice.com\/product\/volvo-penta-ausgleichsbehaelter-861105\/"},"modified":"2026-01-17T12:45:31","modified_gmt":"2026-01-17T11:45:31","slug":"volvo-penta-ausgleichsbehaelter-861105","status":"publish","type":"product","link":"https:\/\/ab-marineservice.com\/de\/produkt\/volvo-penta-ausgleichsbehaelter-861105\/","title":{"rendered":"Volvo Penta Ausgleichsbeh\u00e4lter &#8211; 861105"},"content":{"rendered":"<p><strong>Geeignet f\u00fcr:<\/strong><br \/>\nVolvo Penta AD31<br \/>\nVolvo Penta AD40<br \/>\nVolvo Penta D2-50<br \/>\nVolvo Penta D2-55<br \/>\nVolvo Penta D2-60<br \/>\nVolvo Penta D2-75<br \/>\nVolvo Penta D41<br \/>\nVolvo Penta KAD32<br \/>\nVolvo Penta KAD42<br \/>\nVolvo Penta KAMD42<br \/>\nVolvo Penta MD2010<br \/>\nVolvo Penta MD2020<br \/>\nVolvo Penta MD2030<br \/>\nVolvo Penta MD2040<br \/>\nVolvo Penta MD22<br \/>\nVolvo Penta TAMD22<br \/>\nVolvo Penta TAMD31<br \/>\nVolvo Penta TAMD41<br \/>\nVolvo Penta TMD22<br \/>\nVolvo Penta TMD31<br \/>\nVolvo Penta TMD41<br \/>\nVolvo Penta 430<br \/>\nVolvo Penta 431<br \/>\nVolvo Penta 432<br \/>\nVolvo Penta 434<br \/>\nVolvo Penta 4.3GL<br \/>\nVolvo Penta 5.0GL<br \/>\nVolvo Penta 5.0GXi<br \/>\nVolvo Penta 5.7Gi<br \/>\nVolvo Penta 5.7GXi<br \/>\nVolvo Penta 5.8FiP<br \/>\nVolvo Penta 7.4Gi<br \/>\nVolvo Penta 7.4GXi<br \/>\nVolvo Penta 8.1Gi<br \/>\nVolvo Penta 8.1GXi<br \/>\nVolvo Penta V8<br \/>\nVolvo Penta DPX<\/p>\n","protected":false},"excerpt":{"rendered":"<p>Volvo Penta Ausdehnungsbeh\u00e4lter, OEM 861105. Originalteil zur Regulierung der K\u00fchlfl\u00fcssigkeitstemperatur und zum Schutz des K\u00fchlsystems vor \u00dcberdruck.<\/p>\n","protected":false},"featured_media":421047,"comment_status":"open","ping_status":"closed","template":"","meta":[],"location":[28168],"product_brand":[],"product_cat":[1222,22116,2161,25254],"product_tag":[],"class_list":{"0":"post-391798","1":"product","2":"type-product","3":"status-publish","4":"has-post-thumbnail","6":"location-middelzee-motoren","7":"product_cat-motorteile","8":"product_cat-teile-nach-marke","9":"product_cat-motorenteile-volvo-penta","10":"product_cat-weitere-volvo-penta-teile","11":"product_shipping_class-paket-0-10-kg","13":"first","14":"instock","15":"sale","16":"taxable","17":"shipping-taxable","18":"purchasable","19":"product-type-simple"},"group_of_quantity":0,"min_quantity":0,"max_quantity":"","exclude_order_quantity_value_rules":"no","exclude_category_quantity_rules":"no","combine_variations":"no","locations":[{"id":28168,"name":"Middelzee motoren","slug":"middelzee-motoren","quantity":""}],"_links":{"self":[{"href":"https:\/\/ab-marineservice.com\/de\/wp-json\/wp\/v2\/product\/391798","targetHints":{"allow":["GET"]}}],"collection":[{"href":"https:\/\/ab-marineservice.com\/de\/wp-json\/wp\/v2\/product"}],"about":[{"href":"https:\/\/ab-marineservice.com\/de\/wp-json\/wp\/v2\/types\/product"}],"replies":[{"embeddable":true,"href":"https:\/\/ab-marineservice.com\/de\/wp-json\/wp\/v2\/comments?post=391798"}],"wp:featuredmedia":[{"embeddable":true,"href":"https:\/\/ab-marineservice.com\/de\/wp-json\/wp\/v2\/media\/421047"}],"wp:attachment":[{"href":"https:\/\/ab-marineservice.com\/de\/wp-json\/wp\/v2\/media?parent=391798"}],"wp:term":[{"taxonomy":"location","embeddable":true,"href":"https:\/\/ab-marineservice.com\/de\/wp-json\/wp\/v2\/location?post=391798"},{"taxonomy":"product_brand","embeddable":true,"href":"https:\/\/ab-marineservice.com\/de\/wp-json\/wp\/v2\/product_brand?post=391798"},{"taxonomy":"product_cat","embeddable":true,"href":"https:\/\/ab-marineservice.com\/de\/wp-json\/wp\/v2\/product_cat?post=391798"},{"taxonomy":"product_tag","embeddable":true,"href":"https:\/\/ab-marineservice.com\/de\/wp-json\/wp\/v2\/product_tag?post=391798"}],"curies":[{"name":"wp","href":"https:\/\/api.w.org\/{rel}","templated":true}]}}