{"id":391802,"date":"2025-09-16T10:48:48","date_gmt":"2025-09-16T08:48:48","guid":{"rendered":"https:\/\/ab-marineservice.com\/product\/volvo-penta-verlaengerungskabel-3842733\/"},"modified":"2026-02-18T19:23:58","modified_gmt":"2026-02-18T18:23:58","slug":"volvo-penta-verlaengerungskabel-3842733","status":"publish","type":"product","link":"https:\/\/ab-marineservice.com\/de\/produkt\/volvo-penta-verlaengerungskabel-3842733\/","title":{"rendered":"Volvo Penta 6-poliges Verl\u00e4ngerungskabel, L\u00e4nge 3 m &#8211; 3842733"},"content":{"rendered":"<p><strong>Geeignet f\u00fcr:<\/strong><br \/>\nVolvo Penta D1<br \/>\nVolvo Penta D11<br \/>\nVolvo Penta D12<br \/>\nVolvo Penta D13<br \/>\nVolvo Penta D16<br \/>\nVolvo Penta D3<br \/>\nVolvo Penta D4<br \/>\nVolvo Penta D6<br \/>\nVolvo Penta D8<br \/>\nVolvo Penta D9<br \/>\nVolvo Penta KAD300<br \/>\nVolvo Penta KAD32<br \/>\nVolvo Penta KAD42<br \/>\nVolvo Penta KAD43<br \/>\nVolvo Penta KAD44<br \/>\nVolvo Penta KAMD42<br \/>\nVolvo Penta KAMD43<br \/>\nVolvo Penta MD70<br \/>\nVolvo Penta TAMD60<br \/>\nVolvo Penta TAMD70<br \/>\nVolvo Penta TMD70<br \/>\nVolvo Penta TAD1240<br \/>\nVolvo Penta TAD1241<br \/>\nVolvo Penta TAD1242<br \/>\nVolvo Penta 230<br \/>\nVolvo Penta 250<br \/>\nVolvo Penta 251<br \/>\nVolvo Penta 430<br \/>\nVolvo Penta 500<br \/>\nVolvo Penta 570<br \/>\nVolvo Penta AQ120<br \/>\nVolvo Penta AQ125<br \/>\nVolvo Penta AQ130<br \/>\nVolvo Penta AQ131<br \/>\nVolvo Penta AQ145<br \/>\nVolvo Penta AQ151<br \/>\nVolvo Penta AQ170<br \/>\nVolvo Penta AQ171<br \/>\nVolvo Penta AQ175<br \/>\nVolvo Penta AQ200<br \/>\nVolvo Penta AQ205<br \/>\nVolvo Penta AQ211<br \/>\nVolvo Penta AQ225<br \/>\nVolvo Penta AQ231<br \/>\nVolvo Penta AQ260<br \/>\nVolvo Penta AQ271<br \/>\nVolvo Penta AQ290<br \/>\nVolvo Penta AQ311<br \/>\nVolvo Penta B230<br \/>\nVolvo Penta BB740<br \/>\nVolvo Penta DP<br \/>\nVolvo Penta DPX<br \/>\nVolvo Penta SX<br \/>\nVolvo Penta TSK DP<br \/>\nVolvo Penta TSK DPH<\/p>\n","protected":false},"excerpt":{"rendered":"<p>Volvo Penta 6-poliges Verl\u00e4ngerungskabel, 3 Meter lang, OEM 3842733. Ideal zum Verl\u00e4ngern elektrischer Verbindungen und zur Verbesserung der Stromversorgung.<\/p>\n","protected":false},"featured_media":425868,"comment_status":"open","ping_status":"closed","template":"","meta":[],"location":[28168],"product_brand":[],"product_cat":[1222,22116,2161,25254],"product_tag":[],"class_list":{"0":"post-391802","1":"product","2":"type-product","3":"status-publish","4":"has-post-thumbnail","6":"location-middelzee-motoren","7":"product_cat-motorteile","8":"product_cat-teile-nach-marke","9":"product_cat-motorenteile-volvo-penta","10":"product_cat-weitere-volvo-penta-teile","11":"product_shipping_class-paket-0-10-kg","13":"first","14":"instock","15":"sale","16":"taxable","17":"shipping-taxable","18":"purchasable","19":"product-type-simple"},"group_of_quantity":0,"min_quantity":0,"max_quantity":"","exclude_order_quantity_value_rules":"no","exclude_category_quantity_rules":"no","combine_variations":"no","locations":[{"id":28168,"name":"Middelzee motoren","slug":"middelzee-motoren","quantity":""}],"_links":{"self":[{"href":"https:\/\/ab-marineservice.com\/de\/wp-json\/wp\/v2\/product\/391802","targetHints":{"allow":["GET"]}}],"collection":[{"href":"https:\/\/ab-marineservice.com\/de\/wp-json\/wp\/v2\/product"}],"about":[{"href":"https:\/\/ab-marineservice.com\/de\/wp-json\/wp\/v2\/types\/product"}],"replies":[{"embeddable":true,"href":"https:\/\/ab-marineservice.com\/de\/wp-json\/wp\/v2\/comments?post=391802"}],"wp:featuredmedia":[{"embeddable":true,"href":"https:\/\/ab-marineservice.com\/de\/wp-json\/wp\/v2\/media\/425868"}],"wp:attachment":[{"href":"https:\/\/ab-marineservice.com\/de\/wp-json\/wp\/v2\/media?parent=391802"}],"wp:term":[{"taxonomy":"location","embeddable":true,"href":"https:\/\/ab-marineservice.com\/de\/wp-json\/wp\/v2\/location?post=391802"},{"taxonomy":"product_brand","embeddable":true,"href":"https:\/\/ab-marineservice.com\/de\/wp-json\/wp\/v2\/product_brand?post=391802"},{"taxonomy":"product_cat","embeddable":true,"href":"https:\/\/ab-marineservice.com\/de\/wp-json\/wp\/v2\/product_cat?post=391802"},{"taxonomy":"product_tag","embeddable":true,"href":"https:\/\/ab-marineservice.com\/de\/wp-json\/wp\/v2\/product_tag?post=391802"}],"curies":[{"name":"wp","href":"https:\/\/api.w.org\/{rel}","templated":true}]}}