{"id":391832,"date":"2025-09-16T10:51:03","date_gmt":"2025-09-16T08:51:03","guid":{"rendered":"https:\/\/ab-marineservice.com\/product\/volvo-penta-flanschmutter-selbstsichernd-990950\/"},"modified":"2025-12-20T16:14:14","modified_gmt":"2025-12-20T15:14:14","slug":"volvo-penta-flanschmutter-fur-auspuff-990950","status":"publish","type":"product","link":"https:\/\/ab-marineservice.com\/de\/produkt\/volvo-penta-flanschmutter-fur-auspuff-990950\/","title":{"rendered":"Volvo Penta Flanschmutter f\u00fcr Auspuff &#8211; 990950"},"content":{"rendered":"<p><strong>Geeignet f\u00fcr:<\/strong><\/p>\n<p>Volvo Penta 2003<br \/>\nVolvo Penta AD30<br \/>\nVolvo Penta AD31<br \/>\nVolvo Penta AD41<br \/>\nVolvo Penta AQAD30<br \/>\nVolvo Penta AQD21<br \/>\nVolvo Penta AQD40<br \/>\nVolvo Penta D1<br \/>\nVolvo Penta D11<br \/>\nVolvo Penta D12<br \/>\nVolvo Penta D13<br \/>\nVolvo Penta D16<br \/>\nVolvo Penta D2<br \/>\nVolvo Penta D4<br \/>\nVolvo Penta D41<br \/>\nVolvo Penta D5<br \/>\nVolvo Penta D6<br \/>\nVolvo Penta D7<br \/>\nVolvo Penta D8<br \/>\nVolvo Penta D9<br \/>\nVolvo Penta KAD300<br \/>\nVolvo Penta KAD32<br \/>\nVolvo Penta KAD42<br \/>\nVolvo Penta KAD43<br \/>\nVolvo Penta KAD44<br \/>\nVolvo Penta KAMD300<br \/>\nVolvo Penta KAMD42<br \/>\nVolvo Penta KAMD43<br \/>\nVolvo Penta KAMD44<br \/>\nVolvo Penta MD1<br \/>\nVolvo Penta MD2<br \/>\nVolvo Penta MD5<br \/>\nVolvo Penta MD6<br \/>\nVolvo Penta MD7<br \/>\nVolvo Penta MD21<br \/>\nVolvo Penta MD22<br \/>\nVolvo Penta MD30<br \/>\nVolvo Penta MD31<br \/>\nVolvo Penta MD40<br \/>\nVolvo Penta MD2010<br \/>\nVolvo Penta MD2020<br \/>\nVolvo Penta MD2030<br \/>\nVolvo Penta MD2040<br \/>\nVolvo Penta TAMD102<br \/>\nVolvo Penta TAMD103<br \/>\nVolvo Penta TAMD121<br \/>\nVolvo Penta TAMD122<br \/>\nVolvo Penta TAMD162<br \/>\nVolvo Penta TAMD163<br \/>\nVolvo Penta TAMD165<br \/>\nVolvo Penta TAMD22<br \/>\nVolvo Penta TAMD31<br \/>\nVolvo Penta TAMD41<br \/>\nVolvo Penta TAMD42<br \/>\nVolvo Penta TAMD61<br \/>\nVolvo Penta TAMD62<br \/>\nVolvo Penta TAMD63<br \/>\nVolvo Penta TAMD71<br \/>\nVolvo Penta TAMD72<br \/>\nVolvo Penta TAMD73<br \/>\nVolvo Penta TAMD74<br \/>\nVolvo Penta TAMD75<br \/>\nVolvo Penta TMD102<br \/>\nVolvo Penta TMD121<br \/>\nVolvo Penta TMD122<br \/>\nVolvo Penta TMD22<br \/>\nVolvo Penta TMD30<br \/>\nVolvo Penta TMD31<br \/>\nVolvo Penta TMD40<br \/>\nVolvo Penta TMD41<br \/>\nVolvo Penta 4.3<br \/>\nVolvo Penta 5.0<br \/>\nVolvo Penta 5.7<br \/>\nVolvo Penta 5.8<br \/>\nVolvo Penta 7.4<br \/>\nVolvo Penta 8.1<br \/>\nVolvo Penta 8.2<br \/>\nVolvo Penta AQ115<br \/>\nVolvo Penta AQ130<br \/>\nVolvo Penta AQ165<br \/>\nVolvo Penta AQ170<br \/>\nVolvo Penta B20<br \/>\nVolvo Penta BB115<br \/>\nVolvo Penta BB165<br \/>\nVolvo Penta BB170<br \/>\nVolvo Penta DPX385<br \/>\nVolvo Penta DPX415<br \/>\nVolvo Penta MB20<\/p>\n","protected":false},"excerpt":{"rendered":"<p>Volvo Penta Flanschmutter f\u00fcr Auspuff. Originalteil mit der Artikelnummer 990950, sorgt f\u00fcr eine zuverl\u00e4ssige Befestigung der Auspuffflansch und Sicherung der Auspuffkomponenten.<\/p>\n","protected":false},"featured_media":412286,"comment_status":"open","ping_status":"closed","template":"","meta":[],"location":[3905,28168],"product_brand":[25895],"product_cat":[1222,22116,2161,25254],"product_tag":[],"class_list":{"0":"post-391832","1":"product","2":"type-product","3":"status-publish","4":"has-post-thumbnail","6":"location-ab-marine-service","7":"location-middelzee-motoren","8":"product_brand-volvo-penta","9":"product_cat-motorteile","10":"product_cat-teile-nach-marke","11":"product_cat-motorenteile-volvo-penta","12":"product_cat-weitere-volvo-penta-teile","13":"product_shipping_class-paket-0-10-kg","15":"first","16":"instock","17":"sale","18":"taxable","19":"shipping-taxable","20":"purchasable","21":"product-type-simple"},"group_of_quantity":0,"min_quantity":0,"max_quantity":"","exclude_order_quantity_value_rules":"no","exclude_category_quantity_rules":"no","combine_variations":"no","locations":[{"id":3905,"name":"AB Marine","slug":"ab-marine-service","quantity":""},{"id":28168,"name":"Middelzee motoren","slug":"middelzee-motoren","quantity":""}],"_links":{"self":[{"href":"https:\/\/ab-marineservice.com\/de\/wp-json\/wp\/v2\/product\/391832","targetHints":{"allow":["GET"]}}],"collection":[{"href":"https:\/\/ab-marineservice.com\/de\/wp-json\/wp\/v2\/product"}],"about":[{"href":"https:\/\/ab-marineservice.com\/de\/wp-json\/wp\/v2\/types\/product"}],"replies":[{"embeddable":true,"href":"https:\/\/ab-marineservice.com\/de\/wp-json\/wp\/v2\/comments?post=391832"}],"wp:featuredmedia":[{"embeddable":true,"href":"https:\/\/ab-marineservice.com\/de\/wp-json\/wp\/v2\/media\/412286"}],"wp:attachment":[{"href":"https:\/\/ab-marineservice.com\/de\/wp-json\/wp\/v2\/media?parent=391832"}],"wp:term":[{"taxonomy":"location","embeddable":true,"href":"https:\/\/ab-marineservice.com\/de\/wp-json\/wp\/v2\/location?post=391832"},{"taxonomy":"product_brand","embeddable":true,"href":"https:\/\/ab-marineservice.com\/de\/wp-json\/wp\/v2\/product_brand?post=391832"},{"taxonomy":"product_cat","embeddable":true,"href":"https:\/\/ab-marineservice.com\/de\/wp-json\/wp\/v2\/product_cat?post=391832"},{"taxonomy":"product_tag","embeddable":true,"href":"https:\/\/ab-marineservice.com\/de\/wp-json\/wp\/v2\/product_tag?post=391832"}],"curies":[{"name":"wp","href":"https:\/\/api.w.org\/{rel}","templated":true}]}}