{"id":391899,"date":"2025-09-16T10:55:15","date_gmt":"2025-09-16T08:55:15","guid":{"rendered":"https:\/\/ab-marineservice.com\/product\/volvo-penta-flexible-kupplung-23549677\/"},"modified":"2026-04-23T18:50:09","modified_gmt":"2026-04-23T16:50:09","slug":"volvo-penta-flexible-kupplung-23549677","status":"publish","type":"product","link":"https:\/\/ab-marineservice.com\/de\/produkt\/volvo-penta-flexible-kupplung-23549677\/","title":{"rendered":"Volvo Penta Flexible Kupplung &#8211; 23549677"},"content":{"rendered":"<p><strong>Geeignet f\u00fcr:<\/strong><br \/>\nVolvo Penta D11<br \/>\nVolvo Penta D12<br \/>\nVolvo Penta D13<br \/>\nVolvo Penta D16<br \/>\nVolvo Penta D4-145I<br \/>\nVolvo Penta D4-150A<br \/>\nVolvo Penta D4-175I<br \/>\nVolvo Penta D4-180I<br \/>\nVolvo Penta D4-210A<br \/>\nVolvo Penta D4-225A<br \/>\nVolvo Penta D4-225I<br \/>\nVolvo Penta D4-230A<br \/>\nVolvo Penta D4-260A<br \/>\nVolvo Penta D4-270A<br \/>\nVolvo Penta D4-300A<br \/>\nVolvo Penta D4-300I<br \/>\nVolvo Penta D4-320A<br \/>\nVolvo Penta D6-280A<br \/>\nVolvo Penta D6-280I<br \/>\nVolvo Penta D6-300A<br \/>\nVolvo Penta D6-300I<br \/>\nVolvo Penta D6-310A<br \/>\nVolvo Penta D6-310I<br \/>\nVolvo Penta D6-330A<br \/>\nVolvo Penta D6-330I<br \/>\nVolvo Penta D6-340A<br \/>\nVolvo Penta D6-340I<br \/>\nVolvo Penta D6-370A<br \/>\nVolvo Penta D6-370I<br \/>\nVolvo Penta D6-380A<br \/>\nVolvo Penta D6-400A<br \/>\nVolvo Penta D6-435I<br \/>\nVolvo Penta D6-440A<br \/>\nVolvo Penta D6-440I<br \/>\nVolvo Penta D6-480I<br \/>\nVolvo Penta DPH<br \/>\nVolvo Penta DPI<br \/>\nVolvo Penta DPR<br \/>\nVolvo Penta HS45AE<br \/>\nVolvo Penta HS63AE<br \/>\nVolvo Penta HS63IVE<br \/>\nVolvo Penta HS80AE<br \/>\nVolvo Penta TSK DPH<\/p>\n","protected":false},"excerpt":{"rendered":"<p>Volvo Penta flexible Kupplung 23549677 (auch als D\u00e4mpferplatte oder &#8220;resiliente Kupplung&#8221; bekannt) wurde entwickelt, um Vibrationen zwischen dem Motor und der \u00dcbertragung zu minimieren. Dieses wesentliche Teil verl\u00e4ngert die Lebensdauer der Antriebsstrang durch effektive Absorption von St\u00f6\u00dfen und Vibrationen. Es ersetzt \u00e4ltere Teile wie 3843581, 21882313 und 3583842 und tr\u00e4gt zu einer ruhigeren Funktion der Antriebssysteme bei.<\/p>\n<h4>Wichtigste Merkmale und Vorteile:<\/h4>\n<p><strong>Reduziert Vibrationen:<\/strong> Minimiert Motor- und Getriebewellenvibrationen f\u00fcr einen reibungsloseren Betrieb.<br \/>\n<strong>Erh\u00f6ht die Lebensdauer des Antriebsstrangs:<\/strong> Sch\u00fctzt den Motor und das Getriebe vor Verschlei\u00df durch Vibrationen.<br \/>\n<strong>Kompatibel mit \u00e4lteren Teilen:<\/strong> Ersetzt die Teilenummern 3843581, 21882313 und 3583842.<br \/>\n<strong>Essentiell f\u00fcr maritime Motoren:<\/strong> Gew\u00e4hrleistet optimale Leistung und Zuverl\u00e4ssigkeit der Antriebssysteme.<\/p>\n","protected":false},"featured_media":412661,"comment_status":"open","ping_status":"closed","template":"","meta":[],"location":[],"product_brand":[],"product_cat":[1222,22116,2161,25254],"product_tag":[],"class_list":{"0":"post-391899","1":"product","2":"type-product","3":"status-publish","4":"has-post-thumbnail","6":"product_cat-motorteile","7":"product_cat-teile-nach-marke","8":"product_cat-motorenteile-volvo-penta","9":"product_cat-weitere-volvo-penta-teile","10":"product_shipping_class-paket-0-10-kg","12":"first","13":"instock","14":"sale","15":"taxable","16":"shipping-taxable","17":"purchasable","18":"product-type-simple"},"group_of_quantity":0,"min_quantity":0,"max_quantity":"","exclude_order_quantity_value_rules":"no","exclude_category_quantity_rules":"no","combine_variations":"no","locations":[{"id":28168,"name":"Middelzee motoren","slug":"middelzee-motoren","quantity":""}],"_links":{"self":[{"href":"https:\/\/ab-marineservice.com\/de\/wp-json\/wp\/v2\/product\/391899","targetHints":{"allow":["GET"]}}],"collection":[{"href":"https:\/\/ab-marineservice.com\/de\/wp-json\/wp\/v2\/product"}],"about":[{"href":"https:\/\/ab-marineservice.com\/de\/wp-json\/wp\/v2\/types\/product"}],"replies":[{"embeddable":true,"href":"https:\/\/ab-marineservice.com\/de\/wp-json\/wp\/v2\/comments?post=391899"}],"wp:featuredmedia":[{"embeddable":true,"href":"https:\/\/ab-marineservice.com\/de\/wp-json\/wp\/v2\/media\/412661"}],"wp:attachment":[{"href":"https:\/\/ab-marineservice.com\/de\/wp-json\/wp\/v2\/media?parent=391899"}],"wp:term":[{"taxonomy":"location","embeddable":true,"href":"https:\/\/ab-marineservice.com\/de\/wp-json\/wp\/v2\/location?post=391899"},{"taxonomy":"product_brand","embeddable":true,"href":"https:\/\/ab-marineservice.com\/de\/wp-json\/wp\/v2\/product_brand?post=391899"},{"taxonomy":"product_cat","embeddable":true,"href":"https:\/\/ab-marineservice.com\/de\/wp-json\/wp\/v2\/product_cat?post=391899"},{"taxonomy":"product_tag","embeddable":true,"href":"https:\/\/ab-marineservice.com\/de\/wp-json\/wp\/v2\/product_tag?post=391899"}],"curies":[{"name":"wp","href":"https:\/\/api.w.org\/{rel}","templated":true}]}}