{"id":391904,"date":"2025-09-16T10:55:57","date_gmt":"2025-09-16T08:55:57","guid":{"rendered":"https:\/\/ab-marineservice.com\/product\/volvo-penta-frontplatte-21189669\/"},"modified":"2026-04-22T18:56:47","modified_gmt":"2026-04-22T16:56:47","slug":"volvo-penta-frontplatte-21189669","status":"publish","type":"product","link":"https:\/\/ab-marineservice.com\/de\/produkt\/volvo-penta-frontplatte-21189669\/","title":{"rendered":"Volvo Penta Vorderplatte f\u00fcr Verteilungsgeh\u00e4use &#8211; 21189669"},"content":{"rendered":"<p><strong>Geeignet f\u00fcr:<\/strong><br \/>\nVolvo Penta D1-13<br \/>\nVolvo Penta D1-13B<br \/>\nVolvo Penta D1-13F<br \/>\nVolvo Penta D1-20<br \/>\nVolvo Penta D1-20B<br \/>\nVolvo Penta D1-20F<br \/>\nVolvo Penta MD2010<br \/>\nVolvo Penta MD2010-C<br \/>\nVolvo Penta MD2010-D<br \/>\nVolvo Penta MD2010B<br \/>\nVolvo Penta MD2020<br \/>\nVolvo Penta MD2020-C<br \/>\nVolvo Penta MD2020-D<br \/>\nVolvo Penta MD2020B<\/p>\n","protected":false},"excerpt":{"rendered":"<p>Volvo Penta Vorderplatte 21189669 ist ein wesentlicher Bestandteil des Motorblocks und wird im Verteilungsgeh\u00e4use verschiedener Volvo Penta Schiffs-Dieselmotoren verwendet. Diese Vorderplatte bildet einen wichtigen Teil des Timing Gear Geh\u00e4uses und sorgt f\u00fcr eine korrekte Abdichtung und Positionierung der internen Komponenten. Das Teil ersetzt \u00e4ltere Nummern 861535, 3886393 und 21190865 und hilft, Leckagen und Verschlei\u00df im Verteilungssystem zu verhindern.<\/p>\n<h4>Wichtigste Merkmale und Vorteile:<\/h4>\n<p><strong>Teil des Verteilungsgeh\u00e4uses:<\/strong> Sorgt f\u00fcr die korrekte Montage und Abdichtung des Timing Gear Geh\u00e4uses.<br \/>\n<strong>Ersetzt mehrere alte Nummern:<\/strong> Kompatibel mit 861535, 3886393 und 21190865.<br \/>\n<strong>Verhindert Leckagen und Verschlei\u00df:<\/strong> Sch\u00fctzt interne Motorbestandteile.<br \/>\n<strong>Original Volvo Penta Teil:<\/strong> Garantiert perfekte Passform und zuverl\u00e4ssige Funktion.<\/p>\n","protected":false},"featured_media":435598,"comment_status":"open","ping_status":"closed","template":"","meta":[],"location":[],"product_brand":[],"product_cat":[1222,22116,2161,25254],"product_tag":[],"class_list":{"0":"post-391904","1":"product","2":"type-product","3":"status-publish","4":"has-post-thumbnail","6":"product_cat-motorteile","7":"product_cat-teile-nach-marke","8":"product_cat-motorenteile-volvo-penta","9":"product_cat-weitere-volvo-penta-teile","10":"product_shipping_class-paket-0-10-kg","12":"first","13":"instock","14":"sale","15":"taxable","16":"shipping-taxable","17":"purchasable","18":"product-type-simple"},"group_of_quantity":0,"min_quantity":0,"max_quantity":"","exclude_order_quantity_value_rules":"no","exclude_category_quantity_rules":"no","combine_variations":"no","locations":[{"id":28168,"name":"Middelzee motoren","slug":"middelzee-motoren","quantity":""}],"_links":{"self":[{"href":"https:\/\/ab-marineservice.com\/de\/wp-json\/wp\/v2\/product\/391904","targetHints":{"allow":["GET"]}}],"collection":[{"href":"https:\/\/ab-marineservice.com\/de\/wp-json\/wp\/v2\/product"}],"about":[{"href":"https:\/\/ab-marineservice.com\/de\/wp-json\/wp\/v2\/types\/product"}],"replies":[{"embeddable":true,"href":"https:\/\/ab-marineservice.com\/de\/wp-json\/wp\/v2\/comments?post=391904"}],"wp:featuredmedia":[{"embeddable":true,"href":"https:\/\/ab-marineservice.com\/de\/wp-json\/wp\/v2\/media\/435598"}],"wp:attachment":[{"href":"https:\/\/ab-marineservice.com\/de\/wp-json\/wp\/v2\/media?parent=391904"}],"wp:term":[{"taxonomy":"location","embeddable":true,"href":"https:\/\/ab-marineservice.com\/de\/wp-json\/wp\/v2\/location?post=391904"},{"taxonomy":"product_brand","embeddable":true,"href":"https:\/\/ab-marineservice.com\/de\/wp-json\/wp\/v2\/product_brand?post=391904"},{"taxonomy":"product_cat","embeddable":true,"href":"https:\/\/ab-marineservice.com\/de\/wp-json\/wp\/v2\/product_cat?post=391904"},{"taxonomy":"product_tag","embeddable":true,"href":"https:\/\/ab-marineservice.com\/de\/wp-json\/wp\/v2\/product_tag?post=391904"}],"curies":[{"name":"wp","href":"https:\/\/api.w.org\/{rel}","templated":true}]}}