{"id":391934,"date":"2025-09-16T10:58:02","date_gmt":"2025-09-16T08:58:02","guid":{"rendered":"https:\/\/ab-marineservice.com\/product\/volvo-penta-dichtung-11994\/"},"modified":"2026-01-02T16:22:37","modified_gmt":"2026-01-02T15:22:37","slug":"volvo-penta-warmetauscherdichtung-11994","status":"publish","type":"product","link":"https:\/\/ab-marineservice.com\/de\/produkt\/volvo-penta-warmetauscherdichtung-11994\/","title":{"rendered":"Volvo Penta W\u00e4rmetauscherdichtung &#8211; 11994"},"content":{"rendered":"<p><strong>Geeignet f\u00fcr:<\/strong><br \/>\nVolvo Penta AD30<br \/>\nVolvo Penta AD31<br \/>\nVolvo Penta AD40<br \/>\nVolvo Penta AD41<br \/>\nVolvo Penta AQAD30<br \/>\nVolvo Penta AQAD40<br \/>\nVolvo Penta AQD21<br \/>\nVolvo Penta AQD2<br \/>\nVolvo Penta D12<br \/>\nVolvo Penta D13<br \/>\nVolvo Penta D2<br \/>\nVolvo Penta D41<br \/>\nVolvo Penta KAD42<br \/>\nVolvo Penta KAMD42<br \/>\nVolvo Penta MD100<br \/>\nVolvo Penta MD120<br \/>\nVolvo Penta MD17<br \/>\nVolvo Penta MD2010<br \/>\nVolvo Penta MD2020<br \/>\nVolvo Penta MD2030<br \/>\nVolvo Penta MD2040<br \/>\nVolvo Penta MD22<br \/>\nVolvo Penta TAMD102<br \/>\nVolvo Penta TAMD103<br \/>\nVolvo Penta TAMD120<br \/>\nVolvo Penta TAMD121<br \/>\nVolvo Penta TAMD122<br \/>\nVolvo Penta TAMD162<br \/>\nVolvo Penta TAMD163<br \/>\nVolvo Penta TAMD165<br \/>\nVolvo Penta TAMD22<br \/>\nVolvo Penta TAMD61<br \/>\nVolvo Penta TAMD62<br \/>\nVolvo Penta TAMD63<br \/>\nVolvo Penta TAMD70<br \/>\nVolvo Penta TAMD71<br \/>\nVolvo Penta TAMD72<br \/>\nVolvo Penta TAMD73<br \/>\nVolvo Penta TAMD74<br \/>\nVolvo Penta TAMD75<br \/>\nVolvo Penta TMD100<br \/>\nVolvo Penta TMD102<br \/>\nVolvo Penta TMD120<br \/>\nVolvo Penta TMD121<br \/>\nVolvo Penta TMD22<br \/>\nVolvo Penta TMD70<br \/>\nVolvo Penta 230<br \/>\nVolvo Penta 250<br \/>\nVolvo Penta 251<br \/>\nVolvo Penta AQ151<br \/>\nVolvo Penta AQ171<br \/>\nVolvo Penta B230<br \/>\nVolvo Penta B230E<br \/>\nVolvo Penta B230F<br \/>\nVolvo Penta B230FB<br \/>\nVolvo Penta B230FX<br \/>\nVolvo Penta TAD1630<br \/>\nVolvo Penta TAD1631<br \/>\nVolvo Penta TAD1643<br \/>\nVolvo Penta TD100<br \/>\nVolvo Penta TD164KAE<br \/>\nVolvo Penta TD610<br \/>\nVolvo Penta TD61<br \/>\nVolvo Penta TD71<br \/>\nVolvo Penta TID162<br \/>\nVolvo Penta TID61<br \/>\nVolvo Penta TID71<br \/>\nVolvo Penta TWD1240<br \/>\nVolvo Penta TWD1620<br \/>\nVolvo Penta TWD1630<br \/>\nVolvo Penta TWD1643<br \/>\nVolvo Penta TWD1652<br \/>\nVolvo Penta TWD1653<br \/>\nVolvo Penta TWD1663<br \/>\nVolvo Penta TWD1683<br \/>\nVolvo Penta TWD710<br \/>\nVolvo Penta TWD740<\/p>\n","protected":false},"excerpt":{"rendered":"<p>Volvo Penta W\u00e4rmetauscherdichtung. Originalteil mit Artikelnummer 11994, entwickelt f\u00fcr eine zuverl\u00e4ssige Abdichtung und den Schutz des W\u00e4rmetauschersystems, verhindert Leckagen und sorgt f\u00fcr eine optimale Funktion.<\/p>\n","protected":false},"featured_media":412621,"comment_status":"open","ping_status":"closed","template":"","meta":[],"location":[28168],"product_brand":[25895],"product_cat":[1222,22116,2161,25254],"product_tag":[],"class_list":{"0":"post-391934","1":"product","2":"type-product","3":"status-publish","4":"has-post-thumbnail","6":"location-middelzee-motoren","7":"product_brand-volvo-penta","8":"product_cat-motorteile","9":"product_cat-teile-nach-marke","10":"product_cat-motorenteile-volvo-penta","11":"product_cat-weitere-volvo-penta-teile","12":"product_shipping_class-paket-0-10-kg","14":"first","15":"instock","16":"sale","17":"taxable","18":"shipping-taxable","19":"purchasable","20":"product-type-simple"},"group_of_quantity":0,"min_quantity":0,"max_quantity":"","exclude_order_quantity_value_rules":"no","exclude_category_quantity_rules":"no","combine_variations":"no","locations":[{"id":28168,"name":"Middelzee motoren","slug":"middelzee-motoren","quantity":""}],"_links":{"self":[{"href":"https:\/\/ab-marineservice.com\/de\/wp-json\/wp\/v2\/product\/391934","targetHints":{"allow":["GET"]}}],"collection":[{"href":"https:\/\/ab-marineservice.com\/de\/wp-json\/wp\/v2\/product"}],"about":[{"href":"https:\/\/ab-marineservice.com\/de\/wp-json\/wp\/v2\/types\/product"}],"replies":[{"embeddable":true,"href":"https:\/\/ab-marineservice.com\/de\/wp-json\/wp\/v2\/comments?post=391934"}],"wp:featuredmedia":[{"embeddable":true,"href":"https:\/\/ab-marineservice.com\/de\/wp-json\/wp\/v2\/media\/412621"}],"wp:attachment":[{"href":"https:\/\/ab-marineservice.com\/de\/wp-json\/wp\/v2\/media?parent=391934"}],"wp:term":[{"taxonomy":"location","embeddable":true,"href":"https:\/\/ab-marineservice.com\/de\/wp-json\/wp\/v2\/location?post=391934"},{"taxonomy":"product_brand","embeddable":true,"href":"https:\/\/ab-marineservice.com\/de\/wp-json\/wp\/v2\/product_brand?post=391934"},{"taxonomy":"product_cat","embeddable":true,"href":"https:\/\/ab-marineservice.com\/de\/wp-json\/wp\/v2\/product_cat?post=391934"},{"taxonomy":"product_tag","embeddable":true,"href":"https:\/\/ab-marineservice.com\/de\/wp-json\/wp\/v2\/product_tag?post=391934"}],"curies":[{"name":"wp","href":"https:\/\/api.w.org\/{rel}","templated":true}]}}