{"id":392232,"date":"2025-09-16T11:18:30","date_gmt":"2025-09-16T09:18:30","guid":{"rendered":"https:\/\/ab-marineservice.com\/product\/volvo-penta-schutzplatte-851984\/"},"modified":"2026-01-31T13:55:41","modified_gmt":"2026-01-31T12:55:41","slug":"volvo-penta-schutzplatte-851984","status":"publish","type":"product","link":"https:\/\/ab-marineservice.com\/de\/produkt\/volvo-penta-schutzplatte-851984\/","title":{"rendered":"Volvo Penta Abdeckplatte f\u00fcr Getriebegeh\u00e4use &#8211; 851984"},"content":{"rendered":"<p><strong>Geeignet f\u00fcr:<\/strong><br \/>\nVolvo Penta 2001<br \/>\nVolvo Penta 2002<br \/>\nVolvo Penta 2003<br \/>\nVolvo Penta MD11<br \/>\nVolvo Penta MD17<br \/>\nVolvo Penta MD22<br \/>\nVolvo Penta MD5<br \/>\nVolvo Penta MD6<br \/>\nVolvo Penta MD7<br \/>\nVolvo Penta TMD22<br \/>\nVolvo Penta 120<br \/>\nVolvo Penta MS2<\/p>\n","protected":false},"excerpt":{"rendered":"<p>Sch\u00fctzen Sie Ihr Getriebegeh\u00e4use mit der originalen Volvo Penta Abdeckplatte, OEM 851984. Sorgt f\u00fcr eine feste Versiegelung und verhindert das Eindringen von Schmutz und Wasser.<\/p>\n","protected":false},"featured_media":0,"comment_status":"open","ping_status":"closed","template":"","meta":[],"location":[28168],"product_brand":[],"product_cat":[1222,22116,2161,25254],"product_tag":[],"class_list":{"0":"post-392232","1":"product","2":"type-product","3":"status-publish","5":"location-middelzee-motoren","6":"product_cat-motorteile","7":"product_cat-teile-nach-marke","8":"product_cat-motorenteile-volvo-penta","9":"product_cat-weitere-volvo-penta-teile","10":"product_shipping_class-paket-0-10-kg","12":"first","13":"instock","14":"sale","15":"taxable","16":"shipping-taxable","17":"purchasable","18":"product-type-simple"},"group_of_quantity":0,"min_quantity":0,"max_quantity":"","exclude_order_quantity_value_rules":"no","exclude_category_quantity_rules":"no","combine_variations":"no","locations":[{"id":28168,"name":"Middelzee motoren","slug":"middelzee-motoren","quantity":""}],"_links":{"self":[{"href":"https:\/\/ab-marineservice.com\/de\/wp-json\/wp\/v2\/product\/392232","targetHints":{"allow":["GET"]}}],"collection":[{"href":"https:\/\/ab-marineservice.com\/de\/wp-json\/wp\/v2\/product"}],"about":[{"href":"https:\/\/ab-marineservice.com\/de\/wp-json\/wp\/v2\/types\/product"}],"replies":[{"embeddable":true,"href":"https:\/\/ab-marineservice.com\/de\/wp-json\/wp\/v2\/comments?post=392232"}],"wp:attachment":[{"href":"https:\/\/ab-marineservice.com\/de\/wp-json\/wp\/v2\/media?parent=392232"}],"wp:term":[{"taxonomy":"location","embeddable":true,"href":"https:\/\/ab-marineservice.com\/de\/wp-json\/wp\/v2\/location?post=392232"},{"taxonomy":"product_brand","embeddable":true,"href":"https:\/\/ab-marineservice.com\/de\/wp-json\/wp\/v2\/product_brand?post=392232"},{"taxonomy":"product_cat","embeddable":true,"href":"https:\/\/ab-marineservice.com\/de\/wp-json\/wp\/v2\/product_cat?post=392232"},{"taxonomy":"product_tag","embeddable":true,"href":"https:\/\/ab-marineservice.com\/de\/wp-json\/wp\/v2\/product_tag?post=392232"}],"curies":[{"name":"wp","href":"https:\/\/api.w.org\/{rel}","templated":true}]}}