{"id":392315,"date":"2025-09-16T11:24:15","date_gmt":"2025-09-16T09:24:15","guid":{"rendered":"https:\/\/ab-marineservice.com\/product\/volvo-penta-schlauch-3883777\/"},"modified":"2026-05-02T11:32:24","modified_gmt":"2026-05-02T09:32:24","slug":"volvo-penta-schlauch-3883777","status":"publish","type":"product","link":"https:\/\/ab-marineservice.com\/de\/produkt\/volvo-penta-schlauch-3883777\/","title":{"rendered":"Volvo Penta Schlauch f\u00fcr R\u00fcckspiegelschild &#8211; 3883777"},"content":{"rendered":"<p><strong>Geeignet f\u00fcr:<\/strong><br \/>\nVolvo Penta TSK A-32<br \/>\nVolvo Penta TSK A-42<br \/>\nVolvo Penta TSK A-52<br \/>\nVolvo Penta TSK A-AC-32<br \/>\nVolvo Penta TSK A-AC-42<br \/>\nVolvo Penta TSK A-AC-52<br \/>\nVolvo Penta TSK A-OX-32<br \/>\nVolvo Penta TSK A-OX-42<br \/>\nVolvo Penta TSK A-OX-52<br \/>\nVolvo Penta TSK B-32<br \/>\nVolvo Penta TSK B-42<br \/>\nVolvo Penta TSK B-52<br \/>\nVolvo Penta TSK B-AC-32<br \/>\nVolvo Penta TSK B-AC-42<br \/>\nVolvo Penta TSK B-AC-52<br \/>\nVolvo Penta TSK B-OX-32<br \/>\nVolvo Penta TSK B-OX-42<br \/>\nVolvo Penta TSK B-OX-52<br \/>\nVolvo Penta TSK SX-A<br \/>\nVolvo Penta TSK SX-AAC<br \/>\nVolvo Penta TSK SX-AACLT32<br \/>\nVolvo Penta TSK SX-AACLT42<br \/>\nVolvo Penta TSK SX-ALT32<br \/>\nVolvo Penta TSK SX-ALT42<br \/>\nVolvo Penta TSK SX-OXI-AACL<br \/>\nVolvo Penta TSK SX-OXI-ACC<br \/>\nVolvo Penta TSK SX-OXI-ACCL<br \/>\nVolvo Penta TSK-A-42<br \/>\nVolvo Penta TSK-A-AC-32<br \/>\nVolvo Penta TSK-A-AC-42<br \/>\nVolvo Penta TSK-A-AC-52<br \/>\nVolvo Penta TSK-B-AC-42<br \/>\nVolvo Penta TSK-B-AC-52<br \/>\nVolvo Penta TSK-C-32<br \/>\nVolvo Penta TSK-C-42<br \/>\nVolvo Penta TSK-C-52<br \/>\nVolvo Penta TSK-C-AC-32<br \/>\nVolvo Penta TSK-C-AC-42<br \/>\nVolvo Penta TSK-C-AC-52<br \/>\nVolvo Penta TSK-C-OX-32<br \/>\nVolvo Penta TSK-C-OX-42<br \/>\nVolvo Penta TSK-C-OX-52<\/p>\n","protected":false},"excerpt":{"rendered":"<p>Volvo Penta Schlauch f\u00fcr R\u00fcckspiegelschild, entwickelt f\u00fcr den Einsatz in Volvo Penta-Motoren. Dieser langlebige Schlauch sorgt f\u00fcr eine effiziente Funktion des Systems und ist ideal f\u00fcr verschiedene Anwendungen im Motorraum.<\/p>\n","protected":false},"featured_media":430767,"comment_status":"open","ping_status":"closed","template":"","meta":[],"location":[],"product_brand":[25895],"product_cat":[1222,22116,2161,25254],"product_tag":[],"class_list":{"0":"post-392315","1":"product","2":"type-product","3":"status-publish","4":"has-post-thumbnail","6":"product_brand-volvo-penta","7":"product_cat-motorteile","8":"product_cat-teile-nach-marke","9":"product_cat-motorenteile-volvo-penta","10":"product_cat-weitere-volvo-penta-teile","11":"product_shipping_class-paket-0-10-kg","13":"first","14":"instock","15":"sale","16":"taxable","17":"shipping-taxable","18":"purchasable","19":"product-type-simple"},"group_of_quantity":0,"min_quantity":0,"max_quantity":"","exclude_order_quantity_value_rules":"no","exclude_category_quantity_rules":"no","combine_variations":"no","locations":[],"_links":{"self":[{"href":"https:\/\/ab-marineservice.com\/de\/wp-json\/wp\/v2\/product\/392315","targetHints":{"allow":["GET"]}}],"collection":[{"href":"https:\/\/ab-marineservice.com\/de\/wp-json\/wp\/v2\/product"}],"about":[{"href":"https:\/\/ab-marineservice.com\/de\/wp-json\/wp\/v2\/types\/product"}],"replies":[{"embeddable":true,"href":"https:\/\/ab-marineservice.com\/de\/wp-json\/wp\/v2\/comments?post=392315"}],"wp:featuredmedia":[{"embeddable":true,"href":"https:\/\/ab-marineservice.com\/de\/wp-json\/wp\/v2\/media\/430767"}],"wp:attachment":[{"href":"https:\/\/ab-marineservice.com\/de\/wp-json\/wp\/v2\/media?parent=392315"}],"wp:term":[{"taxonomy":"location","embeddable":true,"href":"https:\/\/ab-marineservice.com\/de\/wp-json\/wp\/v2\/location?post=392315"},{"taxonomy":"product_brand","embeddable":true,"href":"https:\/\/ab-marineservice.com\/de\/wp-json\/wp\/v2\/product_brand?post=392315"},{"taxonomy":"product_cat","embeddable":true,"href":"https:\/\/ab-marineservice.com\/de\/wp-json\/wp\/v2\/product_cat?post=392315"},{"taxonomy":"product_tag","embeddable":true,"href":"https:\/\/ab-marineservice.com\/de\/wp-json\/wp\/v2\/product_tag?post=392315"}],"curies":[{"name":"wp","href":"https:\/\/api.w.org\/{rel}","templated":true}]}}