{"id":392326,"date":"2025-09-16T11:25:04","date_gmt":"2025-09-16T09:25:04","guid":{"rendered":"https:\/\/ab-marineservice.com\/product\/volvo-penta-schlauchschelle-961672\/"},"modified":"2026-01-02T11:01:46","modified_gmt":"2026-01-02T10:01:46","slug":"volvo-penta-schlauchschelle-961672","status":"publish","type":"product","link":"https:\/\/ab-marineservice.com\/de\/produkt\/volvo-penta-schlauchschelle-961672\/","title":{"rendered":"Volvo Penta Schlauchschelle &#8211; 961672"},"content":{"rendered":"<p><strong>Produktinfo:<\/strong><br \/>\nSchlauchschellen f\u00fcr 1140664<\/p>\n<p><strong>Geeignet f\u00fcr:<\/strong><br \/>\nVolvo Penta 2001<br \/>\nVolvo Penta 2002<br \/>\nVolvo Penta 2003<br \/>\nVolvo Penta AD31<br \/>\nVolvo Penta AD41<br \/>\nVolvo Penta AQD2<br \/>\nVolvo Penta AQD21<br \/>\nVolvo Penta AQD70<br \/>\nVolvo Penta D1<br \/>\nVolvo Penta D11<br \/>\nVolvo Penta D12<br \/>\nVolvo Penta D16<br \/>\nVolvo Penta D2<br \/>\nVolvo Penta D3<br \/>\nVolvo Penta D4<br \/>\nVolvo Penta D5A<br \/>\nVolvo Penta D6<br \/>\nVolvo Penta D7A<br \/>\nVolvo Penta D7C<br \/>\nVolvo Penta D8<br \/>\nVolvo Penta D9<br \/>\nVolvo Penta HS45AE<br \/>\nVolvo Penta HS63AE<br \/>\nVolvo Penta HS63IVE<br \/>\nVolvo Penta HS80AE<br \/>\nVolvo Penta IPS<br \/>\nVolvo Penta IPS10<br \/>\nVolvo Penta KAD300<br \/>\nVolvo Penta KAD32<br \/>\nVolvo Penta KAD42<br \/>\nVolvo Penta KAD43<br \/>\nVolvo Penta KAD44<br \/>\nVolvo Penta KAMD300<br \/>\nVolvo Penta KAMD42<br \/>\nVolvo Penta KAMD43<br \/>\nVolvo Penta KAMD44<br \/>\nVolvo Penta MD1<br \/>\nVolvo Penta MD11<br \/>\nVolvo Penta MD17<br \/>\nVolvo Penta MD2<br \/>\nVolvo Penta MD3<br \/>\nVolvo Penta MD5<br \/>\nVolvo Penta MD6<br \/>\nVolvo Penta MD7<br \/>\nVolvo Penta MD21<br \/>\nVolvo Penta MD22<br \/>\nVolvo Penta MD31<br \/>\nVolvo Penta MD40<br \/>\nVolvo Penta MD67<br \/>\nVolvo Penta MD70<br \/>\nVolvo Penta TAMD102<br \/>\nVolvo Penta TAMD103<br \/>\nVolvo Penta TAMD121<br \/>\nVolvo Penta TAMD122<br \/>\nVolvo Penta TAMD162<br \/>\nVolvo Penta TAMD163<br \/>\nVolvo Penta TAMD165<br \/>\nVolvo Penta TAMD22<br \/>\nVolvo Penta TAMD31<br \/>\nVolvo Penta TAMD40<br \/>\nVolvo Penta TAMD41<br \/>\nVolvo Penta TAMD60<br \/>\nVolvo Penta TAMD61<br \/>\nVolvo Penta TAMD62<br \/>\nVolvo Penta TAMD63<br \/>\nVolvo Penta TAMD70<br \/>\nVolvo Penta TAMD71<br \/>\nVolvo Penta TAMD72<br \/>\nVolvo Penta TAMD73<br \/>\nVolvo Penta TAMD74<br \/>\nVolvo Penta TAMD75<br \/>\nVolvo Penta TMD121<br \/>\nVolvo Penta TMD122<br \/>\nVolvo Penta TMD22<br \/>\nVolvo Penta TMD31<br \/>\nVolvo Penta TMD41<br \/>\nVolvo Penta TMD70<br \/>\nVolvo Penta 4.3<br \/>\nVolvo Penta 5.7<br \/>\nVolvo Penta 7.4<br \/>\nVolvo Penta 8.2<br \/>\nVolvo Penta 430<br \/>\nVolvo Penta 431<br \/>\nVolvo Penta 432<br \/>\nVolvo Penta 434<br \/>\nVolvo Penta 500<br \/>\nVolvo Penta 501<br \/>\nVolvo Penta 570<br \/>\nVolvo Penta 571<br \/>\nVolvo Penta 572<br \/>\nVolvo Penta 740<br \/>\nVolvo Penta AQ115<br \/>\nVolvo Penta AQ130<br \/>\nVolvo Penta AQ165<br \/>\nVolvo Penta AQ170<br \/>\nVolvo Penta AQ200<br \/>\nVolvo Penta AQ205<br \/>\nVolvo Penta AQ211<br \/>\nVolvo Penta AQ225<br \/>\nVolvo Penta AQ231<br \/>\nVolvo Penta AQ271<br \/>\nVolvo Penta AQ311<br \/>\nVolvo Penta B20<br \/>\nVolvo Penta BB115<br \/>\nVolvo Penta BB140<br \/>\nVolvo Penta BB145<br \/>\nVolvo Penta BB165<br \/>\nVolvo Penta BB170<br \/>\nVolvo Penta BB231<br \/>\nVolvo Penta BB261<br \/>\nVolvo Penta DP-A<br \/>\nVolvo Penta DPH<br \/>\nVolvo Penta DPI<br \/>\nVolvo Penta DPR<br \/>\nVolvo Penta MS10<br \/>\nVolvo Penta MS20<br \/>\nVolvo Penta MS25<br \/>\nVolvo Penta MS5<br \/>\nVolvo Penta SP-C1<br \/>\nVolvo Penta TAD1140<br \/>\nVolvo Penta TAD1150<br \/>\nVolvo Penta TAD1170<br \/>\nVolvo Penta TAD1180<br \/>\nVolvo Penta TAD1371<br \/>\nVolvo Penta TAD1380<br \/>\nVolvo Penta TAD1640<br \/>\nVolvo Penta TAD1641<br \/>\nVolvo Penta TAD1642<br \/>\nVolvo Penta TAD1643<br \/>\nVolvo Penta TAD1650<br \/>\nVolvo Penta TAD1651<br \/>\nVolvo Penta TAD1660<br \/>\nVolvo Penta TAD1662<br \/>\nVolvo Penta TAD1670<br \/>\nVolvo Penta TAD570<br \/>\nVolvo Penta TAD580<br \/>\nVolvo Penta TAD870<br \/>\nVolvo Penta TAD880<br \/>\nVolvo Penta TWD1643<br \/>\nVolvo Penta TWD1644<br \/>\nVolvo Penta TWD1652<br \/>\nVolvo Penta TWD1653<br \/>\nVolvo Penta TWD1663<br \/>\nVolvo Penta TWD1672<br \/>\nVolvo Penta TWD1683<\/p>\n","protected":false},"excerpt":{"rendered":"<p>Volvo Penta Schlauchschelle. Originalteil mit Artikelnummer 961672, entwickelt f\u00fcr eine zuverl\u00e4ssige Befestigung von Schl\u00e4uchen und sorgt f\u00fcr eine gute Abdichtung im System.<\/p>\n","protected":false},"featured_media":415681,"comment_status":"open","ping_status":"closed","template":"","meta":[],"location":[28168],"product_brand":[25895],"product_cat":[1222,22116,2161,25489,25491],"product_tag":[],"class_list":{"0":"post-392326","1":"product","2":"type-product","3":"status-publish","4":"has-post-thumbnail","6":"location-middelzee-motoren","7":"product_brand-volvo-penta","8":"product_cat-motorteile","9":"product_cat-teile-nach-marke","10":"product_cat-motorenteile-volvo-penta","11":"product_cat-volvo-penta-kuehlsystem","12":"product_cat-volvo-penta-auspuff","13":"product_shipping_class-paket-0-10-kg","15":"first","16":"instock","17":"sale","18":"taxable","19":"shipping-taxable","20":"purchasable","21":"product-type-simple"},"group_of_quantity":0,"min_quantity":0,"max_quantity":"","exclude_order_quantity_value_rules":"no","exclude_category_quantity_rules":"no","combine_variations":"no","locations":[{"id":28168,"name":"Middelzee motoren","slug":"middelzee-motoren","quantity":""}],"_links":{"self":[{"href":"https:\/\/ab-marineservice.com\/de\/wp-json\/wp\/v2\/product\/392326","targetHints":{"allow":["GET"]}}],"collection":[{"href":"https:\/\/ab-marineservice.com\/de\/wp-json\/wp\/v2\/product"}],"about":[{"href":"https:\/\/ab-marineservice.com\/de\/wp-json\/wp\/v2\/types\/product"}],"replies":[{"embeddable":true,"href":"https:\/\/ab-marineservice.com\/de\/wp-json\/wp\/v2\/comments?post=392326"}],"wp:featuredmedia":[{"embeddable":true,"href":"https:\/\/ab-marineservice.com\/de\/wp-json\/wp\/v2\/media\/415681"}],"wp:attachment":[{"href":"https:\/\/ab-marineservice.com\/de\/wp-json\/wp\/v2\/media?parent=392326"}],"wp:term":[{"taxonomy":"location","embeddable":true,"href":"https:\/\/ab-marineservice.com\/de\/wp-json\/wp\/v2\/location?post=392326"},{"taxonomy":"product_brand","embeddable":true,"href":"https:\/\/ab-marineservice.com\/de\/wp-json\/wp\/v2\/product_brand?post=392326"},{"taxonomy":"product_cat","embeddable":true,"href":"https:\/\/ab-marineservice.com\/de\/wp-json\/wp\/v2\/product_cat?post=392326"},{"taxonomy":"product_tag","embeddable":true,"href":"https:\/\/ab-marineservice.com\/de\/wp-json\/wp\/v2\/product_tag?post=392326"}],"curies":[{"name":"wp","href":"https:\/\/api.w.org\/{rel}","templated":true}]}}