{"id":392336,"date":"2025-09-16T11:25:49","date_gmt":"2025-09-16T09:25:49","guid":{"rendered":"https:\/\/ab-marineservice.com\/product\/volvo-penta-schlauchsatz-21481309\/"},"modified":"2026-01-05T17:41:00","modified_gmt":"2026-01-05T16:41:00","slug":"volvo-penta-schlauchsatz-21481309","status":"publish","type":"product","link":"https:\/\/ab-marineservice.com\/de\/produkt\/volvo-penta-schlauchsatz-21481309\/","title":{"rendered":"Volvo Penta Schlauchkit f\u00fcr Trimmsystem &#8211; 21481309"},"content":{"rendered":"<p><strong>Geeignet f\u00fcr:<\/strong><br \/>\nVolvo Penta DPS<br \/>\nVolvo Penta SX<br \/>\nVolvo Penta TSK A<br \/>\nVolvo Penta TSK B<br \/>\nVolvo Penta TSK C<\/p>\n","protected":false},"excerpt":{"rendered":"<p>Volvo Penta Schlauchkit f\u00fcr Trimmsystem. Originalteil mit der Artikelnummer 21481309, enth\u00e4lt alle notwendigen Schl\u00e4uche f\u00fcr das Trimmsystem, sorgt f\u00fcr einen zuverl\u00e4ssigen Betrieb und eine effiziente Fl\u00fcssigkeitsabfuhr.<\/p>\n","protected":false},"featured_media":418834,"comment_status":"open","ping_status":"closed","template":"","meta":[],"location":[],"product_brand":[25895],"product_cat":[1222,22116,2161,25254],"product_tag":[],"class_list":{"0":"post-392336","1":"product","2":"type-product","3":"status-publish","4":"has-post-thumbnail","6":"product_brand-volvo-penta","7":"product_cat-motorteile","8":"product_cat-teile-nach-marke","9":"product_cat-motorenteile-volvo-penta","10":"product_cat-weitere-volvo-penta-teile","11":"product_shipping_class-paket-0-10-kg","13":"first","14":"instock","15":"sale","16":"taxable","17":"shipping-taxable","18":"purchasable","19":"product-type-simple"},"group_of_quantity":0,"min_quantity":0,"max_quantity":"","exclude_order_quantity_value_rules":"no","exclude_category_quantity_rules":"no","combine_variations":"no","locations":[],"_links":{"self":[{"href":"https:\/\/ab-marineservice.com\/de\/wp-json\/wp\/v2\/product\/392336","targetHints":{"allow":["GET"]}}],"collection":[{"href":"https:\/\/ab-marineservice.com\/de\/wp-json\/wp\/v2\/product"}],"about":[{"href":"https:\/\/ab-marineservice.com\/de\/wp-json\/wp\/v2\/types\/product"}],"replies":[{"embeddable":true,"href":"https:\/\/ab-marineservice.com\/de\/wp-json\/wp\/v2\/comments?post=392336"}],"wp:featuredmedia":[{"embeddable":true,"href":"https:\/\/ab-marineservice.com\/de\/wp-json\/wp\/v2\/media\/418834"}],"wp:attachment":[{"href":"https:\/\/ab-marineservice.com\/de\/wp-json\/wp\/v2\/media?parent=392336"}],"wp:term":[{"taxonomy":"location","embeddable":true,"href":"https:\/\/ab-marineservice.com\/de\/wp-json\/wp\/v2\/location?post=392336"},{"taxonomy":"product_brand","embeddable":true,"href":"https:\/\/ab-marineservice.com\/de\/wp-json\/wp\/v2\/product_brand?post=392336"},{"taxonomy":"product_cat","embeddable":true,"href":"https:\/\/ab-marineservice.com\/de\/wp-json\/wp\/v2\/product_cat?post=392336"},{"taxonomy":"product_tag","embeddable":true,"href":"https:\/\/ab-marineservice.com\/de\/wp-json\/wp\/v2\/product_tag?post=392336"}],"curies":[{"name":"wp","href":"https:\/\/api.w.org\/{rel}","templated":true}]}}