{"id":392348,"date":"2025-09-16T11:26:38","date_gmt":"2025-09-16T09:26:38","guid":{"rendered":"https:\/\/ab-marineservice.com\/product\/volvo-penta-nabensatz-21630722\/"},"modified":"2026-05-02T11:32:00","modified_gmt":"2026-05-02T09:32:00","slug":"volvo-penta-nabensatz-21630722","status":"publish","type":"product","link":"https:\/\/ab-marineservice.com\/de\/produkt\/volvo-penta-nabensatz-21630722\/","title":{"rendered":"Volvo Penta Nabensatz f\u00fcr 2-Fl\u00fcgel-Faltpropeller f\u00fcr 5\u201340 PS \u2013 21630722"},"content":{"rendered":"<p><strong>Produktinfo:<\/strong><br \/>\nNabensatz f\u00fcr metrische Standardwelle (1:10 Kegel), 30 mm Welle (8 mm Passfeder)<\/p>\n<p>Entwickelt f\u00fcr Motoren von 5 bis 40 PS. Erh\u00e4ltlich in mehreren Gr\u00f6\u00dfen und Steigungen f\u00fcr S-Antriebe und Wellen. Hergestellt aus einer extrem starken und langlebigen Nibral-Legierung (Nickel-Bronze-Aluminium).<br \/>\n\u2022 Starker Schub, auch r\u00fcckw\u00e4rts, dank patentierter Blattgeometrie<br \/>\n\u2022 Ruhiger, ger\u00e4uscharmer Betrieb mit minimalen Vibrationen<br \/>\n\u2022 Sicheres \u00d6ffnen mit schneller Reaktion im Vorw\u00e4rts- und R\u00fcckw\u00e4rtsgang<br \/>\n\u2022 Gummibuchse und galvanische Isolierung (Naben f\u00fcr S-Antriebe)<\/p>\n<p><strong>Achtung!<\/strong> F\u00fcr einen vollst\u00e4ndigen Propeller bitte einen Blattsatz und einen Nabensatz bestellen.<\/p>\n<p><strong>Der Nabensatz enth\u00e4lt:<\/strong><br \/>\nZinkanoden, Schraubensicherung und Installationshardware. Pr\u00fcfen Sie die Details der Installationshardware separat unter \u201eInstallationshardware Faltpropeller mit 2 Fl\u00fcgeln f\u00fcr 5\u201340 PS, S-Antrieb und Wellen\u201c.<\/p>\n<p><strong>Geeignet f\u00fcr:<\/strong><br \/>\nVolvo Penta D1<br \/>\nVolvo Penta D2<\/p>\n","protected":false},"excerpt":{"rendered":"<p>Volvo Penta D1\/D2 Nabenkit 21630722 ist ein Nabenkit f\u00fcr klappbare 2\u2011bl\u00e4ttrige Propeller, speziell f\u00fcr Segelboote mit einer metrischen Standardwelle (1:10 Kegel) von 30 mm und einer Leistung von 5\u201340 PS entwickelt. Dieses robuste Set aus langlebiger Nibral (Nickel-Bronze-Aluminium) Legierung bietet starke Schubkraft, auch r\u00fcckw\u00e4rts, und sorgt f\u00fcr einen sanften, ger\u00e4uscharmen Betrieb mit minimalen Vibrationen. Das Set enth\u00e4lt Zinkanoden, Sperrfl\u00fcssigkeit und Installationshardware, damit du den Klapppropeller korrekt montieren und vor Korrosion sch\u00fctzen kannst.<\/p>\n<h4>Hauptmerkmale und Vorteile:<\/h4>\n<p><strong>Geeignet f\u00fcr 5\u201340 PS Motoren:<\/strong> Entwickelt f\u00fcr Volvo Penta D1 und D2 Motoren mit metrischer Standardwelle (30 mm, Keil 8 mm).<br \/>\n<strong>Langlebige Nibral-Legierung:<\/strong> Starke und zuverl\u00e4ssige Materialwahl f\u00fcr eine lange Lebensdauer in maritimen Umgebungen.<br \/>\n<strong>Patentiertes Blattdesign:<\/strong> Bietet starke Schubkraft in Vorw\u00e4rts- und R\u00fcckw\u00e4rtsfahrt mit sanftem Betrieb.<br \/>\n<strong>Gummibuchse und galvanische Isolierung:<\/strong> Verhindert galvanische Korrosion bei S-Antrieben und Wellen.<\/p>\n","protected":false},"featured_media":413353,"comment_status":"open","ping_status":"closed","template":"","meta":[],"location":[],"product_brand":[25895],"product_cat":[1222,22116,2161,25516],"product_tag":[],"class_list":{"0":"post-392348","1":"product","2":"type-product","3":"status-publish","4":"has-post-thumbnail","6":"product_brand-volvo-penta","7":"product_cat-motorteile","8":"product_cat-teile-nach-marke","9":"product_cat-motorenteile-volvo-penta","10":"product_cat-volvo-penta-klappschrauben-fuer-saildrive-und-welle","11":"product_shipping_class-paket-0-10-kg","13":"first","14":"instock","15":"sale","16":"taxable","17":"shipping-taxable","18":"purchasable","19":"product-type-simple"},"group_of_quantity":0,"min_quantity":0,"max_quantity":"","exclude_order_quantity_value_rules":"no","exclude_category_quantity_rules":"no","combine_variations":"no","locations":[],"_links":{"self":[{"href":"https:\/\/ab-marineservice.com\/de\/wp-json\/wp\/v2\/product\/392348","targetHints":{"allow":["GET"]}}],"collection":[{"href":"https:\/\/ab-marineservice.com\/de\/wp-json\/wp\/v2\/product"}],"about":[{"href":"https:\/\/ab-marineservice.com\/de\/wp-json\/wp\/v2\/types\/product"}],"replies":[{"embeddable":true,"href":"https:\/\/ab-marineservice.com\/de\/wp-json\/wp\/v2\/comments?post=392348"}],"wp:featuredmedia":[{"embeddable":true,"href":"https:\/\/ab-marineservice.com\/de\/wp-json\/wp\/v2\/media\/413353"}],"wp:attachment":[{"href":"https:\/\/ab-marineservice.com\/de\/wp-json\/wp\/v2\/media?parent=392348"}],"wp:term":[{"taxonomy":"location","embeddable":true,"href":"https:\/\/ab-marineservice.com\/de\/wp-json\/wp\/v2\/location?post=392348"},{"taxonomy":"product_brand","embeddable":true,"href":"https:\/\/ab-marineservice.com\/de\/wp-json\/wp\/v2\/product_brand?post=392348"},{"taxonomy":"product_cat","embeddable":true,"href":"https:\/\/ab-marineservice.com\/de\/wp-json\/wp\/v2\/product_cat?post=392348"},{"taxonomy":"product_tag","embeddable":true,"href":"https:\/\/ab-marineservice.com\/de\/wp-json\/wp\/v2\/product_tag?post=392348"}],"curies":[{"name":"wp","href":"https:\/\/api.w.org\/{rel}","templated":true}]}}