{"id":392350,"date":"2025-09-16T11:27:20","date_gmt":"2025-09-16T09:27:20","guid":{"rendered":"https:\/\/ab-marineservice.com\/product\/volvo-penta-nabensatz-3858955\/"},"modified":"2026-05-02T11:31:27","modified_gmt":"2026-05-02T09:31:27","slug":"volvo-penta-nabensatz-3858955","status":"publish","type":"product","link":"https:\/\/ab-marineservice.com\/de\/produkt\/volvo-penta-nabensatz-3858955\/","title":{"rendered":"Volvo Penta Nabensatz f\u00fcr 3-Fl\u00fcgel-Faltpropeller f\u00fcr 20\u201360 PS &#8211; 3858955"},"content":{"rendered":"<p><strong>Produktinfo:<\/strong><br \/>\nEntwickelt f\u00fcr Motoren von 20 bis 60 PS. Erh\u00e4ltlich in mehreren Gr\u00f6\u00dfen und Steigungen f\u00fcr S-Antriebe und Wellen. Hergestellt aus einer extrem starken und langlebigen Nibral-Legierung (Nickel-Bronze-Aluminium).<br \/>\n\u2022 Starker Schub, auch r\u00fcckw\u00e4rts, dank patentierter Blattgeometrie<br \/>\n\u2022 Ruhiger, ger\u00e4uscharmer Betrieb mit minimalen Vibrationen<br \/>\n\u2022 Sicheres \u00d6ffnen mit schneller Reaktion im Vorw\u00e4rts- und R\u00fcckw\u00e4rtsgang<br \/>\n\u2022 Gummibuchse und galvanische Isolierung (Naben f\u00fcr S-Antriebe)<\/p>\n<p><strong>Achtung!<\/strong> F\u00fcr einen vollst\u00e4ndigen Propeller bitte einen Blattsatz und einen Nabensatz bestellen.<\/p>\n<p><strong>Der Nabensatz enth\u00e4lt:<\/strong><br \/>\nZinkanoden, Schraubensicherung und Installationshardware. Pr\u00fcfen Sie die Details der Installationshardware separat unter \u201eInstallationshardware Faltpropeller mit 3 Fl\u00fcgeln f\u00fcr 20\u201360 PS, S-Antrieb und Wellen\u201c.<\/p>\n<p><strong>Geeignet f\u00fcr:<\/strong><br \/>\nVolvo Penta MD2010<br \/>\nVolvo Penta MD2020<br \/>\nVolvo Penta MD2030<br \/>\nVolvo Penta MD2040<br \/>\nVolvo Penta 130S<br \/>\nVolvo Penta 130SR<br \/>\nVolvo Penta 150S<br \/>\nVolvo Penta MS10<br \/>\nVolvo Penta MS15<br \/>\nVolvo Penta MS25<\/p>\n","protected":false},"excerpt":{"rendered":"<p>Volvo Penta Nabenkit 3858955 ist ein originales Nabenkit f\u00fcr klappbare 3-Blatt-Propeller, entwickelt f\u00fcr Motoren von 20 bis 60 PS und geeignet f\u00fcr sowohl S-Antriebe als auch Wellenantriebe. Dieses Nabenkit ist unerl\u00e4sslich f\u00fcr die korrekte Montage der Propellerbl\u00e4tter auf der Antriebswelle und sorgt f\u00fcr eine sichere, zuverl\u00e4ssige Verbindung zwischen den Bl\u00e4ttern und dem Antrieb. Das Kit enth\u00e4lt Zinkanoden, Sperrfl\u00fcssigkeit und Installationshardware, um eine feste Befestigung und galvanischen Schutz zu gew\u00e4hrleisten. Ohne ein korrektes Nabenkit k\u00f6nnen die Bl\u00e4tter nicht richtig befestigt werden, was zu Vibrationen, verminderter Schubkraft oder Sch\u00e4den an der Antriebseinheit f\u00fchren kann.<\/p>\n<p>Hauptmerkmale und Vorteile:<\/p>\n<p><strong>Robuste Nibral-Konstruktion:<\/strong> Extrem starke und langlebige Nickel-Bronze-Aluminium-Legierung f\u00fcr langanhaltende Leistung.<br \/>\n<strong>Sichere Montage:<\/strong> Beinhaltet Zinkanoden, Sperrfl\u00fcssigkeit und Installationshardware f\u00fcr eine zuverl\u00e4ssige Befestigung.<br \/>\n<strong>Patentierte Geometrie:<\/strong> Sorgt f\u00fcr starke Schubkraft und ruhigen Betrieb, auch r\u00fcckw\u00e4rts.<br \/>\nKompatibel und ersetzt: Geeignet f\u00fcr Saildrive und Wellen.<\/p>\n","protected":false},"featured_media":415528,"comment_status":"open","ping_status":"closed","template":"","meta":[],"location":[28168],"product_brand":[25895],"product_cat":[1222,22116,2161,25516],"product_tag":[],"class_list":{"0":"post-392350","1":"product","2":"type-product","3":"status-publish","4":"has-post-thumbnail","6":"location-middelzee-motoren","7":"product_brand-volvo-penta","8":"product_cat-motorteile","9":"product_cat-teile-nach-marke","10":"product_cat-motorenteile-volvo-penta","11":"product_cat-volvo-penta-klappschrauben-fuer-saildrive-und-welle","12":"product_shipping_class-paket-0-10-kg","14":"first","15":"instock","16":"sale","17":"taxable","18":"shipping-taxable","19":"purchasable","20":"product-type-simple"},"group_of_quantity":0,"min_quantity":0,"max_quantity":"","exclude_order_quantity_value_rules":"no","exclude_category_quantity_rules":"no","combine_variations":"no","locations":[{"id":28168,"name":"Middelzee motoren","slug":"middelzee-motoren","quantity":""}],"_links":{"self":[{"href":"https:\/\/ab-marineservice.com\/de\/wp-json\/wp\/v2\/product\/392350","targetHints":{"allow":["GET"]}}],"collection":[{"href":"https:\/\/ab-marineservice.com\/de\/wp-json\/wp\/v2\/product"}],"about":[{"href":"https:\/\/ab-marineservice.com\/de\/wp-json\/wp\/v2\/types\/product"}],"replies":[{"embeddable":true,"href":"https:\/\/ab-marineservice.com\/de\/wp-json\/wp\/v2\/comments?post=392350"}],"wp:featuredmedia":[{"embeddable":true,"href":"https:\/\/ab-marineservice.com\/de\/wp-json\/wp\/v2\/media\/415528"}],"wp:attachment":[{"href":"https:\/\/ab-marineservice.com\/de\/wp-json\/wp\/v2\/media?parent=392350"}],"wp:term":[{"taxonomy":"location","embeddable":true,"href":"https:\/\/ab-marineservice.com\/de\/wp-json\/wp\/v2\/location?post=392350"},{"taxonomy":"product_brand","embeddable":true,"href":"https:\/\/ab-marineservice.com\/de\/wp-json\/wp\/v2\/product_brand?post=392350"},{"taxonomy":"product_cat","embeddable":true,"href":"https:\/\/ab-marineservice.com\/de\/wp-json\/wp\/v2\/product_cat?post=392350"},{"taxonomy":"product_tag","embeddable":true,"href":"https:\/\/ab-marineservice.com\/de\/wp-json\/wp\/v2\/product_tag?post=392350"}],"curies":[{"name":"wp","href":"https:\/\/api.w.org\/{rel}","templated":true}]}}