{"id":392361,"date":"2025-09-16T11:28:04","date_gmt":"2025-09-16T09:28:04","guid":{"rendered":"https:\/\/ab-marineservice.com\/product\/volvo-penta-impellersatz-21951360\/"},"modified":"2026-04-13T19:17:13","modified_gmt":"2026-04-13T17:17:13","slug":"volvo-penta-impellersatz-21951360","status":"publish","type":"product","link":"https:\/\/ab-marineservice.com\/de\/produkt\/volvo-penta-impellersatz-21951360\/","title":{"rendered":"Volvo Penta Impellersatz &#8211; 21951360"},"content":{"rendered":"<p><strong>Geeignet f\u00fcr:<\/strong><br \/>\nVolvo Penta AD40<br \/>\nVolvo Penta AQAD40<br \/>\nVolvo Penta AQD40<br \/>\nVolvo Penta AQD70<br \/>\nVolvo Penta MD100<br \/>\nVolvo Penta MD120<br \/>\nVolvo Penta MD40<br \/>\nVolvo Penta TAMD120<br \/>\nVolvo Penta TAMD40<br \/>\nVolvo Penta TAMD61<br \/>\nVolvo Penta TAMD62<br \/>\nVolvo Penta TAMD63<br \/>\nVolvo Penta TAMD70<br \/>\nVolvo Penta TAMD71<br \/>\nVolvo Penta TAMD72<br \/>\nVolvo Penta TAMD73<br \/>\nVolvo Penta TAMD74<br \/>\nVolvo Penta TAMD75<br \/>\nVolvo Penta TMD100<br \/>\nVolvo Penta TMD120<br \/>\nVolvo Penta TMD40<\/p>\n","protected":false},"excerpt":{"rendered":"<p>Volvo Penta Impeller-Kit 21951360 ist ein originales Impeller-Kit, das die Zirkulation von Au\u00dfenwasser durch das K\u00fchlsystem verschiedener Volvo Penta Dieselmotoren sicherstellt. Ein einwandfrei funktionierender Impeller verhindert \u00dcberhitzung und sorgt daf\u00fcr, dass der Motor auf der richtigen Betriebstemperatur bleibt. Regelm\u00e4\u00dfiger Austausch verhindert K\u00fchlprobleme und sch\u00fctzt den Motor vor Sch\u00e4den.<\/p>\n<h4>Wichtige Merkmale und Vorteile:<\/h4>\n<p><strong>Effiziente K\u00fchlwasserzirkulation:<\/strong> Sorgt f\u00fcr eine konstante Durchstr\u00f6mung von Au\u00dfenwasser durch das K\u00fchlsystem.<br \/>\n<strong>Verhindert \u00dcberhitzung:<\/strong> H\u00e4lt den Motor auf einer sicheren Betriebstemperatur.<br \/>\n<strong>Komplettes Kit:<\/strong> Enth\u00e4lt alle notwendigen Teile f\u00fcr den Austausch des Impellers.<br \/>\n<strong>Wichtiges Wartungsteil:<\/strong> Verl\u00e4ngert die Lebensdauer von Motor und K\u00fchlsystem.<\/p>\n","protected":false},"featured_media":415045,"comment_status":"open","ping_status":"closed","template":"","meta":[],"location":[],"product_brand":[25895],"product_cat":[1222,22116,2161,25272],"product_tag":[],"class_list":{"0":"post-392361","1":"product","2":"type-product","3":"status-publish","4":"has-post-thumbnail","6":"product_brand-volvo-penta","7":"product_cat-motorteile","8":"product_cat-teile-nach-marke","9":"product_cat-motorenteile-volvo-penta","10":"product_cat-volvo-penta-md40-tmd40-tamd40-aqd40-aqad40","11":"product_shipping_class-paket-0-10-kg","13":"first","14":"instock","15":"sale","16":"taxable","17":"shipping-taxable","18":"purchasable","19":"product-type-simple"},"group_of_quantity":0,"min_quantity":0,"max_quantity":"","exclude_order_quantity_value_rules":"no","exclude_category_quantity_rules":"no","combine_variations":"no","locations":[{"id":28168,"name":"Middelzee motoren","slug":"middelzee-motoren","quantity":""}],"_links":{"self":[{"href":"https:\/\/ab-marineservice.com\/de\/wp-json\/wp\/v2\/product\/392361","targetHints":{"allow":["GET"]}}],"collection":[{"href":"https:\/\/ab-marineservice.com\/de\/wp-json\/wp\/v2\/product"}],"about":[{"href":"https:\/\/ab-marineservice.com\/de\/wp-json\/wp\/v2\/types\/product"}],"replies":[{"embeddable":true,"href":"https:\/\/ab-marineservice.com\/de\/wp-json\/wp\/v2\/comments?post=392361"}],"wp:featuredmedia":[{"embeddable":true,"href":"https:\/\/ab-marineservice.com\/de\/wp-json\/wp\/v2\/media\/415045"}],"wp:attachment":[{"href":"https:\/\/ab-marineservice.com\/de\/wp-json\/wp\/v2\/media?parent=392361"}],"wp:term":[{"taxonomy":"location","embeddable":true,"href":"https:\/\/ab-marineservice.com\/de\/wp-json\/wp\/v2\/location?post=392361"},{"taxonomy":"product_brand","embeddable":true,"href":"https:\/\/ab-marineservice.com\/de\/wp-json\/wp\/v2\/product_brand?post=392361"},{"taxonomy":"product_cat","embeddable":true,"href":"https:\/\/ab-marineservice.com\/de\/wp-json\/wp\/v2\/product_cat?post=392361"},{"taxonomy":"product_tag","embeddable":true,"href":"https:\/\/ab-marineservice.com\/de\/wp-json\/wp\/v2\/product_tag?post=392361"}],"curies":[{"name":"wp","href":"https:\/\/api.w.org\/{rel}","templated":true}]}}